{"id":9665,"date":"2020-10-30T17:49:24","date_gmt":"2020-10-30T16:49:24","guid":{"rendered":"https:\/\/www.synecom.it\/synecom-per-lambiente\/"},"modified":"2025-02-28T17:02:20","modified_gmt":"2025-02-28T16:02:20","slug":"synecom-per-lambiente","status":"publish","type":"page","link":"https:\/\/www.synecom.it\/de\/synecom-per-lambiente\/","title":{"rendered":"Umwelt"},"content":{"rendered":"\n<div id=\"hero-block_c112e7de83b93c8e80fe10f3f02ea6ee\" class=\"hero\">\n        <header class=\"header-yellow-right\">\n        <div class=\"mask-yellow\" data-scroll-mask=\"right\"><\/div>\n        <div class=\"container-fluid px-0 d-flex align-items-center\">\n            <div class=\"row\">\n                <div class=\"col-lg-6 col-image\">\n                    <img decoding=\"async\" src=\"https:\/\/www.synecom.it\/wp-content\/uploads\/2020\/11\/impegno-mondo-2-2.jpg\" class=\"img-fluid\" alt=\"\" data-scroll=\"left\">\n                <\/div>\n                <div class=\"col-lg-5 d-flex align-items-center py-md-5\">\n                    <div class=\"row py-md-5\">\n                        <div class=\"col-11 offset-1\">\n                                                        <h2 data-scroll-text=\"chars\">Umwelt<\/h2>\n                                                        <h1 data-scroll-text=\"chars\">Heute haben wir ein Problem mit SF<sub>6<\/sub>-Gas und werden es f\u00fcr die n\u00e4chsten 40 Jahre weiterhin haben<\/h1>\n                                                                                <\/div>\n                    <\/div>\n                <\/div>\n                <a href=\"javascript:void(0);\" data-scroll style=\"color:black\"><span class=\"text-uppercase left\">Scroll<\/span><\/a>\n            <\/div>\n        <\/div>\n    <\/header>\n    <\/div>\n\n\n<section class=\"servizi background-white m-padding-y\">\n    <div class=\"container-fluid\">\n        <div class=\"row \">\n                        <div class=\"col-lg-10 offset-lg-1\">\n                                \n                <div class=\"row set-height px-0 align-items-center row-reverse\">\n                    <div class=\"col-lg-4\"  data-scroll='left'>\n                        <span data-scroll-text>Nachhaltige L\u00f6sungen<\/span>\n                        <h2 data-scroll-text class=\"m-margin-y\">Alternative Gase<\/h2>\n                        <p data-scroll-paragraph>Die GWP (Global Warming Potential) von Gas SF<sub>6<\/sub> ist 23.900 so viel wie die CO2 (Quelle IPCC).<br>\r\nDas bedeutet, dass Schwefelhexafluorid eine Gefahr f\u00fcr die Umwelt darstellt!<br><br>\r\nAber welche Alternativen haben wir?<br>\r\n\r\n<b>Sind alternative Gase die L\u00f6sung?<\/b> <br>\r\nSind Sie nachhaltig? <br>\r\nSind Sie in der heutigen Welt andwendbar? <br><br>\r\n\r\n<b>Heute und f\u00fcr die n\u00e4chsten 40 Jahren\u2026 was ist wirklich nachhaltig?<\/b> <br>\r\nWirtschaftlich <br>\r\n\u00d6kologisch <br>\r\nSozial <br><br>\r\n\r\nIn der Tat, <br>\r\n<b>Regeneriertes SF<sub>6<\/sub>-Gas ist die einzige langfristige L\u00f6sung<sup>3<\/sup><\/b> <br>\r\nM\u00f6chten Sie wissen, warum? Lesen Sie weiter unten:<\/p>\n                    <\/div>\n                    <div class=\"col-lg-6 offset-lg-2 col-figure\" data-scroll='right'>\n                        <img decoding=\"async\" src=\"https:\/\/www.synecom.it\/wp-content\/uploads\/2020\/11\/pexels-singkham-1108572-min-1.jpg\" class=\"img-fluid\" alt=\"\">\n                                            <\/div>\n                <\/div>\n                            <\/div>\n                    <\/div>\n    <\/div>\n<\/section>\n\n\n<section class=\"m-padding-b formazione\">\n    <div class=\"container-fluid pr-lg-0\">\n        <div class=\"row align-items-center\">\n            <div class=\"col-lg-6 px-0 position-relative d-lg-flex overflow-hidden\" data-scroll=\"left\">\n                                <img decoding=\"async\" src=\"https:\/\/www.synecom.it\/wp-content\/uploads\/2020\/11\/pexels-alena-koval-886521.png\" class=\"img-custom\" alt=\"\">\n                <div class=\"button-rotated\">\n                                        <a href=\"https:\/\/www.synecom.it\/de\/rigenerazione\/\" class=\"d-flex justify-content-around align-items-center text-uppercase  btn btn-yellow large-btn w-50 hover-opacity\">Erfahren Sie mehr: Regeneration \n                        <svg class=\"arrow-btn\" version=\"1.1\" id=\"Livello_1\" xmlns=\"http:\/\/www.w3.org\/2000\/svg\" xmlns:xlink=\"http:\/\/www.w3.org\/1999\/xlink\" x=\"0px\" y=\"0px\"\n                            viewBox=\"0 0 42 26\" style=\"enable-background:new 0 0 42 26;\" xml:space=\"preserve\">\n                            <path d=\"M29.2,0.1l-1.4,1.4l10.1,9.7H0v2h38.1L27.6,24.5l1.6,1.4L42,12.3L29.2,0.1z\"\/>\n                        <\/svg>\n                    <\/a>\n                <\/div>\n            <\/div>\n            <div class=\"col-lg-6 m-padding-x formazione-content d-flex flex-wrap align-items-center\">\n                <div class=\"w-100\" data-scroll=\"right\">\n                    <span data-scroll-text>Regeneration<\/span>\n                    <h2 class=\"my-5\" data-scroll-text>Was ist die Regeneration by Synecom und welche sind seine Vorteile?<\/h2>\n                    <p data-scroll-paragraph>Rund 450.000 Tonnen SF<sub>6<\/sub>-Gas werden weltweit in Hoch- und Mittelspannungsausr\u00fcstungen installiert. <br>\r\nWarum m\u00fcssen wir sie immer wieder produzieren? Warum nicht das schon Existierende erneuern? <br><br>\r\n\r\n Die Regeneration des SF<sub>6<\/sub>-Gas ist ein industrieller Prozess, der die <b>Lebenszyklus des SF<sub>6<\/sub>-Gases verl\u00e4ngert<\/b>, und zu einem zus\u00e4tzlichen wirtschaftlichen und \u00f6kologischen Wert beitr\u00e4gt.<br><br>\r\nSeine Vorteile sind:<br>\r\n\u2022 Der gesamte Prozess ist molekulardicht: <b>keine Emissionen <\/b><br>\r\n\u2022 Das regenerierte Gas hat eine <b> bessere Qualit\u00e4t als die erforderliche IEC 60376<\/b> &gt; 3.7 oder 4.0 N <br>\r\n\u2022 Vermeiden Sie die Entsorgung von SF<sub>6<\/sub>-Gas gem\u00e4\u00df der <b> Philosophie der Kreislaufwirtschaft und Nachhaltigkeit<sup>3<\/sup><\/b><br>\r\n\u2022 Recycling von SF<sub>6<\/sub>-Gas bei zu viel Kontamination ist nicht m\u00f6glich: Regeneration <b> beginnt dort, wo Recycling nicht mehr m\u00f6glich ist<\/b><br>\r\n\u2022Synecom ist nach ISO 14001 f\u00fcr die Regeneration zertifiziert: <b> Der Regenerationsprozess ist zertifiziert <\/b><\/p>\n                <\/div>\n            <\/div>\n        <\/div>\n        <!-- <div class=\"row my-5\">\n            <div class=\"col d-flex justify-content-end m-padding-x \">\n                <div class=\"button rounded\">\n                    <a href=\"tel:\" class=\"btn btn-yellow\">\n                        <img decoding=\"async\" src=\"https:\/\/www.synecom.it\/wp-content\/uploads\/2020\/10\/phone.png\" alt=\"\">\n                                            <\/a>\n                <\/div>\n            <\/div>\n        <\/div> -->\n    <\/div>\n<\/section>\n\n\n<section class=\"servizi background-white m-padding-y\">\n    <div class=\"container-fluid\">\n        <div class=\"row \">\n                        <div class=\"col-lg-10 offset-lg-1\">\n                                \n                <div class=\"row set-height px-0 align-items-center row-reverse\">\n                    <div class=\"col-lg-4\"  data-scroll='left'>\n                        <span data-scroll-text>Integrated SF6 Regeneration Cycle<\/span>\n                        <h2 data-scroll-text class=\"m-margin-y\">Warum sich Synecom auf Integrated SF<sub>6<\/sub>Regeneration Cycle kozentriert<\/h2>\n                        <p data-scroll-paragraph>Seit 2014 besch\u00e4ftigen wir von Regeneration des SF<sub>6<\/sub>-Gas und wir sind <b>die erste Realit\u00e4t in Italien und eine der ersten in Europa<\/b>, die diese wirkliche T\u00e4tigkeit im Blick der Konzepte der gr\u00fcnen Wirtschaft und der Kreislaufwirtschaft aus\u00fcbt. <br><br>\r\nDank dieses speziellen <b>kryogenen Prozess mit molekularer Dichtung<\/b> ist es m\u00f6glich, Schwefelhexafluorid zu regenerieren und es von anderen Chemikalien zu trennen. Auf diese Weise werden die Emissionen von CO2 minimiert und gleichzeitig Schwefelhexafluorid mit einer Reinheit von neuem oder h\u00f6her erreicht. <br><br>\r\n<\/p>\n                    <\/div>\n                    <div class=\"col-lg-6 offset-lg-2 col-figure\" data-scroll='right'>\n                        <img decoding=\"async\" src=\"https:\/\/www.synecom.it\/wp-content\/uploads\/2023\/02\/Schema-ciclo-integrato-TEDESCO-2.png\" class=\"img-fluid\" alt=\"\">\n                                                <a href=\"http:\/\/www.synecom.it\/de\/rigenerazione\/\" class=\"btn-yellow btn hover-opacity text-uppercase\">\n                            Erfahren Sie mehr: Regeneration                            <img decoding=\"async\" src=\"https:\/\/www.synecom.it\/wp-content\/uploads\/2020\/10\/arrow.png\" alt=\"\">\n                        <\/a>\n                                            <\/div>\n                <\/div>\n                            <\/div>\n                    <\/div>\n    <\/div>\n<\/section>\n\n\n<section class=\"m-padding-y counter-section background-yellow\">\n    <div class=\"container-fluid\">\n        <div class=\"row justify-content-center\">\n                            <div class=\"col-sm-12 text-center counter-content\">\n                    <div class=\"row justify-content-center\">\n                        <div class=\"col-md-9\">\n                            <p>Synecom: Pioniere bei der Reduzierung der Produktion von neuem SF6 und der F\u00f6rderung der Wiederaufbereitung f\u00fcr ein nachhaltigeres Stromnetz.<\/p>\n                        <\/div>\n                    <\/div>\n                <\/div>\n                                <\/div>\n    <\/div>\n<\/section>\n\n\n\n\n\n<p><\/p>\n","protected":false},"excerpt":{"rendered":"","protected":false},"author":1,"featured_media":0,"parent":0,"menu_order":0,"comment_status":"closed","ping_status":"closed","template":"template-synecom.php","meta":{"_acf_changed":false,"footnotes":""},"class_list":["post-9665","page","type-page","status-publish","hentry"],"acf":[],"_links":{"self":[{"href":"https:\/\/www.synecom.it\/de\/wp-json\/wp\/v2\/pages\/9665","targetHints":{"allow":["GET"]}}],"collection":[{"href":"https:\/\/www.synecom.it\/de\/wp-json\/wp\/v2\/pages"}],"about":[{"href":"https:\/\/www.synecom.it\/de\/wp-json\/wp\/v2\/types\/page"}],"author":[{"embeddable":true,"href":"https:\/\/www.synecom.it\/de\/wp-json\/wp\/v2\/users\/1"}],"replies":[{"embeddable":true,"href":"https:\/\/www.synecom.it\/de\/wp-json\/wp\/v2\/comments?post=9665"}],"version-history":[{"count":28,"href":"https:\/\/www.synecom.it\/de\/wp-json\/wp\/v2\/pages\/9665\/revisions"}],"predecessor-version":[{"id":22222,"href":"https:\/\/www.synecom.it\/de\/wp-json\/wp\/v2\/pages\/9665\/revisions\/22222"}],"wp:attachment":[{"href":"https:\/\/www.synecom.it\/de\/wp-json\/wp\/v2\/media?parent=9665"}],"curies":[{"name":"wp","href":"https:\/\/api.w.org\/{rel}","templated":true}]}}