{"id":9706,"date":"2020-10-14T21:17:02","date_gmt":"2020-10-14T19:17:02","guid":{"rendered":"https:\/\/www.synecom.it\/azienda\/"},"modified":"2025-10-30T09:52:11","modified_gmt":"2025-10-30T08:52:11","slug":"azienda","status":"publish","type":"page","link":"https:\/\/www.synecom.it\/de\/azienda\/","title":{"rendered":"Unternehmen"},"content":{"rendered":"\n<div id=\"hero-block_88040b127bc5022a6813adad96c1cb1c\" class=\"hero\">\n        <header class=\"header-yellow-right\">\n        <div class=\"mask-yellow\" data-scroll-mask=\"right\"><\/div>\n        <div class=\"container-fluid px-0 d-flex align-items-center\">\n            <div class=\"row\">\n                <div class=\"col-lg-6 col-image\">\n                    <img decoding=\"async\" src=\"https:\/\/www.synecom.it\/wp-content\/uploads\/2021\/06\/azienda-first-1.jpg\" class=\"img-fluid\" alt=\"\" data-scroll=\"left\">\n                <\/div>\n                <div class=\"col-lg-5 d-flex align-items-center py-md-5\">\n                    <div class=\"row py-md-5\">\n                        <div class=\"col-11 offset-1\">\n                                                        <h2 data-scroll-text=\"chars\">Unternehmen<\/h2>\n                                                        <h1 data-scroll-text=\"chars\">First in Integrated SF<sub>6<\/sub> Regeneration Cycle<\/h1>\n                                                                                <\/div>\n                    <\/div>\n                <\/div>\n                <a href=\"javascript:void(0);\" data-scroll style=\"color:black\"><span class=\"text-uppercase left\">Scroll<\/span><\/a>\n            <\/div>\n        <\/div>\n    <\/header>\n    <\/div>\n\n<section class=\"ricerca\">\n    <div class=\"container-fluid\">\n        <div class=\"row m-padding-b row-reverse\">\n            <div class=\"col-lg-4 offset-lg-1 col-text\">\n                <span data-scroll-text>Wer sind wir<\/span>\n                <h2 data-scroll-text class=\"m-margin-y\">Unsere Zahlen<\/h2>\n                <p data-scroll-paragraph>\u2022\tRegenerationsf\u00e4higkeit der Anlage <b>450 tons\/year<\/b><br><br>\r\n\u2022\tDas Unternehmen wurde <b>2005<\/b> gegr\u00fcndet, im selben Jahr wie die Einf\u00fchrung des Kyoto-Protokolls und ein Jahr vor den EU-Vorschriften f\u00fcr das Gasmanagement SF<sub>6<\/sub><br><br>\r\n\u2022\tSchadstoffreduktion: <b>218,9 CO2 k.tons\/year<\/b> entspricht 3.315 Millionen km Autofahrt (ref: 1kg SF<sub>6<\/sub> freigesetzt entspricht 120.000km Autofahrt)<br><br>\r\n\u2022\t<b>30+ Firmenzertifizierungen<\/b><br>\r\nISO 14001 f\u00fcr die Regeneration<br>\r\nDas einzige Unternehmen mit Reach Certification, die in ganz Europa wetrvoll ist f\u00fcr die Regeneration von SF<sub>6<\/sub><br>\r\n11 und mehr Unternehmenszertifizierungen + 17 und mehr Mitarbeiterzertifizierungen<br><br>\r\n\u2022\tSeit <b>2014<\/b> mit unserer Regenerationsanlage<br><br>\r\n\u2022\tErster zertifizierter Trainer in Italien auf SF<sub>6<\/sub> seit <b>2012<\/b><br>\r\n<\/p>\n            <\/div>\n                        <div class=\"col-lg-6 offset-lg-1 pr-0 col-figure\">\n                <img decoding=\"async\" src=\"https:\/\/www.synecom.it\/wp-content\/uploads\/2022\/08\/businesspeople-meeting-plan-analysis-graph-company-finance-strat.jpg\" class=\"img-fluid\" alt=\"\" data-scroll=\"right\">\n            <\/div>\n                    <\/div>\n    <\/div>\n<\/section>\n\n\n<section class=\"m-padding-b formazione\">\n    <div class=\"container-fluid pr-lg-0\">\n        <div class=\"row align-items-center\">\n            <div class=\"col-lg-6 px-0 position-relative d-lg-flex overflow-hidden\" data-scroll=\"left\">\n                                <img decoding=\"async\" src=\"https:\/\/www.synecom.it\/wp-content\/uploads\/2021\/06\/grafico-success-4.jpeg\" class=\"img-custom\" alt=\"\">\n                <div class=\"button-rotated\">\n                                        <a href=\"https:\/\/www.igi.cnr.it\/innovation\/collaborazioni-industriali\/\" target=\"_blank\" class=\"d-flex justify-content-around align-items-center text-uppercase  btn btn-yellow large-btn w-50 hover-opacity\" rel=\"noopener\">Konsortium RFX \n                        <svg class=\"arrow-btn\" version=\"1.1\" id=\"Livello_1\" xmlns=\"http:\/\/www.w3.org\/2000\/svg\" xmlns:xlink=\"http:\/\/www.w3.org\/1999\/xlink\" x=\"0px\" y=\"0px\"\n                            viewBox=\"0 0 42 26\" style=\"enable-background:new 0 0 42 26;\" xml:space=\"preserve\">\n                            <path d=\"M29.2,0.1l-1.4,1.4l10.1,9.7H0v2h38.1L27.6,24.5l1.6,1.4L42,12.3L29.2,0.1z\"\/>\n                        <\/svg>\n                    <\/a>\n                <\/div>\n            <\/div>\n            <div class=\"col-lg-6 m-padding-x formazione-content d-flex flex-wrap align-items-center\">\n                <div class=\"w-100\" data-scroll=\"right\">\n                    <span data-scroll-text>Forschung und Entwicklung <\/span>\n                    <h2 class=\"my-5\" data-scroll-text>Wir investieren, um die Welt zu ver\u00e4ndern<\/h2>\n                    <p data-scroll-paragraph>Kontinuierliche Investierungen in Forschung und Entwicklung sind die wichtigsten Motoren unseres Wachstums und erm\u00f6glichen die Entwicklung neuer Technologien und die Verbesserung bestehender Technologien f\u00fcr die Leitung und Manipulation von SF<sub>6<\/sub>-Gas.<br>\r\n<br>Im Bereich des weltweiten Projekts ITER, das an Forschung zur zivilen Kernfusion gewidmet ist, weisen wir Sie Vertr\u00e4ge \u00fcber das Konsortium RFX, JAEA-QST und F4E zu, f\u00fcr die Installation und Pr\u00fcfung in Power Supply in NBTF (Neutral Beam Test Facility), f\u00fcr Entwicklung, Installation und Pr\u00fcfung des SF<sub>6<\/sub>-Gasverteilungssystems von MITICA, f\u00fcr die Co-Produktion, Installation und Pr\u00fcfung der Piping Anlage, die kryogene Fl\u00fcssigkeiten verteilt, sowohl im Vakuum als auch traditionell. <br>\r\n<br>Synecom unterst\u00fctz Hochschulforschung als Ausgangpunkt f\u00fcr die Entwicklung von innovativen Technologien. Aus diesem Grund sponsert er einen PhD an der Universit\u00e4t von Padua mit dem Titel \u201cDevelopment of gas insulated high voltage components for Neutral Beam Injectors (NBI)\u201d in Zusammenarbeit mit Ghent University. <\/p>\n                <\/div>\n            <\/div>\n        <\/div>\n        <!-- <div class=\"row my-5\">\n            <div class=\"col d-flex justify-content-end m-padding-x \">\n                <div class=\"button rounded\">\n                    <a href=\"tel:\" class=\"btn btn-yellow\">\n                        <img decoding=\"async\" src=\"https:\/\/www.synecom.it\/wp-content\/uploads\/2020\/10\/phone.png\" alt=\"\">\n                                            <\/a>\n                <\/div>\n            <\/div>\n        <\/div> -->\n    <\/div>\n<\/section>\n\n<section class=\"ricerca\">\n    <div class=\"container-fluid\">\n        <div class=\"row m-padding-b row-reverse\">\n            <div class=\"col-lg-4 offset-lg-1 col-text\">\n                <span data-scroll-text>Unser Focus <\/span>\n                <h2 data-scroll-text class=\"m-margin-y\">Qualit\u00e4t und Zufriedenheit des Kunden<\/h2>\n                <p data-scroll-paragraph>Synecom ist ein strategischer Mitarbeiter f\u00fcr den Sektor der Energie, in dem es seine Ressourcen auf die Entwicklung von Produkten, Systemen und Dienstleistungen im Hochtechnologiebereich konzentriert.<br><br>\r\nZiel ist es, ma\u00dfgeschneiderte Systeme zu entwickeln, die mit SF<sub>6<\/sub>-Gas auf AT\/MT AIS- und GIS-Anlagen und Teilchenbeschleunigern f\u00fcr die Kernfusionsforschung arbeiten.<br><br>\r\nZu unseren Kunden geh\u00f6ren gro\u00dfe utilities wie TERNA, internationale Unternehmen wie SIEMENS, ABB, ENEL, SCHNEIDER ELECTRIC, HITACHI und weltbekannte Institute wie INFN, CERN, CNR\/RFX, JAEA, ITER, F4E und KEMA-CESI.<br><br>\r\nStark von einer langj\u00e4hrigen Erfahrung entwickelt Synecom ma\u00dfgeschneiderte L\u00f6sungen, die die Bed\u00fcrfnisse des Kunden in den Mittelpunkt des Projekts stellen und dabei besonderes Aufmerksamkeit auf die Aspekte legen, die die Auswirkungen auf Umwelt, Gesetzgebung, Regulierung und Machbarkeit charakterisieren, mit modernsten Mitteln und Ger\u00e4ten und einem speziell geschulten Team von Fachleuten. <br><br>\r\nSynecom, durch interne Schulungs- und Entwicklungspl\u00e4ne, investiert Ressourcen, um die Qualit\u00e4t seiner Dienstleistungen und technologischen L\u00f6sungen zu verbessern.<\/p>\n            <\/div>\n                        <div class=\"col-lg-6 offset-lg-1 pr-0 col-figure\">\n                <img decoding=\"async\" src=\"https:\/\/www.synecom.it\/wp-content\/uploads\/2021\/06\/triangle-3125882_1920-min-min-1.jpeg\" class=\"img-fluid\" alt=\"\" data-scroll=\"right\">\n            <\/div>\n                    <\/div>\n    <\/div>\n<\/section>\n\n<section class=\"ricerca-sviluppo m-padding-b\">\n    <div class=\"container-fluid\">\n        <div class=\"row flex-column-reverse flex-lg-row\">\n            <div class=\"col-lg-6 pl-0 d-lg-flex overflow-hidden\">\n                                <img decoding=\"async\" src=\"https:\/\/www.synecom.it\/wp-content\/uploads\/2020\/11\/safety-1.jpg\" class=\"img-fluid obj-fit\" alt=\"\" data-scroll=\"left\">\n                            <\/div>\n            <div class=\"col-lg-4 offset-lg-1\">\n                <div class=\"custom-pad\">\n                    <span data-scroll-text>Synecom f\u00fcr die Sicherheit<\/span>\n                    <h2 data-scroll-text class=\"m-margin-y\">Unser Motto: \u201cSafety First\u201d <\/h2>\n                    <p data-scroll-paragraph>Synecom ist seit immer aufmerksam auf die Einhaltung strengsten Sicherheitsstandards. Die j\u00fcngste Zertifizierung nach ISO 45001\/2018 hat einen Weg seit der Gr\u00fcndung des Unternehmens konsolidiert. <br><br>\r\nUnsere Sicherheitsstandards, die sowohl in der Firma als auch an unseren Betriebslage immer garantiert sind, spiegeln sich in der st\u00e4ndigen Weiterbildung des Personals, dem hohen Niveau der Sorgfalt und vorausschauenden Lernen der Aktivit\u00e4ten, der vorbeugenden Wartung der Einrichtung, \u00dcberwachung der Arbeitspl\u00e4tze und st\u00e4ndige Sensibilisierung der Mitarbeiter und Lieferanten f\u00fcr Sicherheits- und Umweltkriterien.<\/p>\n                <\/div>\n            <\/div>\n        <\/div>\n    <\/div>\n<\/section>\n\n<section class=\"ricerca\">\n    <div class=\"container-fluid\">\n        <div class=\"row m-padding-b row-reverse\">\n            <div class=\"col-lg-4 offset-lg-1 col-text\">\n                <span data-scroll-text>Zertifizierungen<\/span>\n                <h2 data-scroll-text class=\"m-margin-y\">Wir operieren nach Regelungen <\/h2>\n                <p data-scroll-paragraph>Die Zertifizierung und die Qualifizierung der eigenen F\u00e4higkeiten ist einem Index des Wunsches nach Wachstum und Unternehmensentwicklung angemessen.<br>\r\nUm mit Organisationsformaten zu wachsen, die uns erm\u00f6glichen, das Beste zu bieten, haben wir uns im Laufe der Jahre f\u00fcr den folgenden Status operiert:<br><br><ul>\r\n<li>Qualit\u00e4t: <b>ISO 9001\/2015<\/b><br>(System der Qualit\u00e4tsf\u00fchrung)<\/li>\r\n<li>Umwelt: <b>ISO 14001\/2015<\/b><br>(System der Umweltsf\u00fchrung)<\/li>\r\n<li>Sicherheit: <b>ISO 45001\/2018<\/b><br>(System der F\u00fchrung f\u00fcr die Gesundheit und die Sicherheit am Arbeitsplatz)<\/li>\r\n<li><b>SOA<\/b> (cat. OG9 OG10, OG6, OS3)<\/li>\r\n<li><b>REACH<\/b><\/li>\r\n<\/ul><\/p>\n            <\/div>\n                        <div class=\"col-lg-6 offset-lg-1 pr-0 col-figure\">\n                <img decoding=\"async\" src=\"https:\/\/www.synecom.it\/wp-content\/uploads\/2021\/06\/normative2.png\" class=\"img-fluid\" alt=\"\" data-scroll=\"right\">\n            <\/div>\n                    <\/div>\n    <\/div>\n<\/section>\n\n\n<div class=\"wp-block-file aligncenter\"><a id=\"wp-block-file--media-e11616a4-2c7c-4708-a38f-75236a29a024\" href=\"https:\/\/www.synecom.it\/wp-content\/uploads\/2025\/02\/DOC-1-PQAS-Politica-Qualita-Ambiente-Sicurezza-rev.5-del-12-02-2025-3.pdf\">DOC 1-PQAS Politica Qualit\u00e0 Ambiente Sicurezza rev.5 del 12-02-2025<\/a><a href=\"https:\/\/www.synecom.it\/wp-content\/uploads\/2025\/02\/DOC-1-PQAS-Politica-Qualita-Ambiente-Sicurezza-rev.5-del-12-02-2025-3.pdf\" class=\"wp-block-file__button wp-element-button\" aria-describedby=\"wp-block-file--media-e11616a4-2c7c-4708-a38f-75236a29a024\" download>Download<\/a><\/div>\n\n\n<section class=\"m-padding-b certificazioni\" data-count-slides=\"5\">\n    <div class=\"row justify-content-center\">\n        <div class=\"col-lg-10\">\n            <div class=\"row\">\n                                <div class=\"col-12 mb-5\">\n                    <h2 class=\"text-center text-capitalize\" data-scroll-text>Zertifizierungen <\/h2>\n                <\/div>\n                                                <div class=\"certificazioni-slider w-100\">\n                                        <div class=\"col-lg-3\">\n                        <img decoding=\"async\" src=\"https:\/\/www.synecom.it\/wp-content\/uploads\/2021\/02\/9001.png\" alt=\"\" class=\"img-fluid\" data-scroll=\"bottom\">\n                    <\/div>\n                                        <div class=\"col-lg-3\">\n                        <img decoding=\"async\" src=\"https:\/\/www.synecom.it\/wp-content\/uploads\/2021\/02\/14001.png\" alt=\"\" class=\"img-fluid\" data-scroll=\"bottom\">\n                    <\/div>\n                                        <div class=\"col-lg-3\">\n                        <img decoding=\"async\" src=\"https:\/\/www.synecom.it\/wp-content\/uploads\/2021\/02\/45001.png\" alt=\"\" class=\"img-fluid\" data-scroll=\"bottom\">\n                    <\/div>\n                                        <div class=\"col-lg-3\">\n                        <img decoding=\"async\" src=\"https:\/\/www.synecom.it\/wp-content\/uploads\/2021\/02\/soa-group.png\" alt=\"\" class=\"img-fluid\" data-scroll=\"bottom\">\n                    <\/div>\n                                        <div class=\"col-lg-3\">\n                        <img decoding=\"async\" src=\"https:\/\/www.synecom.it\/wp-content\/uploads\/2021\/02\/reach-it.png\" alt=\"\" class=\"img-fluid\" data-scroll=\"bottom\">\n                    <\/div>\n                                    <\/div>\n                            <\/div>\n            <div class=\"certificazioni-nav row justify-content-center mt-5\">\n                <div class=\"arrow-prev prev-certificazioni pr-3 slick-arrow\">\n                    <svg width=\"24\" height=\"24\" class=\"arrow-btn\" version=\"1.1\" id=\"Livello_1\" xmlns=\"http:\/\/www.w3.org\/2000\/svg\" xmlns:xlink=\"http:\/\/www.w3.org\/1999\/xlink\" x=\"0px\" y=\"0px\"\n                        viewBox=\"0 0 42 26\" style=\"enable-background:new 0 0 42 26;\" xml:space=\"preserve\">\n                        <path d=\"M12.8,25.9l1.4-1.4L4.1,14.8H42v-2H3.9L14.4,1.5l-1.6-1.4L0,13.7L12.8,25.9z\"\/>\n                    <\/svg>\n                <\/div>\n                <div class=\"arrow-next next-certificazioni slick-arrow\">\n                    <svg width=\"24\" height=\"24\" class=\"arrow-btn\" version=\"1.1\" id=\"Livello_1\" xmlns=\"http:\/\/www.w3.org\/2000\/svg\" xmlns:xlink=\"http:\/\/www.w3.org\/1999\/xlink\" x=\"0px\" y=\"0px\"\n                        viewBox=\"0 0 42 26\" style=\"enable-background:new 0 0 42 26;\" xml:space=\"preserve\">\n                        <path d=\"M29.2,0.1l-1.4,1.4l10.1,9.7H0v2h38.1L27.6,24.5l1.6,1.4L42,12.3L29.2,0.1z\"\/>\n                    <\/svg>\n                <\/div>\n            <\/div>\n        <\/div>\n    <\/div>\n<\/section>","protected":false},"excerpt":{"rendered":"","protected":false},"author":1,"featured_media":0,"parent":0,"menu_order":0,"comment_status":"closed","ping_status":"closed","template":"template-synecom.php","meta":{"_acf_changed":false,"footnotes":""},"class_list":["post-9706","page","type-page","status-publish","hentry"],"acf":[],"_links":{"self":[{"href":"https:\/\/www.synecom.it\/de\/wp-json\/wp\/v2\/pages\/9706","targetHints":{"allow":["GET"]}}],"collection":[{"href":"https:\/\/www.synecom.it\/de\/wp-json\/wp\/v2\/pages"}],"about":[{"href":"https:\/\/www.synecom.it\/de\/wp-json\/wp\/v2\/types\/page"}],"author":[{"embeddable":true,"href":"https:\/\/www.synecom.it\/de\/wp-json\/wp\/v2\/users\/1"}],"replies":[{"embeddable":true,"href":"https:\/\/www.synecom.it\/de\/wp-json\/wp\/v2\/comments?post=9706"}],"version-history":[{"count":49,"href":"https:\/\/www.synecom.it\/de\/wp-json\/wp\/v2\/pages\/9706\/revisions"}],"predecessor-version":[{"id":24363,"href":"https:\/\/www.synecom.it\/de\/wp-json\/wp\/v2\/pages\/9706\/revisions\/24363"}],"wp:attachment":[{"href":"https:\/\/www.synecom.it\/de\/wp-json\/wp\/v2\/media?parent=9706"}],"curies":[{"name":"wp","href":"https:\/\/api.w.org\/{rel}","templated":true}]}}