{"id":9752,"date":"2020-11-23T12:22:28","date_gmt":"2020-11-23T11:22:28","guid":{"rendered":"https:\/\/www.synecom.it\/gas-sf6\/"},"modified":"2024-04-18T09:17:51","modified_gmt":"2024-04-18T07:17:51","slug":"gas-sf6","status":"publish","type":"page","link":"https:\/\/www.synecom.it\/de\/gas-sf6\/","title":{"rendered":"Gas SF6"},"content":{"rendered":"\n<div id=\"hero-block_0ce152bec23966c79939ddb0220eb4e3\" class=\"hero\">\n        <header class=\"header-yellow-right\">\n        <div class=\"mask-yellow\" data-scroll-mask=\"right\"><\/div>\n        <div class=\"container-fluid px-0 d-flex align-items-center\">\n            <div class=\"row\">\n                <div class=\"col-lg-6 col-image\">\n                    <img decoding=\"async\" src=\"https:\/\/www.synecom.it\/wp-content\/uploads\/2021\/06\/molecola-sf6_5-1.png\" class=\"img-fluid\" alt=\"\" data-scroll=\"left\">\n                <\/div>\n                <div class=\"col-lg-5 d-flex align-items-center py-md-5\">\n                    <div class=\"row py-md-5\">\n                        <div class=\"col-11 offset-1\">\n                                                        <h1 data-scroll-text=\"chars\">Gas SF<sub>6<\/sub> <br> Schwefel-<br>hexafluorid<\/h1>\n                                                        <p data-scroll-paragraph=\"chars\" class=\"mt-5\">Das Gas SF<sub>6<\/sub> ist ein Synthesegas und es hat 6 Fluoratomen besteht, die um ein Schwefelatom in der Mitte gesammelt werden: diese Struktur macht das SF<sub>6<\/sub>-Gas chemisch und thermisch sehr stabil. \r\nAufgrund seiner chemischen und physikalischen Eigenschaften ist das SF<sub>6<\/sub>-Gas ein sehr gutes inertes und nicht toxisch Isoliergas, dessen Durchschlagfestigkeit etwa das 2,5-fache der Luftfestigkeit betr\u00e4gt. Seine Hauptanwendung ist die Isolierung und Lichtbogenabschaltung in elektrischen Hochspannungsmaschinen. \r\n<br><br>\r\nDa SF<sub>6<\/sub> eines der haupts\u00e4chlichen Treibhausgase mit hohem Treibhauspotenzial ist, wird es kontrolliert: die italienische Regierung hat durch DPR 146 die Datenbank f\u00fcr fluorierte Gase eingef\u00fchrt, deren Ziel ist, die wirksame \u00dcberwachung der Emissionen fluorierter Treibhausgase, um die Fortschritte bei der Erreichung der Emissionsminderungsziele zu reduzieren. <\/p>\n                                                                                <\/div>\n                    <\/div>\n                <\/div>\n                <a href=\"javascript:void(0);\" data-scroll style=\"color:black\"><span class=\"text-uppercase left\">Scroll<\/span><\/a>\n            <\/div>\n        <\/div>\n    <\/header>\n    <\/div>\n\n\n<section class=\"servizi background-white m-padding-y\">\n    <div class=\"container-fluid\">\n        <div class=\"row \">\n                        <div class=\"col-lg-10 offset-lg-1\">\n                                \n                <div class=\"row set-height px-0 align-items-center row-reverse\">\n                    <div class=\"col-lg-4\"  data-scroll='left'>\n                        <span data-scroll-text><\/span>\n                        <h2 data-scroll-text class=\"m-margin-y\">Lieferung des <br> SF<sub>6<\/sub>-Gases<\/h2>\n                        <p data-scroll-paragraph>Synecom kann neue\/regenerierte SF<sub>6<\/sub>-Gas in technischer Qualit\u00e4t gem\u00e4\u00df IEC 60376 mit Reinheitsgraden von <b> 99,97% (SF<sub>6<\/sub>-Gas 3.7 N) <\/b> bis <b> 99,995% (Gas SF<sub>6<\/sub> 4.5 N) <\/b> zu liefern.  <br>\r\nDas SF<sub>6<\/sub>-Gas, das von Synecom geliefert wird, die Mindeststandards von Reinheit der IEC 60376\/2018 (ed.3) von <b>98,5%<\/b> werden weitgehend erf\u00fcllt. \r\n<\/p>\n                    <\/div>\n                    <div class=\"col-lg-6 offset-lg-2 col-figure\" data-scroll='right'>\n                        <img decoding=\"async\" src=\"https:\/\/www.synecom.it\/wp-content\/uploads\/2021\/06\/bombole-SF6-1-1.jpeg\" class=\"img-fluid\" alt=\"\">\n                                                <a href=\"https:\/\/www.synecom.it\/de\/contatti\/\" class=\"btn-yellow btn hover-opacity text-uppercase\">\n                            Erbitten Sie Info                            <img decoding=\"async\" src=\"https:\/\/www.synecom.it\/wp-content\/uploads\/2020\/10\/arrow.png\" alt=\"\">\n                        <\/a>\n                                            <\/div>\n                <\/div>\n                            <\/div>\n                    <\/div>\n    <\/div>\n<\/section>\n\n\n<section class=\"m-padding-b formazione\">\n    <div class=\"container-fluid pr-lg-0\">\n        <div class=\"row align-items-center\">\n            <div class=\"col-lg-6 px-0 position-relative d-lg-flex overflow-hidden\" data-scroll=\"left\">\n                                <img decoding=\"async\" src=\"https:\/\/www.synecom.it\/wp-content\/uploads\/2021\/06\/foto-bombole_2-scaled-1.jpg\" class=\"img-custom\" alt=\"\">\n                <div class=\"button-rotated\">\n                                        <a href=\"https:\/\/www.synecom.it\/de\/produktkategorien\/flaschen-sf6\/\" class=\"d-flex justify-content-around align-items-center text-uppercase  btn btn-yellow large-btn w-50 hover-opacity\">Produkten: Flaschen SF6 \n                        <svg class=\"arrow-btn\" version=\"1.1\" id=\"Livello_1\" xmlns=\"http:\/\/www.w3.org\/2000\/svg\" xmlns:xlink=\"http:\/\/www.w3.org\/1999\/xlink\" x=\"0px\" y=\"0px\"\n                            viewBox=\"0 0 42 26\" style=\"enable-background:new 0 0 42 26;\" xml:space=\"preserve\">\n                            <path d=\"M29.2,0.1l-1.4,1.4l10.1,9.7H0v2h38.1L27.6,24.5l1.6,1.4L42,12.3L29.2,0.1z\"\/>\n                        <\/svg>\n                    <\/a>\n                <\/div>\n            <\/div>\n            <div class=\"col-lg-6 m-padding-x formazione-content d-flex flex-wrap align-items-center\">\n                <div class=\"w-100\" data-scroll=\"right\">\n                    <span data-scroll-text><\/span>\n                    <h2 class=\"my-5\" data-scroll-text>Flaschen<\/h2>\n                    <p data-scroll-paragraph>Synecom bietet folgende Dienstleistungen f\u00fcr Gasflaschen an, die f\u00fcr das SF<sub>6<\/sub>-Gas geeignet sind: <br><br> \r\n<ul>\r\n<li>Lieferung neuer\/regenerierter SF<sub>6<\/sub>-Gasflaschen mit entsprechender Eignungsbescheinigung <\/li>\r\n<li> Lieferung gebrauchter SF<sub>6<\/sub>-Gasflaschen mit entsprechender Eignungsbescheinigung <\/li>\r\n<li>Reinigung der Reste von SF<sub>6<\/sub>-Gas, die in den Zylindern gehalten sind. Nach dieser Operation gibt es 3 m\u00f6gliche L\u00f6sungen:<\/li>\r\n<ol>\r\n  <li> R\u00fcckgabe der Flasche unter Luftdruck von SF<sub>6<\/sub>.<\/li>\r\n<li> R\u00fcckgabe der leeren Flasche zu p &lt;20 mbar absolut.<\/li>\r\n<li> R\u00fcckgabe der Flasche, die mit neuem\/regeneriertem Schwefelhexafluoridgas gef\u00fcllen ist.<\/li>\r\n<\/ol>\r\n<li>Die Re-Zertifizierung von Flaschen: diese Dienstleistung wird in Zusammenarbeit mit spezialisierten Mitarbeiter angeboten<\/li>\r\n <li>Verschrotten von Flaschen <\/li>\r\n<\/ul><\/p>\n                <\/div>\n            <\/div>\n        <\/div>\n        <!-- <div class=\"row my-5\">\n            <div class=\"col d-flex justify-content-end m-padding-x \">\n                <div class=\"button rounded\">\n                    <a href=\"tel:\" class=\"btn btn-yellow\">\n                        <img decoding=\"async\" src=\"https:\/\/www.synecom.it\/wp-content\/uploads\/2020\/10\/phone.png\" alt=\"\">\n                                            <\/a>\n                <\/div>\n            <\/div>\n        <\/div> -->\n    <\/div>\n<\/section>\n\n\n<section class=\"servizi background-white m-padding-y\">\n    <div class=\"container-fluid\">\n        <div class=\"row \">\n                        <div class=\"col-lg-10 offset-lg-1\">\n                                \n                <div class=\"row set-height px-0 align-items-center row-reverse\">\n                    <div class=\"col-lg-4\"  data-scroll='left'>\n                        <span data-scroll-text>Kurse<\/span>\n                        <h2 data-scroll-text class=\"m-margin-y\">Ausbildung<\/h2>\n                        <p data-scroll-paragraph>\u201cZum Zwecke des Betriebs von Einbau, Betreeung, Wartung und Reparatur der Einrichtungen, die fluorierte Treibhausgase enthalten oder deren Funktion von solchen Gasen abh\u00e4ngt, f\u00fcr die ein Zeugnis oder eine Bescheinigung erforderlich ist, die fluorierte Treibhausgase sind nur verkauft oder einkauft bei Unternehmen, die \u00fcber die entsprechenden Zertifikate oder Bescheinigungen verf\u00fcgen oder bei Unternehmen, die die Personen besch\u00e4ftigen, die im Besitz eines Zeugnisses oder einer Ausbildungsbescheinigung sind.&#8220; <br> <b>[Regelung EU 2024\/573].<\/b><br><br>Synecom bietet hierf\u00fcr spezielle Ausbildungskurse an. \r\n<\/p>\n                    <\/div>\n                    <div class=\"col-lg-6 offset-lg-2 col-figure\" data-scroll='right'>\n                        <img decoding=\"async\" src=\"https:\/\/www.synecom.it\/wp-content\/uploads\/2021\/06\/ricerca-1.jpg\" class=\"img-fluid\" alt=\"\">\n                                                <a href=\"https:\/\/www.synecom.it\/de\/corsi-formazione\/\" class=\"btn-yellow btn hover-opacity text-uppercase\">\n                            Entdecken Sie mehr: AUSBILDUNGSKURSE                            <img decoding=\"async\" src=\"https:\/\/www.synecom.it\/wp-content\/uploads\/2020\/10\/arrow.png\" alt=\"\">\n                        <\/a>\n                                            <\/div>\n                <\/div>\n                            <\/div>\n                    <\/div>\n    <\/div>\n<\/section>\n\n\n<p><\/p>\n","protected":false},"excerpt":{"rendered":"","protected":false},"author":3,"featured_media":0,"parent":0,"menu_order":0,"comment_status":"closed","ping_status":"closed","template":"template-synecom.php","meta":{"_acf_changed":false,"footnotes":""},"class_list":["post-9752","page","type-page","status-publish","hentry"],"acf":[],"_links":{"self":[{"href":"https:\/\/www.synecom.it\/de\/wp-json\/wp\/v2\/pages\/9752","targetHints":{"allow":["GET"]}}],"collection":[{"href":"https:\/\/www.synecom.it\/de\/wp-json\/wp\/v2\/pages"}],"about":[{"href":"https:\/\/www.synecom.it\/de\/wp-json\/wp\/v2\/types\/page"}],"author":[{"embeddable":true,"href":"https:\/\/www.synecom.it\/de\/wp-json\/wp\/v2\/users\/3"}],"replies":[{"embeddable":true,"href":"https:\/\/www.synecom.it\/de\/wp-json\/wp\/v2\/comments?post=9752"}],"version-history":[{"count":37,"href":"https:\/\/www.synecom.it\/de\/wp-json\/wp\/v2\/pages\/9752\/revisions"}],"predecessor-version":[{"id":17925,"href":"https:\/\/www.synecom.it\/de\/wp-json\/wp\/v2\/pages\/9752\/revisions\/17925"}],"wp:attachment":[{"href":"https:\/\/www.synecom.it\/de\/wp-json\/wp\/v2\/media?parent=9752"}],"curies":[{"name":"wp","href":"https:\/\/api.w.org\/{rel}","templated":true}]}}