{"id":9794,"date":"2020-12-04T11:56:49","date_gmt":"2020-12-04T10:56:49","guid":{"rendered":"https:\/\/www.synecom.it\/rigenerazione\/"},"modified":"2024-03-20T11:05:23","modified_gmt":"2024-03-20T10:05:23","slug":"rigenerazione","status":"publish","type":"page","link":"https:\/\/www.synecom.it\/de\/rigenerazione\/","title":{"rendered":"Regeneration"},"content":{"rendered":"\n<div id=\"hero-block_1a8c512a7b69835c57667750725c4923\" class=\"hero\">\n        <header class=\"header-yellow-right\">\n        <div class=\"mask-yellow\" data-scroll-mask=\"right\"><\/div>\n        <div class=\"container-fluid px-0 d-flex align-items-center\">\n            <div class=\"row\">\n                <div class=\"col-lg-6 col-image\">\n                    <img decoding=\"async\" src=\"https:\/\/www.synecom.it\/wp-content\/uploads\/2021\/06\/3.3.1-bombole-synecom_2-1.jpg\" class=\"img-fluid\" alt=\"\" data-scroll=\"left\">\n                <\/div>\n                <div class=\"col-lg-5 d-flex align-items-center py-md-5\">\n                    <div class=\"row py-md-5\">\n                        <div class=\"col-11 offset-1\">\n                                                        <h2 data-scroll-text=\"chars\">Regeneration <\/h2>\n                                                        <h1 data-scroll-text=\"chars\">Regeneration Gas SF<sub>6<\/sub><\/h1>\n                                                                                <\/div>\n                    <\/div>\n                <\/div>\n                <a href=\"javascript:void(0);\" data-scroll style=\"color:black\"><span class=\"text-uppercase left\">Scroll<\/span><\/a>\n            <\/div>\n        <\/div>\n    <\/header>\n    <\/div>\n\n\n\n<section class=\"m-padding-y\">\n    <div class=\"container-fluid\">\n        <div class=\"row justify-content-center\">\n            <div class=\"col-lg-10\">\n            <h3 style=\"text-align: center\">DAS SF6-GAS IST EIN SEHR WIRKUNGSVOLLES SYNTHESEGAS:<br \/>\nJE MEHR WIR REGENERIEREN, DESTO WENIGER PRODUZIEREN WIR.<\/h3>\n            <\/div>\n        <\/div>\n    <\/div>\n<\/section>\n\n<section class=\"ricerca-sviluppo m-padding-b\">\n    <div class=\"container-fluid\">\n        <div class=\"row flex-column-reverse flex-lg-row\">\n            <div class=\"col-lg-6 pl-0 d-lg-flex overflow-hidden\">\n                                <img decoding=\"async\" src=\"https:\/\/www.synecom.it\/wp-content\/uploads\/2023\/02\/Schema-rigenerazione-TEDESCO.png\" class=\"img-fluid obj-fit\" alt=\"\" data-scroll=\"left\">\n                            <\/div>\n            <div class=\"col-lg-4 offset-lg-1\">\n                <div class=\"custom-pad\">\n                    <span data-scroll-text>Die Weitervervendung von SF<sub>6<\/sub>-Gas<\/span>\n                    <h2 data-scroll-text class=\"m-margin-y\">Kreislaufwirtschaft <\/h2>\n                    <p data-scroll-paragraph>Die Regeneration des SF<sub>6<\/sub>-Gases ist ein industrieller Prozess, der den Lebensziklus des SF<sub>6<\/sub>-Gases ausdehnen kann und zu einem zus\u00e4tzlichen wirtschaftlichen und \u00f6kologischen Wert beitr\u00e4gt. <br><br>\r\n\r\nDie Regenerationsanlage von Synecom kann zersetzte, stark zersetzte und mit Luft oder N\u00e4sse kontaminiert SF<sub>6<\/sub>-Gas regenerieren. Durch spezielle Filtersysteme und kryogene Behandlungzyklen, die Regenerationsanlage von Synecom erm\u00f6glicht die Reinigung des SF<sub>6<\/sub>-Gases auf Reinheitsgrade so hoch oder h\u00f6her als neu. \r\n<\/p>\n                <\/div>\n            <\/div>\n        <\/div>\n    <\/div>\n<\/section>\n\n\n<section class=\"servizi background-white m-padding-y\">\n    <div class=\"container-fluid\">\n        <div class=\"row \">\n                        <div class=\"col-lg-10 offset-lg-1\">\n                                \n                <div class=\"row set-height px-0 align-items-center row-reverse\">\n                    <div class=\"col-lg-4\"  data-scroll='left'>\n                        <span data-scroll-text>Vorteile<\/span>\n                        <h2 data-scroll-text class=\"m-margin-y\">Die Regeneration und seine Vorteile<\/h2>\n                        <p data-scroll-paragraph>Die Vorteile der Regeneration beruhen auf drei grundlichen Aspekten: <ol>\r\n  <li><strong>Die Umwelt:<\/strong> jedes kg des regenerierten SF<sub>6<\/sub>-Gases vermeidet die Emission von 2,05 Tonnen CO2-\u00c4quivalent in die Atmosph\u00e4re.<\/li>\r\n  <li><strong>Sozial:<\/strong> man vermeidet die Herstellung des neuen SF<sub>6<\/sub>-Gases und der Entsorgung von Altgas, einer weiteren Emissionsquelle in die Atmosph\u00e4re, zu Lasten k\u00fcnftiger Generationen.<\/li>\r\n  <li><strong>\u00d6konomisch:<\/strong> Es bedeutet eine Einsparung von etwa 50% gegen\u00fcber den Kosten f\u00fcr die Herstellung und Entsorgung der gleichen Menge SF<sub>6<\/sub>-Gas.<\/li>\r\n<\/ol>\r\n<\/p>\n                    <\/div>\n                    <div class=\"col-lg-6 offset-lg-2 col-figure\" data-scroll='right'>\n                        <img decoding=\"async\" src=\"https:\/\/www.synecom.it\/wp-content\/uploads\/2023\/02\/Schema-rigenerazione-ENG.png\" class=\"img-fluid\" alt=\"\">\n                                            <\/div>\n                <\/div>\n                            <\/div>\n                    <\/div>\n    <\/div>\n<\/section>\n\n<section class=\"ricerca-sviluppo m-padding-b\">\n    <div class=\"container-fluid\">\n        <div class=\"row flex-column-reverse flex-lg-row\">\n            <div class=\"col-lg-6 pl-0 d-lg-flex overflow-hidden\">\n                                <img decoding=\"async\" src=\"https:\/\/www.synecom.it\/wp-content\/uploads\/2021\/06\/businessman5-1.png\" class=\"img-fluid obj-fit\" alt=\"\" data-scroll=\"left\">\n                            <\/div>\n            <div class=\"col-lg-4 offset-lg-1\">\n                <div class=\"custom-pad\">\n                    <span data-scroll-text>Resultate<\/span>\n                    <h2 data-scroll-text class=\"m-margin-y\">Unsere Resultate<\/h2>\n                    <p data-scroll-paragraph>Bei der \u00dcberwachung der Mengen des regenerierten SF<sub>6<\/sub>-Gases seit 2014, haben wir beobachtet, dass der Trend des Bedarfs an SF<sub>6<\/sub>-Gas-Regeneration kontinuerlich zunimmt: besonders von 2014 bis 2020 gab es ein Wachstum von 300%. <br><br>\r\n\r\nEiner der Hauptvorteile der Regeneration des SF<sub>6<\/sub>-Gases besteht darin, sowohl die Produktion von neuem SF<sub>6<\/sub> als auch die Entsorgung von gebrauchtem SF<sub>6<\/sub> zu vermeiden. <br> \r\nDurch diesen Prozess konnten von 2014 bis 2020 etwa <b> 600000 Tonnen CO2-\u00c4quivalent <\/b> in die Atmosph\u00e4re eingespart werden.\r\n\r\n<\/p>\n                <\/div>\n            <\/div>\n        <\/div>\n    <\/div>\n<\/section>\n\n\n\n\n\n\n<section class=\"servizi background-white m-padding-y\">\n    <div class=\"container-fluid\">\n        <div class=\"row \">\n                        <div class=\"col-lg-10 offset-lg-1\">\n                                \n                <div class=\"row set-height px-0 align-items-center row-reverse\">\n                    <div class=\"col-lg-4\"  data-scroll='left'>\n                        <span data-scroll-text>Synecom und Terna Rete Italia gegen den Klimawandel<\/span>\n                        <h2 data-scroll-text class=\"m-margin-y\">Closed Cycle Management of SF6<\/h2>\n                        <p data-scroll-paragraph>Das SF<sub>6<\/sub>-Gas ist ein Isoliergas, das in Ger\u00e4ten des Nationalen \u00dcbertragungsnetzes benutzt wird. <br><br>\r\n\r\nDie Verluste von SF<sub>6<\/sub> sind die Hauptquelle der direkten Emissionen von Terna Rete Italia: das Closed Cycle Management von SF<sub>6<\/sub>, in Zusammenarbeit mit Synecom, es ist Teil dieser allgemeinen Verpflichtung von Terna Rete Italia, die Emissionen von SF<sub>6<\/sub>-Gas in die Atmosph\u00e4re zu reduzieren, indem die vollst\u00e4ndige Wiederverwendung von SF<sub>6<\/sub>-Gas nach dessen Regeneration vorgesehen wird. <br><br> \r\n\r\nGleichzeitig werden die Entsorgung, die Produktion und die daraus resultierende Freisetzung von SF<sub>6<\/sub>-Gas in die Umwelt auf ein Minimum beschr\u00e4nkt. <br><br>  \r\n\r\nSynecom k\u00fcmmert sich insbesondere um den Empfang von SF<sub>6<\/sub>-Gas aus Ger\u00e4ten, das nicht mehr zur Wiederverwendung geeignet ist (f\u00fcr das Vorhandensein von Verunreinigungen, die die Grenzwerte der IEC EN 60480 \u00fcberschreiten) zur Regenerierung und Wiederverwendung desselben Gases in denselben Ger\u00e4ten.\r\n<\/p>\n                    <\/div>\n                    <div class=\"col-lg-6 offset-lg-2 col-figure\" data-scroll='right'>\n                        <img decoding=\"async\" src=\"https:\/\/www.synecom.it\/wp-content\/uploads\/2021\/06\/soluzioni-gas-sf6-no-bordo-1.png\" class=\"img-fluid\" alt=\"\">\n                                                <a href=\"https:\/\/www.terna.it\/it\/sostenibilita\/ambiente\/cambiamento-climatico\" target=\"_blank\" class=\"btn-yellow btn hover-opacity text-uppercase\" rel=\"noopener\">\n                            Terna: das Projekt                            <img decoding=\"async\" src=\"https:\/\/www.synecom.it\/wp-content\/uploads\/2020\/10\/arrow.png\" alt=\"\">\n                        <\/a>\n                                            <\/div>\n                <\/div>\n                            <\/div>\n                    <\/div>\n    <\/div>\n<\/section>","protected":false},"excerpt":{"rendered":"","protected":false},"author":3,"featured_media":0,"parent":0,"menu_order":0,"comment_status":"closed","ping_status":"closed","template":"template-synecom.php","meta":{"_acf_changed":false,"footnotes":""},"class_list":["post-9794","page","type-page","status-publish","hentry"],"acf":[],"_links":{"self":[{"href":"https:\/\/www.synecom.it\/de\/wp-json\/wp\/v2\/pages\/9794","targetHints":{"allow":["GET"]}}],"collection":[{"href":"https:\/\/www.synecom.it\/de\/wp-json\/wp\/v2\/pages"}],"about":[{"href":"https:\/\/www.synecom.it\/de\/wp-json\/wp\/v2\/types\/page"}],"author":[{"embeddable":true,"href":"https:\/\/www.synecom.it\/de\/wp-json\/wp\/v2\/users\/3"}],"replies":[{"embeddable":true,"href":"https:\/\/www.synecom.it\/de\/wp-json\/wp\/v2\/comments?post=9794"}],"version-history":[{"count":17,"href":"https:\/\/www.synecom.it\/de\/wp-json\/wp\/v2\/pages\/9794\/revisions"}],"predecessor-version":[{"id":17127,"href":"https:\/\/www.synecom.it\/de\/wp-json\/wp\/v2\/pages\/9794\/revisions\/17127"}],"wp:attachment":[{"href":"https:\/\/www.synecom.it\/de\/wp-json\/wp\/v2\/media?parent=9794"}],"curies":[{"name":"wp","href":"https:\/\/api.w.org\/{rel}","templated":true}]}}