{"id":9821,"date":"2020-11-27T15:56:11","date_gmt":"2020-11-27T14:56:11","guid":{"rendered":"https:\/\/www.synecom.it\/f-green\/"},"modified":"2024-06-18T11:44:52","modified_gmt":"2024-06-18T09:44:52","slug":"f-green","status":"publish","type":"page","link":"https:\/\/www.synecom.it\/de\/f-green\/","title":{"rendered":"F-Green"},"content":{"rendered":"\n<div id=\"hero-block_b162a9cd11583b361a1f3438aad38b2d\" class=\"hero\">\n        <header class=\"header-yellow-right\">\n        <div class=\"mask-yellow\" data-scroll-mask=\"right\"><\/div>\n        <div class=\"container-fluid px-0 d-flex align-items-center\">\n            <div class=\"row\">\n                <div class=\"col-lg-6 col-image\">\n                    <img decoding=\"async\" src=\"https:\/\/www.synecom.it\/wp-content\/uploads\/2020\/11\/f-green-overview.jpg\" class=\"img-fluid\" alt=\"\" data-scroll=\"left\">\n                <\/div>\n                <div class=\"col-lg-5 d-flex align-items-center py-md-5\">\n                    <div class=\"row py-md-5\">\n                        <div class=\"col-11 offset-1\">\n                                                        <h1 data-scroll-text=\"chars\">F-Green <br> System zur \u00dcberwachung<\/h1>\n                                                                                <\/div>\n                    <\/div>\n                <\/div>\n                <a href=\"javascript:void(0);\" data-scroll style=\"color:black\"><span class=\"text-uppercase left\">Scroll<\/span><\/a>\n            <\/div>\n        <\/div>\n    <\/header>\n    <\/div>\n\n\n<section class=\"servizi background-white m-padding-y\">\n    <div class=\"container-fluid\">\n        <div class=\"row \">\n                        <div class=\"col-lg-10 offset-lg-1\">\n                                \n                <div class=\"row set-height px-0 align-items-center row-reverse\">\n                    <div class=\"col-lg-4\"  data-scroll='left'>\n                        <span data-scroll-text>Was es ist und was es macht <\/span>\n                        <h2 data-scroll-text class=\"m-margin-y\">System zur \u00dcberwachung<\/h2>\n                        <p data-scroll-paragraph>Das System zur \u00dcberwachung F-Green, patentiert von Synecom, ist f\u00fcr SF<sub>6<\/sub>-Gas und F-Gas bestimmt. Es versichert in einer einzigen technologischen L\u00f6sung Aspekten von maximalen Schutz der Umwelt, von \u00dcberwachung, von Datierung der Ereignisse, von Reporting und von Vermeidung von St\u00f6rungen von Hochspannungsanlagen (GIS, AIS, Kabelk\u00f6pfe HVDC in SF<sub>6<\/sub>) und Teilchenbeschleuniger.<\/p>\n                    <\/div>\n                    <div class=\"col-lg-6 offset-lg-2 col-figure\" data-scroll='right'>\n                        <img decoding=\"async\" src=\"https:\/\/www.synecom.it\/wp-content\/uploads\/2023\/05\/Schema-monitoraggio-parametri-TEDESCO.png\" class=\"img-fluid\" alt=\"\">\n                                                <a href=\"https:\/\/www.synecom.it\/de\/applicazioni\/elektrische-hoch-und-mittelspannungsanlage\/\" class=\"btn-yellow btn hover-opacity text-uppercase\">\n                            Erfahren Sie mehr: Anlagen AT-MT                            <img decoding=\"async\" src=\"https:\/\/www.synecom.it\/wp-content\/uploads\/2020\/10\/arrow.png\" alt=\"\">\n                        <\/a>\n                                            <\/div>\n                <\/div>\n                            <\/div>\n                    <\/div>\n    <\/div>\n<\/section>\n\n<section class=\"ricerca\">\n    <div class=\"container-fluid\">\n        <div class=\"row align-items-center \">\n            <div class=\"col-lg-6 pl-0\" data-scroll=\"left\">\n                                <img decoding=\"async\" src=\"https:\/\/www.synecom.it\/wp-content\/uploads\/2021\/02\/vaisala2-e1612433290995.png\" class=\"w-100\" alt=\"\">\n                <div class=\"button-rotated\">\n                                        <a href=\"https:\/\/www.vaisala.com\/it\" target=\"_blank\" class=\"d-flex justify-content-around align-items-center text-uppercase  btn btn-yellow large-btn w-50 hover-opacity\" rel=\"noopener\">Vaisala Sensoren <img decoding=\"async\" src=\"https:\/\/www.synecom.it\/wp-content\/uploads\/2020\/10\/arrow.png\" class=\"btn-arrow \" alt=\"\"><\/a>\n                <\/div>\n            <\/div>\n            <div class=\"col-lg-4 offset-lg-1 pt-5 pt-lg-0\">\n                <span data-scroll-text><br><br>Sensoren<\/span>\n                <h2 data-scroll-text class=\"m-margin-y\">Statusparameter<\/h2>\n                <p data-scroll-paragraph>F-Green ist mit Sensoren der neuesten Generation ausgestattet, die in der Lage sind, die Dew Point\/N\u00e4sse des SF<sub>6<\/sub>-Gases, die Kammertemperatur und den Druck unabh\u00e4ngig zu \u00fcberwachen. <br><br> \r\nDurch punktuelle Analysen ist es in der Lage, pl\u00f6tzliche Einstellung des Betriebs der Anlagen und\/oder eine Verschlechterung der Anlagenqualit\u00e4t zu verhindern und so das Risiko von Stromausf\u00e4llen oder \u00fcberm\u00e4\u00dfig teuren Reparatur- und Wartungsarbeiten zu vermeiden. <\/p>\n            <\/div>\n        <\/div>\n    <\/div>\n<\/section>\n\n\n<section class=\"servizi background-white m-padding-y\">\n    <div class=\"container-fluid\">\n        <div class=\"row \">\n                        <div class=\"col-lg-10 offset-lg-1\">\n                                \n                <div class=\"row set-height px-0 align-items-center row-reverse\">\n                    <div class=\"col-lg-4\"  data-scroll='left'>\n                        <span data-scroll-text><br><br>Voraussicht der Verluste<\/span>\n                        <h2 data-scroll-text class=\"m-margin-y\">Erfassung von Verlusten<\/h2>\n                        <p data-scroll-paragraph>Ein Algorithmus \u00fcberarbeitet die von den Sensoren erfassten Statusparameter und prognostiziert den Verlusttrend von Installationen. <br><br>Daraus ergeben sich folgende Vorteile: <br>-Vermeidung von pl\u00f6tzlichen Betriebsunterbrechungen der Anlagen; <br>-Vermeidung der Verschlechterung der Anlagenqualit\u00e4t; <br>-Planen Sie die tats\u00e4chliche Lebensdauer und Lebenserwartung der Dichtheitsteile am besten, um die Verluste von SF<sub>6<\/sub>-Gas in die Atmosph\u00e4re zu reduzieren.<\/p>\n                    <\/div>\n                    <div class=\"col-lg-6 offset-lg-2 col-figure\" data-scroll='right'>\n                        <img decoding=\"async\" src=\"https:\/\/www.synecom.it\/wp-content\/uploads\/2021\/06\/f-green-parametri_5-e1611839941866-3.png\" class=\"img-fluid\" alt=\"\">\n                                                <a href=\"https:\/\/www.synecom.it\/de\/contatti\/\" class=\"btn-yellow btn hover-opacity text-uppercase\">\n                            Erbitten Sie Info                            <img decoding=\"async\" src=\"https:\/\/www.synecom.it\/wp-content\/uploads\/2020\/10\/arrow.png\" alt=\"\">\n                        <\/a>\n                                            <\/div>\n                <\/div>\n                            <\/div>\n                    <\/div>\n    <\/div>\n<\/section>\n\n<section class=\"ricerca-sviluppo m-padding-b\">\n    <div class=\"container-fluid\">\n        <div class=\"row flex-column-reverse flex-lg-row\">\n            <div class=\"col-lg-6 pl-0 d-lg-flex overflow-hidden\">\n                                <img decoding=\"async\" src=\"https:\/\/www.synecom.it\/wp-content\/uploads\/2024\/06\/6.png\" class=\"img-fluid obj-fit\" alt=\"\" data-scroll=\"left\">\n                            <\/div>\n            <div class=\"col-lg-4 offset-lg-1\">\n                <div class=\"custom-pad\">\n                    <span data-scroll-text>Software<\/span>\n                    <h2 data-scroll-text class=\"m-margin-y\">Zusammenhang aus der Ferne<\/h2>\n                    <p data-scroll-paragraph>F-Green ist so konzipiert, dass es aus der Ferne auf die Bed\u00fcrfnisse des Kunden bestehen werden kann und auf Smartphone- und Tablet-Plattformen erweiterbar ist. <br><br> F\u00fcr Benutzer und Anlagen, die nicht einbuchen sind, ist ein GSM-Datenblatt vorhanden. <br><br> F\u00fcr Benutzer, die Daten von mehreren Anlagen leiten m\u00fcssen, in denen F-Green-Systeme installiert sind, ist es m\u00f6glich, die \u00dcberwachung und die Interaktion f\u00fcr jede einzelne Anlage und die kumulative Generierung von summarischen Berichten \u00fcber den Anlagenstatus zu erm\u00f6glichen. <\/p>\n                <\/div>\n            <\/div>\n        <\/div>\n    <\/div>\n<\/section>","protected":false},"excerpt":{"rendered":"","protected":false},"author":3,"featured_media":0,"parent":0,"menu_order":0,"comment_status":"closed","ping_status":"closed","template":"template-synecom.php","meta":{"_acf_changed":false,"footnotes":""},"class_list":["post-9821","page","type-page","status-publish","hentry"],"acf":[],"_links":{"self":[{"href":"https:\/\/www.synecom.it\/de\/wp-json\/wp\/v2\/pages\/9821","targetHints":{"allow":["GET"]}}],"collection":[{"href":"https:\/\/www.synecom.it\/de\/wp-json\/wp\/v2\/pages"}],"about":[{"href":"https:\/\/www.synecom.it\/de\/wp-json\/wp\/v2\/types\/page"}],"author":[{"embeddable":true,"href":"https:\/\/www.synecom.it\/de\/wp-json\/wp\/v2\/users\/3"}],"replies":[{"embeddable":true,"href":"https:\/\/www.synecom.it\/de\/wp-json\/wp\/v2\/comments?post=9821"}],"version-history":[{"count":22,"href":"https:\/\/www.synecom.it\/de\/wp-json\/wp\/v2\/pages\/9821\/revisions"}],"predecessor-version":[{"id":20178,"href":"https:\/\/www.synecom.it\/de\/wp-json\/wp\/v2\/pages\/9821\/revisions\/20178"}],"wp:attachment":[{"href":"https:\/\/www.synecom.it\/de\/wp-json\/wp\/v2\/media?parent=9821"}],"curies":[{"name":"wp","href":"https:\/\/api.w.org\/{rel}","templated":true}]}}