{"id":9849,"date":"2020-11-23T11:47:33","date_gmt":"2020-11-23T10:47:33","guid":{"rendered":"https:\/\/www.synecom.it\/servizi\/"},"modified":"2024-03-20T11:09:39","modified_gmt":"2024-03-20T10:09:39","slug":"servizi","status":"publish","type":"page","link":"https:\/\/www.synecom.it\/de\/servizi\/","title":{"rendered":"Dienstleistungen"},"content":{"rendered":"\n<div id=\"hero-block_20ae4ed6e241ac0bfc8ae8fd8787a9bc\" class=\"hero\">\n        <header class=\"header-yellow-right\">\n        <div class=\"mask-yellow\" data-scroll-mask=\"right\"><\/div>\n        <div class=\"container-fluid px-0 d-flex align-items-center\">\n            <div class=\"row\">\n                <div class=\"col-lg-6 col-image\">\n                    <img decoding=\"async\" src=\"https:\/\/www.synecom.it\/wp-content\/uploads\/2021\/06\/recupero_14.png\" class=\"img-fluid\" alt=\"\" data-scroll=\"left\">\n                <\/div>\n                <div class=\"col-lg-5 d-flex align-items-center py-md-5\">\n                    <div class=\"row py-md-5\">\n                        <div class=\"col-11 offset-1\">\n                                                        <h2 data-scroll-text=\"chars\">Dienstleistungen<\/h2>\n                                                        <h1 data-scroll-text=\"chars\">Aktivit\u00e4ten &#038; Dienstleistungen SF<sub>6<\/sub><\/h1>\n                                                                                <\/div>\n                    <\/div>\n                <\/div>\n                <a href=\"javascript:void(0);\" data-scroll style=\"color:black\"><span class=\"text-uppercase left\">Scroll<\/span><\/a>\n            <\/div>\n        <\/div>\n    <\/header>\n    <\/div>\n\n\n<section class=\"servizi background-white m-padding-y\">\n    <div class=\"container-fluid\">\n        <div class=\"row \">\n                        <div class=\"col-lg-10 offset-lg-1\">\n                                \n                <div class=\"row set-height px-0 align-items-center row-reverse\">\n                    <div class=\"col-lg-4\"  data-scroll='left'>\n                        <span data-scroll-text>Analyse Gas<\/span>\n                        <h2 data-scroll-text class=\"m-margin-y\">Analyse der Qualit\u00e4t des SF<sub>6<\/sub>-Gases<\/h2>\n                        <p data-scroll-paragraph>Synecom bietet Dienstleistungen von Analyse und Zertifizierung des SF<sub>6<\/sub>-Gases in Flaschen, Ger\u00e4ten und Beh\u00e4ltern, die nach den Normen IEC 60376 und IEC 60480 klassifiziert sind und die \u00abH2O, SO2, % vol. SF<sub>6<\/sub>, HF, H2S, CO, CF4, N2, O2, H2, CO2\u00bb messen. Diese Aktivit\u00e4t erm\u00f6glicht es Unternehmen, die von der Europ\u00e4ischen Union festgelegten Standards f\u00fcr SF<sub>6<\/sub>-Gas zu erreichen und ein hohes Ma\u00df an Effizienz und Sicherheit in ihren Anlagen aufrechtzuerhalten. Der Service kann sowohl bei uns als auch direkt an den Betriebsst\u00e4tten des Kunden erbracht werden.<\/p>\n                    <\/div>\n                    <div class=\"col-lg-6 offset-lg-2 col-figure\" data-scroll='right'>\n                        <img decoding=\"async\" src=\"https:\/\/www.synecom.it\/wp-content\/uploads\/2021\/06\/analizzatore-schermo-8-celle-3-e1614252985529-1.jpeg\" class=\"img-fluid\" alt=\"\">\n                                                <a href=\"http:\/\/www.synecom.it\/de\/contatti\/\" class=\"btn-yellow btn hover-opacity text-uppercase\">\n                            Erbitten Sie Info                            <img decoding=\"async\" src=\"https:\/\/www.synecom.it\/wp-content\/uploads\/2020\/10\/arrow.png\" alt=\"\">\n                        <\/a>\n                                            <\/div>\n                <\/div>\n                            <\/div>\n                    <\/div>\n    <\/div>\n<\/section>\n\n\n<section class=\"m-padding-b formazione\">\n    <div class=\"container-fluid pr-lg-0\">\n        <div class=\"row align-items-center\">\n            <div class=\"col-lg-6 px-0 position-relative d-lg-flex overflow-hidden\" data-scroll=\"left\">\n                                <img decoding=\"async\" src=\"https:\/\/www.synecom.it\/wp-content\/uploads\/2021\/06\/riempimento-con-flow7-e1614077246687-1.jpeg\" class=\"img-custom\" alt=\"\">\n                <div class=\"button-rotated\">\n                                        <a href=\"http:\/\/www.synecom.it\/de\/contatti\/\" class=\"d-flex justify-content-around align-items-center text-uppercase  btn btn-yellow large-btn w-50 hover-opacity\">Erbitten Sie Info \n                        <svg class=\"arrow-btn\" version=\"1.1\" id=\"Livello_1\" xmlns=\"http:\/\/www.w3.org\/2000\/svg\" xmlns:xlink=\"http:\/\/www.w3.org\/1999\/xlink\" x=\"0px\" y=\"0px\"\n                            viewBox=\"0 0 42 26\" style=\"enable-background:new 0 0 42 26;\" xml:space=\"preserve\">\n                            <path d=\"M29.2,0.1l-1.4,1.4l10.1,9.7H0v2h38.1L27.6,24.5l1.6,1.4L42,12.3L29.2,0.1z\"\/>\n                        <\/svg>\n                    <\/a>\n                <\/div>\n            <\/div>\n            <div class=\"col-lg-6 m-padding-x formazione-content d-flex flex-wrap align-items-center\">\n                <div class=\"w-100\" data-scroll=\"right\">\n                    <span data-scroll-text><\/span>\n                    <h2 class=\"my-5\" data-scroll-text>Zeitausgleich und F\u00fcllung des SF<sub>6<\/sub>-Gases<\/h2>\n                    <p data-scroll-paragraph>Eine der wichtigsten Aktivit\u00e4ten, die Synecom macht, ist die Zeitausgleich und F\u00fcllung des SF<sub>6<\/sub>-Gases an elektrischen Hoch-\/Mittelspannungsger\u00e4ten und Partikelbeschleunigern. <br><br>\r\n\r\nDurch eigene qualifizierte und patentierte Techniker, Ger\u00e4te von neusten Generation und in voller \u00dcbereinstimmung mit den geltenden Regeln, Synecom engagiert sich f\u00fcr die R\u00fcckgewinnung des SF<sub>6<\/sub>-Gases von Ger\u00e4ten von elektrischen hoch\/mittel Spannung und Partikelbeschleunigern bis zum Normaldruck oder bis zum Transportdruck. Alle Operationen von R\u00fcckgewinnung des SF<sub>6<\/sub>-Gases m\u00fcssen die darin enthaltene SF<sub>6<\/sub>-Gasanalyse vorausgehen. <br><br>\r\n\r\nAlle Eingriffe sind von qualifiziertem und patentiertem Personal gemacht und in der Datenbank Fgas gem\u00e4\u00df dem neuen DPR 146\/2018 deklariert.\r\n\r\n<\/p>\n                <\/div>\n            <\/div>\n        <\/div>\n        <!-- <div class=\"row my-5\">\n            <div class=\"col d-flex justify-content-end m-padding-x \">\n                <div class=\"button rounded\">\n                    <a href=\"tel:\" class=\"btn btn-yellow\">\n                        <img decoding=\"async\" src=\"https:\/\/www.synecom.it\/wp-content\/uploads\/2020\/10\/phone.png\" alt=\"\">\n                                            <\/a>\n                <\/div>\n            <\/div>\n        <\/div> -->\n    <\/div>\n<\/section>\n\n\n<section class=\"servizi background-white m-padding-y\">\n    <div class=\"container-fluid\">\n        <div class=\"row \">\n                        <div class=\"col-lg-10 offset-lg-1\">\n                                \n                <div class=\"row set-height px-0 align-items-center row-reverse\">\n                    <div class=\"col-lg-4\"  data-scroll='left'>\n                        <span data-scroll-text><\/span>\n                        <h2 data-scroll-text class=\"m-margin-y\">Service Aktivit\u00e4ten<\/h2>\n                        <p data-scroll-paragraph>Dank der jahrzehntelangen Erfahrung und der st\u00e4ndigen Weiterbildung der Techniker engagiert sich Synecom, die Serviceaktivit\u00e4ten von Synecom und anderen Marken f\u00fcr die Handhabung von SF<sub>6<\/sub>-Gas durchzuf\u00fchren. <br>\r\nInsbesondere die Aktivit\u00e4ten, die gemacht werden, sind die folgende: \r\n<ul>\r\n  <li>Revision von Ger\u00e4ten <\/li>\r\n  <li>Retrofit: das hei\u00dft die Anpassung von obsoleten Ger\u00e4ten an neue Vorschriften <\/li>\r\n  <li>Reparaturen <\/li>\r\n  <li>Rekalibrierung und Kalibrierung<\/li>\r\n<\/ul><\/p>\n                    <\/div>\n                    <div class=\"col-lg-6 offset-lg-2 col-figure\" data-scroll='right'>\n                        <img decoding=\"async\" src=\"https:\/\/www.synecom.it\/wp-content\/uploads\/2021\/06\/chiavi-inglesi-1.jpg\" class=\"img-fluid\" alt=\"\">\n                                                <a href=\"http:\/\/www.synecom.it\/de\/contatti\/\" class=\"btn-yellow btn hover-opacity text-uppercase\">\n                            Erbitten Sie Info                            <img decoding=\"async\" src=\"https:\/\/www.synecom.it\/wp-content\/uploads\/2020\/10\/arrow.png\" alt=\"\">\n                        <\/a>\n                                            <\/div>\n                <\/div>\n                            <\/div>\n                    <\/div>\n    <\/div>\n<\/section>\n\n\n<section class=\"m-padding-b formazione\">\n    <div class=\"container-fluid pr-lg-0\">\n        <div class=\"row align-items-center\">\n            <div class=\"col-lg-6 px-0 position-relative d-lg-flex overflow-hidden\" data-scroll=\"left\">\n                                <img decoding=\"async\" src=\"https:\/\/www.synecom.it\/wp-content\/uploads\/2020\/10\/vuoto.jpg\" class=\"img-custom\" alt=\"\">\n                <div class=\"button-rotated\">\n                                        <a href=\"http:\/\/www.synecom.it\/de\/contatti\/\" class=\"d-flex justify-content-around align-items-center text-uppercase  btn btn-yellow large-btn w-50 hover-opacity\">Erbitten Sie Info \n                        <svg class=\"arrow-btn\" version=\"1.1\" id=\"Livello_1\" xmlns=\"http:\/\/www.w3.org\/2000\/svg\" xmlns:xlink=\"http:\/\/www.w3.org\/1999\/xlink\" x=\"0px\" y=\"0px\"\n                            viewBox=\"0 0 42 26\" style=\"enable-background:new 0 0 42 26;\" xml:space=\"preserve\">\n                            <path d=\"M29.2,0.1l-1.4,1.4l10.1,9.7H0v2h38.1L27.6,24.5l1.6,1.4L42,12.3L29.2,0.1z\"\/>\n                        <\/svg>\n                    <\/a>\n                <\/div>\n            <\/div>\n            <div class=\"col-lg-6 m-padding-x formazione-content d-flex flex-wrap align-items-center\">\n                <div class=\"w-100\" data-scroll=\"right\">\n                    <span data-scroll-text><\/span>\n                    <h2 class=\"my-5\" data-scroll-text>Vakuumbehandlungen<\/h2>\n                    <p data-scroll-paragraph>Nach Abschluss der Wartungsoperationen an der Einrichtung, bevor sie in technischer Qualit\u00e4t mit SF<sub>6<\/sub>-Gas gef\u00fcllt wird, es ist notwendig, sie von Luft und N\u00e4sse wieder zu reinigen. Synecom verwendet folgende Techniken:<ul>\r\n  <li>Vakuum Luft gedr\u00fcckt<\/li>\r\n  <li>Waschen des Sektors in Stickstoff (nicht immer erforderlich) <\/li>\r\n<\/ul>\r\nSynecom verwendet Ger\u00e4te, die speziell f\u00fcr diese Aufgaben entwickelt wurden, um diese Operationen zu machen.<\/p>\n                <\/div>\n            <\/div>\n        <\/div>\n        <!-- <div class=\"row my-5\">\n            <div class=\"col d-flex justify-content-end m-padding-x \">\n                <div class=\"button rounded\">\n                    <a href=\"tel:\" class=\"btn btn-yellow\">\n                        <img decoding=\"async\" src=\"https:\/\/www.synecom.it\/wp-content\/uploads\/2020\/10\/phone.png\" alt=\"\">\n                                            <\/a>\n                <\/div>\n            <\/div>\n        <\/div> -->\n    <\/div>\n<\/section>\n\n\n<section class=\"servizi background-white m-padding-y\">\n    <div class=\"container-fluid\">\n        <div class=\"row \">\n                        <div class=\"col-lg-10 offset-lg-1\">\n                                \n                <div class=\"row set-height px-0 align-items-center row-reverse\">\n                    <div class=\"col-lg-4\"  data-scroll='left'>\n                        <span data-scroll-text><\/span>\n                        <h2 data-scroll-text class=\"m-margin-y\">Zertifizierung der Verlustniveaus der Anlagen<\/h2>\n                        <p data-scroll-paragraph>Synecom ist eingerichtet und qualifiziert, um die Zertifizierungen zu verfassen, die der Verlustniveau des SF<sub>6<\/sub>-Gases von Anlagen und Apparaturen testieren. Die Ger\u00e4te enthalten dies Gas. \r\nDie Tests werden mit speziellen Ger\u00e4ten mit hoher Sensibilit\u00e4t gemacht. \r\n<\/p>\n                    <\/div>\n                    <div class=\"col-lg-6 offset-lg-2 col-figure\" data-scroll='right'>\n                        <img decoding=\"async\" src=\"https:\/\/www.synecom.it\/wp-content\/uploads\/2021\/06\/perdita-1.jpg\" class=\"img-fluid\" alt=\"\">\n                                                <a href=\"http:\/\/www.synecom.it\/de\/contatti\/\" class=\"btn-yellow btn hover-opacity text-uppercase\">\n                            Erbitten Sie Info                            <img decoding=\"async\" src=\"https:\/\/www.synecom.it\/wp-content\/uploads\/2020\/10\/arrow.png\" alt=\"\">\n                        <\/a>\n                                            <\/div>\n                <\/div>\n                            <\/div>\n                    <\/div>\n    <\/div>\n<\/section>\n\n\n<section class=\"m-padding-b formazione\">\n    <div class=\"container-fluid pr-lg-0\">\n        <div class=\"row align-items-center\">\n            <div class=\"col-lg-6 px-0 position-relative d-lg-flex overflow-hidden\" data-scroll=\"left\">\n                                <img decoding=\"async\" src=\"https:\/\/www.synecom.it\/wp-content\/uploads\/2021\/06\/maschera-min-1.jpg\" class=\"img-custom\" alt=\"\">\n                <div class=\"button-rotated\">\n                                        <a href=\"http:\/\/www.synecom.it\/de\/contatti\/\" class=\"d-flex justify-content-around align-items-center text-uppercase  btn btn-yellow large-btn w-50 hover-opacity\">Erbitten Sie Info \n                        <svg class=\"arrow-btn\" version=\"1.1\" id=\"Livello_1\" xmlns=\"http:\/\/www.w3.org\/2000\/svg\" xmlns:xlink=\"http:\/\/www.w3.org\/1999\/xlink\" x=\"0px\" y=\"0px\"\n                            viewBox=\"0 0 42 26\" style=\"enable-background:new 0 0 42 26;\" xml:space=\"preserve\">\n                            <path d=\"M29.2,0.1l-1.4,1.4l10.1,9.7H0v2h38.1L27.6,24.5l1.6,1.4L42,12.3L29.2,0.1z\"\/>\n                        <\/svg>\n                    <\/a>\n                <\/div>\n            <\/div>\n            <div class=\"col-lg-6 m-padding-x formazione-content d-flex flex-wrap align-items-center\">\n                <div class=\"w-100\" data-scroll=\"right\">\n                    <span data-scroll-text><\/span>\n                    <h2 class=\"my-5\" data-scroll-text> Sanierung von mit SF<sub>6<\/sub> verunreinigten R\u00e4umen oder Nebenprodukten<\/h2>\n                    <p data-scroll-paragraph>Wenn das SF<sub>6<\/sub>-Gas einer Aktion von einem Lichtbogen unterstellt wird, zersetzt sich das Molek\u00fcl und es entstehen feste und gasf\u00f6rmige Zersetzungsprodukte. <br><br>\r\n\r\nZur Sanierung kontaminierter Kompartimente und R\u00e4ume durch feste Zersetzungsprodukte, Synecom greift durch den Einsatz spezifischer DPI und spezieller Industriestaubsauger ein, um die Sanierung der Bereiche und Umgebungen unter voller Achtung der Umwelt und des involvierten Personals zu garantieren. <br><br>\r\n\r\nDieser Eingriff ist von qualifiziertem und patentiertem Personal durchgef\u00fchrt und muss in der Fgas-Datenbank gem\u00e4\u00df dem neuen DPR 146\/2018 gemeldet werden. Die Sanierung kann erst nach der Inertisierung der sauren Abf\u00e4lle und Reagenzien als abgeschlossen angesehen werden. \r\n<\/p>\n                <\/div>\n            <\/div>\n        <\/div>\n        <!-- <div class=\"row my-5\">\n            <div class=\"col d-flex justify-content-end m-padding-x \">\n                <div class=\"button rounded\">\n                    <a href=\"tel:\" class=\"btn btn-yellow\">\n                        <img decoding=\"async\" src=\"https:\/\/www.synecom.it\/wp-content\/uploads\/2020\/10\/phone.png\" alt=\"\">\n                                            <\/a>\n                <\/div>\n            <\/div>\n        <\/div> -->\n    <\/div>\n<\/section>\n\n\n<section class=\"servizi background-white m-padding-y\">\n    <div class=\"container-fluid\">\n        <div class=\"row \">\n                        <div class=\"col-lg-10 offset-lg-1\">\n                                \n                <div class=\"row set-height px-0 align-items-center row-reverse\">\n                    <div class=\"col-lg-4\"  data-scroll='left'>\n                        <span data-scroll-text><\/span>\n                        <h2 data-scroll-text class=\"m-margin-y\">SF<sub>6<\/sub>-Gasleitung in Altger\u00e4ten<\/h2>\n                        <p data-scroll-paragraph>Die Leitung des SF<sub>6<\/sub>-Gases in Altger\u00e4ten wird von Synecom in der Regel in drei Hauptgesch\u00e4ften durchgef\u00fchrt: \r\n<ul>\r\n  <li>Analyse des Schwefelhexafluorid-Gases, darhin enthalten<\/li>\r\n  <li>R\u00fcckgewinnung von SF<sub>6<\/sub> Gas<\/li>\r\n  <li>Versand der Apparaturen an den Abbruchort und anschlie\u00dfender Abbruch.<\/li>\r\n<\/ul>\r\nSynecom verf\u00fcgt \u00fcber ein spezielles Bohrsystem, das von qualifiziertem und zertifiziertem Personal f\u00fcr die Abdichtung von Systemen verwendet wird, bei denen keine SF<sub>6<\/sub>-Behandlung w\u00e4hrend der gesamten Lebensdauer vorgesehen ist. <br><br>\r\nDiese Operationen werden von qualifiziertem und patentiertem Personal auf der Fgas-Datenbank gem\u00e4\u00df dem neuen DPR 146\/2018 durchgef\u00fchrt.\r\n<\/p>\n                    <\/div>\n                    <div class=\"col-lg-6 offset-lg-2 col-figure\" data-scroll='right'>\n                        <img decoding=\"async\" src=\"https:\/\/www.synecom.it\/wp-content\/uploads\/2021\/06\/poli-da-rottamare-6-1.png\" class=\"img-fluid\" alt=\"\">\n                                                <a href=\"http:\/\/www.synecom.it\/de\/contatti\/\" class=\"btn-yellow btn hover-opacity text-uppercase\">\n                            Erbitten Sie Info                            <img decoding=\"async\" src=\"https:\/\/www.synecom.it\/wp-content\/uploads\/2020\/10\/arrow.png\" alt=\"\">\n                        <\/a>\n                                            <\/div>\n                <\/div>\n                            <\/div>\n                    <\/div>\n    <\/div>\n<\/section>\n\n\n<p><\/p>\n","protected":false},"excerpt":{"rendered":"","protected":false},"author":3,"featured_media":0,"parent":0,"menu_order":0,"comment_status":"closed","ping_status":"closed","template":"template-synecom.php","meta":{"_acf_changed":false,"footnotes":""},"class_list":["post-9849","page","type-page","status-publish","hentry"],"acf":[],"_links":{"self":[{"href":"https:\/\/www.synecom.it\/de\/wp-json\/wp\/v2\/pages\/9849","targetHints":{"allow":["GET"]}}],"collection":[{"href":"https:\/\/www.synecom.it\/de\/wp-json\/wp\/v2\/pages"}],"about":[{"href":"https:\/\/www.synecom.it\/de\/wp-json\/wp\/v2\/types\/page"}],"author":[{"embeddable":true,"href":"https:\/\/www.synecom.it\/de\/wp-json\/wp\/v2\/users\/3"}],"replies":[{"embeddable":true,"href":"https:\/\/www.synecom.it\/de\/wp-json\/wp\/v2\/comments?post=9849"}],"version-history":[{"count":22,"href":"https:\/\/www.synecom.it\/de\/wp-json\/wp\/v2\/pages\/9849\/revisions"}],"predecessor-version":[{"id":17128,"href":"https:\/\/www.synecom.it\/de\/wp-json\/wp\/v2\/pages\/9849\/revisions\/17128"}],"wp:attachment":[{"href":"https:\/\/www.synecom.it\/de\/wp-json\/wp\/v2\/media?parent=9849"}],"curies":[{"name":"wp","href":"https:\/\/api.w.org\/{rel}","templated":true}]}}