{"id":17983,"date":"2020-10-14T23:01:00","date_gmt":"2020-10-14T21:01:00","guid":{"rendered":"https:\/\/www.synecom.it\/careers\/"},"modified":"2024-06-19T10:26:14","modified_gmt":"2024-06-19T08:26:14","slug":"careers","status":"publish","type":"page","link":"https:\/\/www.synecom.it\/es\/careers\/","title":{"rendered":"Careers"},"content":{"rendered":"\n<div id=\"hero-block_e10b297b3569e3af5dc2176c2d5e39f9\" class=\"hero\">\n            <div class=\"background header\" style=\"background-image:url('https:\/\/www.synecom.it\/wp-content\/uploads\/2020\/11\/carriera.jpg') !important;\">\n            <a href=\"javascript:void(0);\" data-scroll class=\"btn btn-yellow text-uppercase btn-large d-none d-lg-flex\">\n                Despl\u00e1zate                <img decoding=\"async\" src=\"https:\/\/www.synecom.it\/wp-content\/uploads\/2020\/10\/arrow-down.png\" class=\"ml-5\" alt=\"\">\n            <\/a>\n        <\/div>\n        <section class=\"description\">\n            <div class=\"container-fluid\">\n                <div class=\"row align-items-center transform\">\n                    <div class=\"col-lg-6 background-product white\">\n                        <div class=\"row\">\n                            <div class=\"col-lg offset-lg-1\">\n                                <span class=\"text-uppercase rotate\" data-scroll-text=\"chars\">careers<\/span>\n                                <h1 data-scroll-text=\"chars\">\u00danete al equipo de Synecom<\/h1>\n                            <\/div>\n                        <\/div>\n                    <\/div>\n                    <div class=\"col-lg px-0\">\n                        \n                    <\/div>\n                <\/div>\n            <\/div>\n        <\/section>\n    <\/div>\n\n\n\n<section class=\"m-padding-y\">\n    <div class=\"container-fluid\">\n        <div class=\"row justify-content-center\">\n            <div class=\"col-lg-10\">\n            <h2 style=\"text-align: center\">Posiciones abiertas<\/h2>\n<p>&nbsp;<\/p>\n<p>&nbsp;<\/p>\n            <\/div>\n        <\/div>\n    <\/div>\n<\/section>\n\n\n\n<section id=\"description-carriera\" class=\"accordion\">\n    <div class=\"container-fluid\">\n        <div class=\"row justify-content-center\">\n                        <div class=\"col-lg-10\">\n                                <div class=\"row\">\n                    <div class=\"col-12 open-box background-lgray\">\n                        <h3>Ingeniero el\u00e9ctrico\/ de automatizaci\u00f3n<\/h3>\n                        <svg version=\"1.1\" id=\"Capa_1\" xmlns=\"http:\/\/www.w3.org\/2000\/svg\" xmlns:xlink=\"http:\/\/www.w3.org\/1999\/xlink\" x=\"0px\" y=\"0px\"\n                                width=\"451.847px\" height=\"451.847px\" viewBox=\"0 0 451.847 451.847\" style=\"enable-background:new 0 0 451.847 451.847;\"\n                                xml:space=\"preserve\">\n                            <g>\n                                <path d=\"M225.923,354.706c-8.098,0-16.195-3.092-22.369-9.263L9.27,151.157c-12.359-12.359-12.359-32.397,0-44.751\n                                    c12.354-12.354,32.388-12.354,44.748,0l171.905,171.915l171.906-171.909c12.359-12.354,32.391-12.354,44.744,0\n                                    c12.365,12.354,12.365,32.392,0,44.751L248.292,345.449C242.115,351.621,234.018,354.706,225.923,354.706z\"\/>\n                            <\/g>\n\n                        <\/svg>\n                    <\/div>\n                    <div class=\"col-12 content\">\n                        <p>Estamos buscando un ingeniero el\u00e9ctrico\/de automatizaci\u00f3n para integrar en el equipo de nuestro departamento t\u00e9cnico que se ocupa de dise\u00f1ar y desarrollar m\u00e1quinas, instalaciones y sistemas de tratamiento y gesti\u00f3n de gas.<br>\r\nLa\/el candidato\/o deber\u00e1 saber gestionar de forma aut\u00f3noma el dise\u00f1o el\u00e9ctrico, apoyar al equipo de investigaci\u00f3n y desarrollo en el dise\u00f1o de las m\u00e1quinas, producir esquemas el\u00e9ctricos unificados, dise\u00f1ar la parte hardware y software para la automatizaci\u00f3n de las m\u00e1quinas, elaborar los informes necesarios.\r\n<br><br>\r\nRequisitos b\u00e1sicos:<br>\r\n-Licenciatura\/Maestr\u00eda en Ingenier\u00eda\r\nEl\u00e9ctrica\/Automatizaci\u00f3n o similar<br>\r\n-Experiencia m\u00ednima de dos a\u00f1os en tareas similares<br>\r\n-Conocimiento de hardware, software, componentes el\u00e9ctricos y electr\u00f3nicos, dise\u00f1o<br>\r\n-Buen conocimiento del ingl\u00e9s<br>\r\n-Disponibilidad para desplazamientos a corto\/medio plazo en Italia\/en el extranjero\r\n<br><br>\r\nSoft skills:<br>\r\n-Capacidad de trabajar en equipo<br>\r\n-Problem solving\r\n<br><br>\r\nLugar de trabajo: Stezzano (BG)\r\n<br><br>\r\nLas ofertas est\u00e1n dirigidas a candidatos mixtos (L. 903\/77 &#8211; D-lgs. n.198\/2006, L.125\/91).\r\n<\/p>\n                    <\/div>\n                                        <div class=\"col-12 content\">\n                        <h3><\/h3>\n                                            <\/div>\n                                                            <div class=\"col-12 content d-flex justify-content-center\">\n                        <a class=\"candidatura open-modal-candidatura\" href=\"javascript:void(0);\">Enviar solicitud<\/a>\n                    <\/div>\n                                    <\/div>\n                                <div class=\"row\">\n                    <div class=\"col-12 open-box background-lgray\">\n                        <h3>Chemical Sales and Proposal Specialist<\/h3>\n                        <svg version=\"1.1\" id=\"Capa_1\" xmlns=\"http:\/\/www.w3.org\/2000\/svg\" xmlns:xlink=\"http:\/\/www.w3.org\/1999\/xlink\" x=\"0px\" y=\"0px\"\n                                width=\"451.847px\" height=\"451.847px\" viewBox=\"0 0 451.847 451.847\" style=\"enable-background:new 0 0 451.847 451.847;\"\n                                xml:space=\"preserve\">\n                            <g>\n                                <path d=\"M225.923,354.706c-8.098,0-16.195-3.092-22.369-9.263L9.27,151.157c-12.359-12.359-12.359-32.397,0-44.751\n                                    c12.354-12.354,32.388-12.354,44.748,0l171.905,171.915l171.906-171.909c12.359-12.354,32.391-12.354,44.744,0\n                                    c12.365,12.354,12.365,32.392,0,44.751L248.292,345.449C242.115,351.621,234.018,354.706,225.923,354.706z\"\/>\n                            <\/g>\n\n                        <\/svg>\n                    <\/div>\n                    <div class=\"col-12 content\">\n                        <p>Estamos buscando un especialista en Ventas Qu\u00edmicas y Proposal para colocar en el \u00e1rea comercial. <br>\r\nLa\/el candidato\/o deber\u00e1 interactuar con los clientes, elaborar ofertas comerciales, apoyar al equipo t\u00e9cnico\/comercial para temas relacionados con el sector qu\u00edmico..\r\n<br><br>\r\nRequisitos b\u00e1sicos:<br>\r\n-Licenciatura\/Maestr\u00eda en Ingenier\u00eda Qu\u00edmica<br>\r\n-Conocimiento del paquete de Office<br>\r\n-Excelentes conocimientos de ingl\u00e9s escrito y hablado<br>\r\n-Disponibilidad para desplazamientos a corto\/medio plazo en Italia\/en el extranjero\r\n<br><br>\r\nSoft skills:<br>\r\n-Capacidad de trabajar en equipo<br>\r\n-Problem solving<br>\r\n-Excelente capacidad de relacionarse con los dem\u00e1s\r\n<br><br>\r\nLugar de trabajo: Stezzano (BG)\r\n<br><br>\r\nLas ofertas est\u00e1n dirigidas a candidatos mixtos (L. 903\/77 &#8211; D-lgs. n.198\/2006, L.125\/91).<\/p>\n                    <\/div>\n                                        <div class=\"col-12 content\">\n                        <h3><\/h3>\n                                            <\/div>\n                                                            <div class=\"col-12 content d-flex justify-content-center\">\n                        <a class=\"candidatura open-modal-candidatura\" href=\"javascript:void(0);\">Enviar solicitud<\/a>\n                    <\/div>\n                                    <\/div>\n                                <div class=\"row\">\n                    <div class=\"col-12 open-box background-lgray\">\n                        <h3>Reci\u00e9n graduado\/a Electrot\u00e9cnico o Qu\u00edmico<\/h3>\n                        <svg version=\"1.1\" id=\"Capa_1\" xmlns=\"http:\/\/www.w3.org\/2000\/svg\" xmlns:xlink=\"http:\/\/www.w3.org\/1999\/xlink\" x=\"0px\" y=\"0px\"\n                                width=\"451.847px\" height=\"451.847px\" viewBox=\"0 0 451.847 451.847\" style=\"enable-background:new 0 0 451.847 451.847;\"\n                                xml:space=\"preserve\">\n                            <g>\n                                <path d=\"M225.923,354.706c-8.098,0-16.195-3.092-22.369-9.263L9.27,151.157c-12.359-12.359-12.359-32.397,0-44.751\n                                    c12.354-12.354,32.388-12.354,44.748,0l171.905,171.915l171.906-171.909c12.359-12.354,32.391-12.354,44.744,0\n                                    c12.365,12.354,12.365,32.392,0,44.751L248.292,345.449C242.115,351.621,234.018,354.706,225.923,354.706z\"\/>\n                            <\/g>\n\n                        <\/svg>\n                    <\/div>\n                    <div class=\"col-12 content\">\n                        <p>Estamos buscando un\/a reci\u00e9n graduado\/a Electrot\u00e9cnico o Qu\u00edmico para insertar en nuestro taller. <br>No se requiere niguna experiencia laboral.\r\n<br><br>\r\nRequisitos b\u00e1sicos::<br>\r\n-Diploma T\u00e9cnico Industrial en Ingenier\u00eda El\u00e9ctrica o Qu\u00edmica<br>\r\n-Conocimiento del paquete de Office<br>\r\n-Disponibilidad para desplazamientos a corto\/medio plazo en Italia\/en el extranjero\r\n\r\n<br><br>\r\nSoft skills:<br>\r\n-Capacidad de trabajar en equipo<br>\r\n<br><br>\r\nLugar de trabajo: Stezzano (BG)\r\n<br><br>\r\nLas ofertas est\u00e1n dirigidas a candidatos mixtos (L. 903\/77 &#8211; D-lgs. n.198\/2006, L.125\/91).<\/p>\n                    <\/div>\n                                        <div class=\"col-12 content\">\n                        <h3><\/h3>\n                                            <\/div>\n                                                            <div class=\"col-12 content d-flex justify-content-center\">\n                        <a class=\"candidatura open-modal-candidatura\" href=\"javascript:void(0);\">Enviar solicitud<\/a>\n                    <\/div>\n                                    <\/div>\n                            <\/div>\n                    <\/div>\n    <\/div>\n<\/section>\n\n\n<section id=\"contatti\" class=\"content background-white modal-candidatura\">\n    <div class=\"content\">\n        <div class=\"close\">\n            <svg version=\"1.1\" width=\"24\" height=\"24\" xmlns=\"http:\/\/www.w3.org\/2000\/svg\" xmlns:xlink=\"http:\/\/www.w3.org\/1999\/xlink\" x=\"0px\" y=\"0px\" viewBox=\"0 0 1000 1000\" enable-background=\"new 0 0 1000 1000\" xml:space=\"preserve\">\n                <g><path d=\"M945.7,989.4L10,53.8L54.3,9.4L990,945.1L945.7,989.4z\"\/><path d=\"M10,946.2L945.7,10.6L990,54.9L54.3,990.6L10,946.2L10,946.2z\"\/><\/g>\n            <\/svg>\n        <\/div>\n        <div class=\"container-fluid\">\n            <div class=\"row align-items-center justify-content-center\">\n                <div class=\"col-lg-4\">\n                    <p class=\"wpcf7-contact-form-not-found\"><strong>Error:<\/strong> Formulario de contacto no encontrado.<\/p>                <\/div>\n            <\/div>\n        <\/div>\n    <\/div>\n<\/section>\n\n\n\n<section id=\"application-form\" class=\"m-padding-b\">\n    <div class=\"container-fluid\">\n        <div class=\"row align-items-center justify-content-center\">\n            <div class=\"col-lg-10 text-center\">\n                <h2>Candidatura Espont\u00e1nea<\/h2>\n            <\/div>\n            <div class=\"col-lg-4\">\n                <p class=\"wpcf7-contact-form-not-found\"><strong>Error:<\/strong> Formulario de contacto no encontrado.<\/p>            <\/div>\n        <\/div>\n    <\/div>\n<\/section>","protected":false},"excerpt":{"rendered":"","protected":false},"author":1,"featured_media":0,"parent":0,"menu_order":0,"comment_status":"closed","ping_status":"closed","template":"template-synecom.php","meta":{"_acf_changed":false,"footnotes":""},"class_list":["post-17983","page","type-page","status-publish","hentry"],"acf":[],"_links":{"self":[{"href":"https:\/\/www.synecom.it\/es\/wp-json\/wp\/v2\/pages\/17983","targetHints":{"allow":["GET"]}}],"collection":[{"href":"https:\/\/www.synecom.it\/es\/wp-json\/wp\/v2\/pages"}],"about":[{"href":"https:\/\/www.synecom.it\/es\/wp-json\/wp\/v2\/types\/page"}],"author":[{"embeddable":true,"href":"https:\/\/www.synecom.it\/es\/wp-json\/wp\/v2\/users\/1"}],"replies":[{"embeddable":true,"href":"https:\/\/www.synecom.it\/es\/wp-json\/wp\/v2\/comments?post=17983"}],"version-history":[{"count":5,"href":"https:\/\/www.synecom.it\/es\/wp-json\/wp\/v2\/pages\/17983\/revisions"}],"predecessor-version":[{"id":20194,"href":"https:\/\/www.synecom.it\/es\/wp-json\/wp\/v2\/pages\/17983\/revisions\/20194"}],"wp:attachment":[{"href":"https:\/\/www.synecom.it\/es\/wp-json\/wp\/v2\/media?parent=17983"}],"curies":[{"name":"wp","href":"https:\/\/api.w.org\/{rel}","templated":true}]}}