{"id":18154,"date":"2020-12-04T11:56:49","date_gmt":"2020-12-04T10:56:49","guid":{"rendered":"https:\/\/www.synecom.it\/rigenerazione\/"},"modified":"2024-06-18T11:21:19","modified_gmt":"2024-06-18T09:21:19","slug":"rigenerazione","status":"publish","type":"page","link":"https:\/\/www.synecom.it\/es\/rigenerazione\/","title":{"rendered":"Regeneraci\u00f3n"},"content":{"rendered":"\n<div id=\"hero-block_1c32908793098ee5688b95f7be54db5a\" class=\"hero\">\n        <header class=\"header-yellow-right\">\n        <div class=\"mask-yellow\" data-scroll-mask=\"right\"><\/div>\n        <div class=\"container-fluid px-0 d-flex align-items-center\">\n            <div class=\"row\">\n                <div class=\"col-lg-6 col-image\">\n                    <img decoding=\"async\" src=\"https:\/\/www.synecom.it\/wp-content\/uploads\/2021\/06\/3.3.1-bombole-synecom_2-1.jpg\" class=\"img-fluid\" alt=\"\" data-scroll=\"left\">\n                <\/div>\n                <div class=\"col-lg-5 d-flex align-items-center py-md-5\">\n                    <div class=\"row py-md-5\">\n                        <div class=\"col-11 offset-1\">\n                                                        <h2 data-scroll-text=\"chars\">Regeneraci\u00f3n<\/h2>\n                                                        <h1 data-scroll-text=\"chars\">Regeneraci\u00f3n Gas SF<sub>6<\/sub> <\/h1>\n                                                                                <\/div>\n                    <\/div>\n                <\/div>\n                <a href=\"javascript:void(0);\" data-scroll style=\"color:black\"><span class=\"text-uppercase left\">Scroll<\/span><\/a>\n            <\/div>\n        <\/div>\n    <\/header>\n    <\/div>\n\n\n\n<section class=\"m-padding-y\">\n    <div class=\"container-fluid\">\n        <div class=\"row justify-content-center\">\n            <div class=\"col-lg-10\">\n            <h3 style=\"text-align: center\">EL GAS SF\u2086 ES UN GAS SINT\u00c9TICO DE GRAN IMPACTO:<br \/>\nCUANTO M\u00c1S REGENERAMOS, MENOS PRODUCIMOS.<\/h3>\n            <\/div>\n        <\/div>\n    <\/div>\n<\/section>\n\n<section class=\"ricerca-sviluppo m-padding-b\">\n    <div class=\"container-fluid\">\n        <div class=\"row flex-column-reverse flex-lg-row\">\n            <div class=\"col-lg-6 pl-0 d-lg-flex overflow-hidden\">\n                                <img decoding=\"async\" src=\"https:\/\/www.synecom.it\/wp-content\/uploads\/2024\/06\/2.png\" class=\"img-fluid obj-fit\" alt=\"\" data-scroll=\"left\">\n                            <\/div>\n            <div class=\"col-lg-4 offset-lg-1\">\n                <div class=\"custom-pad\">\n                    <span data-scroll-text>Reutilizaci\u00f3n de SF<sub>6<\/sub><\/span>\n                    <h2 data-scroll-text class=\"m-margin-y\">Econom\u00eda circular<\/h2>\n                    <p data-scroll-paragraph>La regeneraci\u00f3n del gas SF<sub>6<\/sub> es un proceso industrial que puede ampliar el ciclo de vida del gas hexafluoruro de azufre, contribuyendo a generar un valor econ\u00f3mico y medioambiental adicional. <br><br>\r\nLa planta de regeneraci\u00f3n de Synecom es capaz de regenerar gas SF<sub>6<\/sub> descompuesto y muy descompuesto contaminado con aire o humedad. De hecho, mediante sistemas especiales de filtrado y ciclos de tratamiento criog\u00e9nico, la planta de regeneraci\u00f3n de Synecom purifica el gas SF<sub>6<\/sub> hasta niveles de pureza iguales o superiores a los nuevos.\r\n<\/p>\n                <\/div>\n            <\/div>\n        <\/div>\n    <\/div>\n<\/section>\n\n\n<section class=\"servizi background-white m-padding-y\">\n    <div class=\"container-fluid\">\n        <div class=\"row \">\n                        <div class=\"col-lg-10 offset-lg-1\">\n                                \n                <div class=\"row set-height px-0 align-items-center row-reverse\">\n                    <div class=\"col-lg-4\"  data-scroll='left'>\n                        <span data-scroll-text>Ventajas<\/span>\n                        <h2 data-scroll-text class=\"m-margin-y\">La regeneraci\u00f3n y sus ventajas<\/h2>\n                        <p data-scroll-paragraph>Los beneficios de la regeneraci\u00f3n se basan en tres aspectos fundamentales:<ol>\r\n<li> <strong> medioambiental:<\/strong> cada kg de gas SF<sub>6<\/sub> regenerado evita la emisi\u00f3n a la atm\u00f3sfera de 2,05 toneladas equivalentes de CO2.<\/li>\r\n<li> <strong> social:<\/strong> se evita la producci\u00f3n de nuevo gas y la eliminaci\u00f3n del gas usado, otra fuente de emisiones atmosf\u00e9ricas a expensas de las generaciones futuras.<\/li>\r\n<li> <strong> econ\u00f3mico:<\/strong> ahorro de alrededor del 50 % en comparaci\u00f3n con el coste de producci\u00f3n y eliminaci\u00f3n de la misma cantidad de gas SF<sub>6<\/sub>.<\/li>\r\n<\/ol>\r\n<\/p>\n                    <\/div>\n                    <div class=\"col-lg-6 offset-lg-2 col-figure\" data-scroll='right'>\n                        <img decoding=\"async\" src=\"https:\/\/www.synecom.it\/wp-content\/uploads\/2023\/02\/Schema-rigenerazione-ENG.png\" class=\"img-fluid\" alt=\"\">\n                                            <\/div>\n                <\/div>\n                            <\/div>\n                    <\/div>\n    <\/div>\n<\/section>\n\n<section class=\"ricerca-sviluppo m-padding-b\">\n    <div class=\"container-fluid\">\n        <div class=\"row flex-column-reverse flex-lg-row\">\n            <div class=\"col-lg-6 pl-0 d-lg-flex overflow-hidden\">\n                                <img decoding=\"async\" src=\"https:\/\/www.synecom.it\/wp-content\/uploads\/2021\/06\/businessman5-1.png\" class=\"img-fluid obj-fit\" alt=\"\" data-scroll=\"left\">\n                            <\/div>\n            <div class=\"col-lg-4 offset-lg-1\">\n                <div class=\"custom-pad\">\n                    <span data-scroll-text>Resultados<\/span>\n                    <h2 data-scroll-text class=\"m-margin-y\">Nuestros resultados<\/h2>\n                    <p data-scroll-paragraph>Mediante el seguimiento de las cantidades de gas de hexafluoruro de azufre regenerado desde 2014, hemos observado que la tendencia de la demanda de regeneraci\u00f3n de gas SF<sub>6<\/sub> es de crecimiento continuo: en concreto, se ha observado un crecimiento del 300 % desde 2014 hasta 2020.<br><br>\r\nUna de las principales ventajas de la regeneraci\u00f3n de gas SF<sub>6<\/sub> es evitar tanto la producci\u00f3n de nuevo SF<sub>6<\/sub> como la eliminaci\u00f3n del SF<sub>6<\/sub> usado.<br>\r\nGracias a este proceso, de 2014 a 2020 se pudo evitar la emisi\u00f3n a la atm\u00f3sfera de aproximadamente <b> 600 000 toneladas equivalentes de CO2.<\/b>\r\n\r\n<\/p>\n                <\/div>\n            <\/div>\n        <\/div>\n    <\/div>\n<\/section>\n\n\n\n\n\n\n<section class=\"servizi background-white m-padding-y\">\n    <div class=\"container-fluid\">\n        <div class=\"row \">\n                        <div class=\"col-lg-10 offset-lg-1\">\n                                \n                <div class=\"row set-height px-0 align-items-center row-reverse\">\n                    <div class=\"col-lg-4\"  data-scroll='left'>\n                        <span data-scroll-text>Synecom y Terna Rete Italia <br> unidos contra el cambio clim\u00e1tico<\/span>\n                        <h2 data-scroll-text class=\"m-margin-y\">Closed Cycle Management of SF<sub>6<\/sub><\/h2>\n                        <p data-scroll-paragraph>El hexafluoruro de azufre es un gas aislante utilizado en los equipos que prestan servicio a la Red nacional de transmisi\u00f3n.<br><br>\r\nLas fugas de SF<sub>6<\/sub> son la principal fuente de emisiones directas de Terna Rete Italia: el proyecto de Closed Cycle Management of SF<sub>6<\/sub>, en colaboraci\u00f3n con Synecom, forma parte del compromiso general de Terna Rete Italia de reducir las emisiones de gas SF<sub>6<\/sub> a la atm\u00f3sfera, previendo la reutilizaci\u00f3n completa del gas SF<sub>6<\/sub> tras su regeneraci\u00f3n.<br><br>\r\n\r\nEsto permite, al mismo tiempo, reducir al m\u00ednimo la eliminaci\u00f3n, producci\u00f3n y posterior dispersi\u00f3n de gas SF<sub>6<\/sub> en el medioambiente.<br><br>\r\nConcretamente, Synecom se encarga de recibir el gas SF<sub>6<\/sub> extra\u00eddo de los equipos y que ya no es apto para su reutilizaci\u00f3n (debido a la presencia de impurezas por encima de los l\u00edmites establecidos por la norma CEI EN 60480) para regenerarlo y reutilizarlo en los mismos equipos.\r\n<\/p>\n                    <\/div>\n                    <div class=\"col-lg-6 offset-lg-2 col-figure\" data-scroll='right'>\n                        <img decoding=\"async\" src=\"https:\/\/www.synecom.it\/wp-content\/uploads\/2021\/06\/soluzioni-gas-sf6-no-bordo-1.png\" class=\"img-fluid\" alt=\"\">\n                                                <a href=\"https:\/\/www.terna.it\/it\/sostenibilita\/ambiente\/cambiamento-climatico\" target=\"_blank\" class=\"btn-yellow btn hover-opacity text-uppercase\" rel=\"noopener\">\n                            Terna: el proyecto                            <img decoding=\"async\" src=\"https:\/\/www.synecom.it\/wp-content\/uploads\/2020\/10\/arrow.png\" alt=\"\">\n                        <\/a>\n                                            <\/div>\n                <\/div>\n                            <\/div>\n                    <\/div>\n    <\/div>\n<\/section>","protected":false},"excerpt":{"rendered":"","protected":false},"author":3,"featured_media":0,"parent":0,"menu_order":0,"comment_status":"closed","ping_status":"closed","template":"template-synecom.php","meta":{"_acf_changed":false,"footnotes":""},"class_list":["post-18154","page","type-page","status-publish","hentry"],"acf":[],"_links":{"self":[{"href":"https:\/\/www.synecom.it\/es\/wp-json\/wp\/v2\/pages\/18154","targetHints":{"allow":["GET"]}}],"collection":[{"href":"https:\/\/www.synecom.it\/es\/wp-json\/wp\/v2\/pages"}],"about":[{"href":"https:\/\/www.synecom.it\/es\/wp-json\/wp\/v2\/types\/page"}],"author":[{"embeddable":true,"href":"https:\/\/www.synecom.it\/es\/wp-json\/wp\/v2\/users\/3"}],"replies":[{"embeddable":true,"href":"https:\/\/www.synecom.it\/es\/wp-json\/wp\/v2\/comments?post=18154"}],"version-history":[{"count":7,"href":"https:\/\/www.synecom.it\/es\/wp-json\/wp\/v2\/pages\/18154\/revisions"}],"predecessor-version":[{"id":20147,"href":"https:\/\/www.synecom.it\/es\/wp-json\/wp\/v2\/pages\/18154\/revisions\/20147"}],"wp:attachment":[{"href":"https:\/\/www.synecom.it\/es\/wp-json\/wp\/v2\/media?parent=18154"}],"curies":[{"name":"wp","href":"https:\/\/api.w.org\/{rel}","templated":true}]}}