{"id":18156,"date":"2020-11-27T15:56:11","date_gmt":"2020-11-27T14:56:11","guid":{"rendered":"https:\/\/www.synecom.it\/f-green\/"},"modified":"2024-06-18T11:30:28","modified_gmt":"2024-06-18T09:30:28","slug":"f-green","status":"publish","type":"page","link":"https:\/\/www.synecom.it\/es\/f-green\/","title":{"rendered":"F-Green"},"content":{"rendered":"\n<div id=\"hero-block_5dabf8ffb04d52261b3e7053da030a75\" class=\"hero\">\n        <header class=\"header-yellow-right\">\n        <div class=\"mask-yellow\" data-scroll-mask=\"right\"><\/div>\n        <div class=\"container-fluid px-0 d-flex align-items-center\">\n            <div class=\"row\">\n                <div class=\"col-lg-6 col-image\">\n                    <img decoding=\"async\" src=\"https:\/\/www.synecom.it\/wp-content\/uploads\/2020\/11\/f-green-overview.jpg\" class=\"img-fluid\" alt=\"\" data-scroll=\"left\">\n                <\/div>\n                <div class=\"col-lg-5 d-flex align-items-center py-md-5\">\n                    <div class=\"row py-md-5\">\n                        <div class=\"col-11 offset-1\">\n                                                        <h1 data-scroll-text=\"chars\">F-Green<br>Sistema de supervisi\u00f3n <\/h1>\n                                                                                <\/div>\n                    <\/div>\n                <\/div>\n                <a href=\"javascript:void(0);\" data-scroll style=\"color:black\"><span class=\"text-uppercase left\">Scroll<\/span><\/a>\n            <\/div>\n        <\/div>\n    <\/header>\n    <\/div>\n\n\n<section class=\"servizi background-white m-padding-y\">\n    <div class=\"container-fluid\">\n        <div class=\"row \">\n                        <div class=\"col-lg-10 offset-lg-1\">\n                                \n                <div class=\"row set-height px-0 align-items-center row-reverse\">\n                    <div class=\"col-lg-4\"  data-scroll='left'>\n                        <span data-scroll-text>Qu\u00e9 es y qu\u00e9 hace<\/span>\n                        <h2 data-scroll-text class=\"m-margin-y\">Sistema de supervisi\u00f3n <\/h2>\n                        <p data-scroll-paragraph>El sistema de supervisi\u00f3n F-Green, patentado por Synecom, est\u00e1 dedicado a SF<sub>6<\/sub> y F-Gas. Garantiza en una \u00fanica soluci\u00f3n tecnol\u00f3gica los aspectos relacionados con la m\u00e1xima protecci\u00f3n medioambiental, la supervisi\u00f3n, la dataci\u00f3n de eventos, la notificaci\u00f3n y la prevenci\u00f3n de interrupciones de las instalaciones de alta tensi\u00f3n (GIS, AIS, cabezales de cable HVDC de SF<sub>6<\/sub>) y aceleradores de part\u00edculas. <\/p>\n                    <\/div>\n                    <div class=\"col-lg-6 offset-lg-2 col-figure\" data-scroll='right'>\n                        <img decoding=\"async\" src=\"https:\/\/www.synecom.it\/wp-content\/uploads\/2024\/06\/3-1.png\" class=\"img-fluid\" alt=\"\">\n                                                <a href=\"http:\/\/www.synecom.it\/applicazioni\/impianti-elettrici-alta-e-media-tensione\/\" class=\"btn-yellow btn hover-opacity text-uppercase\">\n                            Descubre m\u00e1s: Sistemas AT-MT                            <img decoding=\"async\" src=\"https:\/\/www.synecom.it\/wp-content\/uploads\/2020\/10\/arrow.png\" alt=\"\">\n                        <\/a>\n                                            <\/div>\n                <\/div>\n                            <\/div>\n                    <\/div>\n    <\/div>\n<\/section>\n\n<section class=\"ricerca\">\n    <div class=\"container-fluid\">\n        <div class=\"row align-items-center \">\n            <div class=\"col-lg-6 pl-0\" data-scroll=\"left\">\n                                <img decoding=\"async\" src=\"https:\/\/www.synecom.it\/wp-content\/uploads\/2021\/02\/vaisala2-e1612433290995.png\" class=\"w-100\" alt=\"\">\n                <div class=\"button-rotated\">\n                                        <a href=\"https:\/\/www.vaisala.com\/it\" target=\"_blank\" class=\"d-flex justify-content-around align-items-center text-uppercase  btn btn-yellow large-btn w-50 hover-opacity\" rel=\"noopener\">Sensores Vaisala <img decoding=\"async\" src=\"https:\/\/www.synecom.it\/wp-content\/uploads\/2020\/10\/arrow.png\" class=\"btn-arrow \" alt=\"\"><\/a>\n                <\/div>\n            <\/div>\n            <div class=\"col-lg-4 offset-lg-1 pt-5 pt-lg-0\">\n                <span data-scroll-text><br><br>Sensores<\/span>\n                <h2 data-scroll-text class=\"m-margin-y\">Par\u00e1metros de estado<\/h2>\n                <p data-scroll-paragraph>F-Green est\u00e1 equipado con sensores de \u00faltima generaci\u00f3n capaces de controlar de forma independiente los valores de punto de roc\u00edo\/humedad del gas SF<sub>6<\/sub>, la temperatura del compartimento y la presi\u00f3n.<br><br>\r\nMediante an\u00e1lisis puntuales, es capaz de prevenir paradas improvisadas de la planta y\/o el deterioro de la calidad de la misma, evitando as\u00ed el riesgo de apagones o trabajos de reparaci\u00f3n y mantenimiento excesivamente costosos.\r\n<\/p>\n            <\/div>\n        <\/div>\n    <\/div>\n<\/section>\n\n\n<section class=\"servizi background-white m-padding-y\">\n    <div class=\"container-fluid\">\n        <div class=\"row \">\n                        <div class=\"col-lg-10 offset-lg-1\">\n                                \n                <div class=\"row set-height px-0 align-items-center row-reverse\">\n                    <div class=\"col-lg-4\"  data-scroll='left'>\n                        <span data-scroll-text><br><br>Predicci\u00f3n de fugas<\/span>\n                        <h2 data-scroll-text class=\"m-margin-y\">Detecci\u00f3n de fugas<\/h2>\n                        <p data-scroll-paragraph>Un algoritmo procesa los par\u00e1metros de estado detectados por los sensores y realiza una predicci\u00f3n de la tendencia de fugas de las instalaciones.<br><br>\r\nEl resultado son las siguientes ventajas:<br>\r\n&#8211; evitar la puesta fuera de servicio improvisada de las instalaciones;<br>\r\n&#8211; prevenir el deterioro de la calidad de las instalaciones;<br>\r\n&#8211; planificar lo mejor posible la vida \u00fatil real y la esperanza de vida de las piezas de estanqueidad a presi\u00f3n para reducir las fugas de gas SF<sub>6<\/sub> a la atm\u00f3sfera.<br>\r\n<\/p>\n                    <\/div>\n                    <div class=\"col-lg-6 offset-lg-2 col-figure\" data-scroll='right'>\n                        <img decoding=\"async\" src=\"https:\/\/www.synecom.it\/wp-content\/uploads\/2021\/06\/f-green-parametri_5-e1611839941866-3.png\" class=\"img-fluid\" alt=\"\">\n                                                <a href=\"http:\/\/www.synecom.it\/contatti\/\" class=\"btn-yellow btn hover-opacity text-uppercase\">\n                            Pedir informaci\u00f3n                            <img decoding=\"async\" src=\"https:\/\/www.synecom.it\/wp-content\/uploads\/2020\/10\/arrow.png\" alt=\"\">\n                        <\/a>\n                                            <\/div>\n                <\/div>\n                            <\/div>\n                    <\/div>\n    <\/div>\n<\/section>\n\n<section class=\"ricerca-sviluppo m-padding-b\">\n    <div class=\"container-fluid\">\n        <div class=\"row flex-column-reverse flex-lg-row\">\n            <div class=\"col-lg-6 pl-0 d-lg-flex overflow-hidden\">\n                                <img decoding=\"async\" src=\"https:\/\/www.synecom.it\/wp-content\/uploads\/2024\/06\/4.png\" class=\"img-fluid obj-fit\" alt=\"\" data-scroll=\"left\">\n                            <\/div>\n            <div class=\"col-lg-4 offset-lg-1\">\n                <div class=\"custom-pad\">\n                    <span data-scroll-text>Software<\/span>\n                    <h2 data-scroll-text class=\"m-margin-y\">Conexi\u00f3n remota<\/h2>\n                    <p data-scroll-paragraph>F-Green se ha dise\u00f1ado para poder controlarse a distancia seg\u00fan los requisitos del cliente y con posibilidad de expandirse a plataformas de tel\u00e9fonos inteligentes y tabletas.<br><br>\r\nPara usuarios e instalaciones que no est\u00e9n interconectados externamente, est\u00e1 equipado con una tarjeta de datos GSM.<br><br>\r\nPara los usuarios que necesiten transmitir datos de varias plantas en las que est\u00e9n instalados sistemas F-Green, es posible supervisar e interactuar planta por planta y generar informes acumulativos sobre el estado de las plantas.  <\/p>\n                <\/div>\n            <\/div>\n        <\/div>\n    <\/div>\n<\/section>","protected":false},"excerpt":{"rendered":"","protected":false},"author":3,"featured_media":0,"parent":0,"menu_order":0,"comment_status":"closed","ping_status":"closed","template":"template-synecom.php","meta":{"_acf_changed":false,"footnotes":""},"class_list":["post-18156","page","type-page","status-publish","hentry"],"acf":[],"_links":{"self":[{"href":"https:\/\/www.synecom.it\/es\/wp-json\/wp\/v2\/pages\/18156","targetHints":{"allow":["GET"]}}],"collection":[{"href":"https:\/\/www.synecom.it\/es\/wp-json\/wp\/v2\/pages"}],"about":[{"href":"https:\/\/www.synecom.it\/es\/wp-json\/wp\/v2\/types\/page"}],"author":[{"embeddable":true,"href":"https:\/\/www.synecom.it\/es\/wp-json\/wp\/v2\/users\/3"}],"replies":[{"embeddable":true,"href":"https:\/\/www.synecom.it\/es\/wp-json\/wp\/v2\/comments?post=18156"}],"version-history":[{"count":6,"href":"https:\/\/www.synecom.it\/es\/wp-json\/wp\/v2\/pages\/18156\/revisions"}],"predecessor-version":[{"id":20166,"href":"https:\/\/www.synecom.it\/es\/wp-json\/wp\/v2\/pages\/18156\/revisions\/20166"}],"wp:attachment":[{"href":"https:\/\/www.synecom.it\/es\/wp-json\/wp\/v2\/media?parent=18156"}],"curies":[{"name":"wp","href":"https:\/\/api.w.org\/{rel}","templated":true}]}}