{"id":18198,"date":"2020-11-23T12:22:28","date_gmt":"2020-11-23T11:22:28","guid":{"rendered":"https:\/\/www.synecom.it\/gas-sf6\/"},"modified":"2024-06-13T12:19:41","modified_gmt":"2024-06-13T10:19:41","slug":"gas-sf6","status":"publish","type":"page","link":"https:\/\/www.synecom.it\/es\/gas-sf6\/","title":{"rendered":"Gas SF<sub>6<\/sub>"},"content":{"rendered":"\n<div id=\"hero-block_81b7b2dd71b37274c48d711c074d7738\" class=\"hero\">\n        <header class=\"header-yellow-right\">\n        <div class=\"mask-yellow\" data-scroll-mask=\"right\"><\/div>\n        <div class=\"container-fluid px-0 d-flex align-items-center\">\n            <div class=\"row\">\n                <div class=\"col-lg-6 col-image\">\n                    <img decoding=\"async\" src=\"https:\/\/www.synecom.it\/wp-content\/uploads\/2021\/06\/molecola-sf6_5-1.png\" class=\"img-fluid\" alt=\"\" data-scroll=\"left\">\n                <\/div>\n                <div class=\"col-lg-5 d-flex align-items-center py-md-5\">\n                    <div class=\"row py-md-5\">\n                        <div class=\"col-11 offset-1\">\n                                                        <h1 data-scroll-text=\"chars\">Gas SF<sub>6<\/sub><br>Hexafluoruro de azufre<\/h1>\n                                                        <p data-scroll-paragraph=\"chars\" class=\"mt-5\">El hexafluoruro de azufre es un gas de s\u00edntesis formado por 6 \u00e1tomos de fl\u00faor agrupados en torno a un \u00e1tomo de azufre situado en el centro: esta estructura hace que el gas SF<sub>6<\/sub> sea muy estable a nivel qu\u00edmico y t\u00e9rmico. Por sus propiedades qu\u00edmicas y f\u00edsicas, el hexafluoruro de azufre es un excelente gas aislante, inerte y no t\u00f3xico, cuya rigidez diel\u00e9ctrica es aproximadamente 2,5 veces la del aire. Su uso principal es como aislante y extintor de arco en aparamenta de alta tensi\u00f3n. <br><br>\r\nDado que el SF<sub>6<\/sub> es uno de los principales gases de efecto invernadero, es decir, con un elevado potencial de calentamiento global, est\u00e1 sujeto a control: el gobierno italiano, mediante el Decreto presidencial 146, introdujo la base de datos de gases fluorados, cuyo objetivo es realizar un seguimiento eficaz de las emisiones de gases fluorados de efecto invernadero para controlar el cumplimiento de los objetivos de reducci\u00f3n de emisiones.\r\n<\/p>\n                                                                                <\/div>\n                    <\/div>\n                <\/div>\n                <a href=\"javascript:void(0);\" data-scroll style=\"color:black\"><span class=\"text-uppercase left\">Scroll<\/span><\/a>\n            <\/div>\n        <\/div>\n    <\/header>\n    <\/div>\n\n\n<section class=\"servizi background-white m-padding-y\">\n    <div class=\"container-fluid\">\n        <div class=\"row \">\n                        <div class=\"col-lg-10 offset-lg-1\">\n                                \n                <div class=\"row set-height px-0 align-items-center row-reverse\">\n                    <div class=\"col-lg-4\"  data-scroll='left'>\n                        <span data-scroll-text><\/span>\n                        <h2 data-scroll-text class=\"m-margin-y\">Suministro de gas SF<sub>6<\/sub><\/h2>\n                        <p data-scroll-paragraph>Synecom puede suministrar gas SF<sub>6<\/sub> nuevo\/regenerado en condiciones de calidad t\u00e9cnica seg\u00fan la norma IEC 60376 con grados de pureza que van del <b> 99,97 % (gas SF<sub>6<\/sub> 3,7N) <\/b> al <b> 99,995 % (gas SF<sub>6<\/sub> 4,5N)<\/b>.\r\nEl gas SF<sub>6<\/sub> suministrado por Synecom, cumple en gran medida los requisitos m\u00ednimos de pureza de la norma IEC 60376\/2018(ed.3) del <b>98,5%<\/b>.\r\n<\/p>\n                    <\/div>\n                    <div class=\"col-lg-6 offset-lg-2 col-figure\" data-scroll='right'>\n                        <img decoding=\"async\" src=\"https:\/\/www.synecom.it\/wp-content\/uploads\/2021\/06\/bombole-SF6-1-1.jpeg\" class=\"img-fluid\" alt=\"\">\n                                                <a href=\"http:\/\/www.synecom.it\/contatti\/\" class=\"btn-yellow btn hover-opacity text-uppercase\">\n                            Solicite informaci\u00f3n                            <img decoding=\"async\" src=\"https:\/\/www.synecom.it\/wp-content\/uploads\/2020\/10\/arrow.png\" alt=\"\">\n                        <\/a>\n                                            <\/div>\n                <\/div>\n                            <\/div>\n                    <\/div>\n    <\/div>\n<\/section>\n\n\n<section class=\"m-padding-b formazione\">\n    <div class=\"container-fluid pr-lg-0\">\n        <div class=\"row align-items-center\">\n            <div class=\"col-lg-6 px-0 position-relative d-lg-flex overflow-hidden\" data-scroll=\"left\">\n                                <img decoding=\"async\" src=\"https:\/\/www.synecom.it\/wp-content\/uploads\/2021\/06\/foto-bombole_2-scaled-1.jpg\" class=\"img-custom\" alt=\"\">\n                <div class=\"button-rotated\">\n                                        <a href=\"http:\/\/www.synecom.it\/categoria_prodotto\/bombole-sf6\/\" class=\"d-flex justify-content-around align-items-center text-uppercase  btn btn-yellow large-btn w-50 hover-opacity\">Productos: botellas SF6 \n                        <svg class=\"arrow-btn\" version=\"1.1\" id=\"Livello_1\" xmlns=\"http:\/\/www.w3.org\/2000\/svg\" xmlns:xlink=\"http:\/\/www.w3.org\/1999\/xlink\" x=\"0px\" y=\"0px\"\n                            viewBox=\"0 0 42 26\" style=\"enable-background:new 0 0 42 26;\" xml:space=\"preserve\">\n                            <path d=\"M29.2,0.1l-1.4,1.4l10.1,9.7H0v2h38.1L27.6,24.5l1.6,1.4L42,12.3L29.2,0.1z\"\/>\n                        <\/svg>\n                    <\/a>\n                <\/div>\n            <\/div>\n            <div class=\"col-lg-6 m-padding-x formazione-content d-flex flex-wrap align-items-center\">\n                <div class=\"w-100\" data-scroll=\"right\">\n                    <span data-scroll-text><\/span>\n                    <h2 class=\"my-5\" data-scroll-text>Botellas<\/h2>\n                    <p data-scroll-paragraph>Synecom presta los siguientes servicios relacionados con botellas aptas para gas SF<sub>6<\/sub>: <br><br>\r\n<ul>\r\n  <li> Suministro de botellas adecuadas para gas SF<sub>6<\/sub> nuevo\/regenerado con certificado de idoneidad<\/li>\r\n<li> Suministro de botellas adecuadas para gas SF<sub>6<\/sub> usado con certificado de idoneidad<\/li>\r\n<li> Recuperaci\u00f3n de residuos de gas SF<sub>6<\/sub> en botellas. Despu\u00e9s de este proceso, hay 3 posibles soluciones: <\/li>\r\n<ol>\r\n<li>Retorno de la botella a presi\u00f3n atmosf\u00e9rica de SF<sub>6<\/sub>.<\/li>\r\n<li> Retorno de la botella en vac\u00edo a p&lt;20 mbar absolutos. <\/li>\r\n<li> Retorno de la botella llena de gas de hexafluoruro de azufre nuevo\/regenerado. <\/li>\r\n<\/ol>\r\n<li> Recertificaci\u00f3n de botellas: este servicio se brinda en colaboraci\u00f3n con socios especializados. <\/li>\r\n<li>Eliminaci\u00f3n de las botellas<\/li>\r\n<\/ul>\r\n<\/p>\n                <\/div>\n            <\/div>\n        <\/div>\n        <!-- <div class=\"row my-5\">\n            <div class=\"col d-flex justify-content-end m-padding-x \">\n                <div class=\"button rounded\">\n                    <a href=\"tel:\" class=\"btn btn-yellow\">\n                        <img decoding=\"async\" src=\"https:\/\/www.synecom.it\/wp-content\/uploads\/2020\/10\/phone.png\" alt=\"\">\n                                            <\/a>\n                <\/div>\n            <\/div>\n        <\/div> -->\n    <\/div>\n<\/section>\n\n\n<section class=\"servizi background-white m-padding-y\">\n    <div class=\"container-fluid\">\n        <div class=\"row \">\n                        <div class=\"col-lg-10 offset-lg-1\">\n                                \n                <div class=\"row set-height px-0 align-items-center row-reverse\">\n                    <div class=\"col-lg-4\"  data-scroll='left'>\n                        <span data-scroll-text>Cursos<\/span>\n                        <h2 data-scroll-text class=\"m-margin-y\">Formaci\u00f3n<\/h2>\n                        <p data-scroll-paragraph>\u00abPara llevar a cabo la instalaci\u00f3n, revisi\u00f3n, mantenimiento o reparaci\u00f3n de aparatos que contengan gases fluorados de efecto invernadero o cuyo funcionamiento dependa de dichos gases para los que se requiera un certificado o una acreditaci\u00f3n, los gases fluorados de efecto invernadero solo ser\u00e1n vendidos y adquiridos por empresas titulares de los certificados o acreditaciones correspondientes o por empresas que empleen a personas que posean un certificado o una acreditaci\u00f3n de formaci\u00f3n\u00bb. <b>[Reglamento 517, art. 11 y 6] <\/b><br><br>\r\nA este respecto, Synecom ofrece cursos de formaci\u00f3n espec\u00edficos.\r\n<\/p>\n                    <\/div>\n                    <div class=\"col-lg-6 offset-lg-2 col-figure\" data-scroll='right'>\n                        <img decoding=\"async\" src=\"https:\/\/www.synecom.it\/wp-content\/uploads\/2021\/06\/ricerca-1.jpg\" class=\"img-fluid\" alt=\"\">\n                                                <a href=\"http:\/\/www.synecom.it\/corsi-formazione\/\" class=\"btn-yellow btn hover-opacity text-uppercase\">\n                            Descubrir m\u00e1s: CURSOS DE FORMACI\u00d3N                            <img decoding=\"async\" src=\"https:\/\/www.synecom.it\/wp-content\/uploads\/2020\/10\/arrow.png\" alt=\"\">\n                        <\/a>\n                                            <\/div>\n                <\/div>\n                            <\/div>\n                    <\/div>\n    <\/div>\n<\/section>\n\n\n<p><\/p>\n","protected":false},"excerpt":{"rendered":"","protected":false},"author":3,"featured_media":0,"parent":0,"menu_order":0,"comment_status":"closed","ping_status":"closed","template":"template-synecom.php","meta":{"_acf_changed":false,"footnotes":""},"class_list":["post-18198","page","type-page","status-publish","hentry"],"acf":[],"_links":{"self":[{"href":"https:\/\/www.synecom.it\/es\/wp-json\/wp\/v2\/pages\/18198","targetHints":{"allow":["GET"]}}],"collection":[{"href":"https:\/\/www.synecom.it\/es\/wp-json\/wp\/v2\/pages"}],"about":[{"href":"https:\/\/www.synecom.it\/es\/wp-json\/wp\/v2\/types\/page"}],"author":[{"embeddable":true,"href":"https:\/\/www.synecom.it\/es\/wp-json\/wp\/v2\/users\/3"}],"replies":[{"embeddable":true,"href":"https:\/\/www.synecom.it\/es\/wp-json\/wp\/v2\/comments?post=18198"}],"version-history":[{"count":3,"href":"https:\/\/www.synecom.it\/es\/wp-json\/wp\/v2\/pages\/18198\/revisions"}],"predecessor-version":[{"id":19549,"href":"https:\/\/www.synecom.it\/es\/wp-json\/wp\/v2\/pages\/18198\/revisions\/19549"}],"wp:attachment":[{"href":"https:\/\/www.synecom.it\/es\/wp-json\/wp\/v2\/media?parent=18198"}],"curies":[{"name":"wp","href":"https:\/\/api.w.org\/{rel}","templated":true}]}}