{"id":18208,"date":"2020-11-23T11:47:33","date_gmt":"2020-11-23T10:47:33","guid":{"rendered":"https:\/\/www.synecom.it\/servizi\/"},"modified":"2024-06-25T11:11:05","modified_gmt":"2024-06-25T09:11:05","slug":"servizi","status":"publish","type":"page","link":"https:\/\/www.synecom.it\/es\/servizi\/","title":{"rendered":"Servicios"},"content":{"rendered":"\n<div id=\"hero-block_b43624a0c5002ddfcfe57bf9aa584e89\" class=\"hero\">\n        <header class=\"header-yellow-right\">\n        <div class=\"mask-yellow\" data-scroll-mask=\"right\"><\/div>\n        <div class=\"container-fluid px-0 d-flex align-items-center\">\n            <div class=\"row\">\n                <div class=\"col-lg-6 col-image\">\n                    <img decoding=\"async\" src=\"https:\/\/www.synecom.it\/wp-content\/uploads\/2021\/06\/recupero_14.png\" class=\"img-fluid\" alt=\"\" data-scroll=\"left\">\n                <\/div>\n                <div class=\"col-lg-5 d-flex align-items-center py-md-5\">\n                    <div class=\"row py-md-5\">\n                        <div class=\"col-11 offset-1\">\n                                                        <h2 data-scroll-text=\"chars\">Servicios<\/h2>\n                                                        <h1 data-scroll-text=\"chars\">Actividades y servicios de SF<sub>6<\/sub><\/h1>\n                                                                                <\/div>\n                    <\/div>\n                <\/div>\n                <a href=\"javascript:void(0);\" data-scroll style=\"color:black\"><span class=\"text-uppercase left\">Scroll<\/span><\/a>\n            <\/div>\n        <\/div>\n    <\/header>\n    <\/div>\n\n\n<section class=\"servizi background-white m-padding-y\">\n    <div class=\"container-fluid\">\n        <div class=\"row \">\n                        <div class=\"col-lg-10 offset-lg-1\">\n                                \n                <div class=\"row set-height px-0 align-items-center row-reverse\">\n                    <div class=\"col-lg-4\"  data-scroll='left'>\n                        <span data-scroll-text>An\u00e1lisis de gas<\/span>\n                        <h2 data-scroll-text class=\"m-margin-y\">An\u00e1lisis de la calidad del gas SF<sub>6<\/sub><\/h2>\n                        <p data-scroll-paragraph>Synecom ofrece servicios de an\u00e1lisis y certificaci\u00f3n para gas SF<sub>6<\/sub> contenido en botellas, equipos y tanques, clasific\u00e1ndolo seg\u00fan CEI 60376 y CEI 60480, y midiendo &#8216;H2O, SO2, % vol. SF<sub>6<\/sub>, HF, H2S, CO, CF4, N2, O2, H2, CO2&#8242;. Esta actividad permite a las empresas cumplir las normas establecidas por la Uni\u00f3n Europea para el gas SF<sub>6<\/sub> y mantener altos niveles de eficiencia y seguridad en sus plantas. El servicio puede prestarse en nuestras instalaciones o directamente en los centros de explotaci\u00f3n del cliente.<\/p>\n                    <\/div>\n                    <div class=\"col-lg-6 offset-lg-2 col-figure\" data-scroll='right'>\n                        <img decoding=\"async\" src=\"https:\/\/www.synecom.it\/wp-content\/uploads\/2021\/06\/analizzatore-schermo-8-celle-3-e1614252985529-1.jpeg\" class=\"img-fluid\" alt=\"\">\n                                                <a href=\"https:\/\/www.synecom.it\/es\/contacto\/\" class=\"btn-yellow btn hover-opacity text-uppercase\">\n                            Pedir informaci\u00f3n                            <img decoding=\"async\" src=\"https:\/\/www.synecom.it\/wp-content\/uploads\/2020\/10\/arrow.png\" alt=\"\">\n                        <\/a>\n                                            <\/div>\n                <\/div>\n                            <\/div>\n                    <\/div>\n    <\/div>\n<\/section>\n\n\n<section class=\"m-padding-b formazione\">\n    <div class=\"container-fluid pr-lg-0\">\n        <div class=\"row align-items-center\">\n            <div class=\"col-lg-6 px-0 position-relative d-lg-flex overflow-hidden\" data-scroll=\"left\">\n                                <img decoding=\"async\" src=\"https:\/\/www.synecom.it\/wp-content\/uploads\/2021\/06\/riempimento-con-flow7-e1614077246687-1.jpeg\" class=\"img-custom\" alt=\"\">\n                <div class=\"button-rotated\">\n                                        <a href=\"https:\/\/www.synecom.it\/es\/contacto\/\" class=\"d-flex justify-content-around align-items-center text-uppercase  btn btn-yellow large-btn w-50 hover-opacity\">Pedir informaci\u00f3n \n                        <svg class=\"arrow-btn\" version=\"1.1\" id=\"Livello_1\" xmlns=\"http:\/\/www.w3.org\/2000\/svg\" xmlns:xlink=\"http:\/\/www.w3.org\/1999\/xlink\" x=\"0px\" y=\"0px\"\n                            viewBox=\"0 0 42 26\" style=\"enable-background:new 0 0 42 26;\" xml:space=\"preserve\">\n                            <path d=\"M29.2,0.1l-1.4,1.4l10.1,9.7H0v2h38.1L27.6,24.5l1.6,1.4L42,12.3L29.2,0.1z\"\/>\n                        <\/svg>\n                    <\/a>\n                <\/div>\n            <\/div>\n            <div class=\"col-lg-6 m-padding-x formazione-content d-flex flex-wrap align-items-center\">\n                <div class=\"w-100\" data-scroll=\"right\">\n                    <span data-scroll-text><\/span>\n                    <h2 class=\"my-5\" data-scroll-text>Recuperaci\u00f3n y llenado de gas SF<sub>6<\/sub><\/h2>\n                    <p data-scroll-paragraph>Una de las principales actividades de Synecom es la recuperaci\u00f3n y recarga de gas SF<sub>6<\/sub> en equipos de alta\/media tensi\u00f3n y aceleradores de part\u00edculas.<br><br>\r\nA trav\u00e9s de sus propios t\u00e9cnicos cualificados y autorizados, equipos de \u00faltima generaci\u00f3n y en pleno cumplimiento de la normativa vigente, Synecom trabaja para recuperar gas SF<sub>6<\/sub> de equipos de alta\/media tensi\u00f3n y aceleradores de part\u00edculas hasta presi\u00f3n est\u00e1ndar, o hasta presi\u00f3n de transporte. Todas las operaciones de recuperaci\u00f3n de gas SF<sub>6<\/sub> deben ir precedidas de un an\u00e1lisis de gas SF<sub>6<\/sub>.<br><br>\r\nTodas las operaciones las lleva a cabo personal cualificado y autorizado y se declaran en la base de datos Fgas de conformidad con el nuevo Decreto presidencial 146\/2018.<br><br>\r\n<\/p>\n                <\/div>\n            <\/div>\n        <\/div>\n        <!-- <div class=\"row my-5\">\n            <div class=\"col d-flex justify-content-end m-padding-x \">\n                <div class=\"button rounded\">\n                    <a href=\"tel:\" class=\"btn btn-yellow\">\n                        <img decoding=\"async\" src=\"https:\/\/www.synecom.it\/wp-content\/uploads\/2020\/10\/phone.png\" alt=\"\">\n                                            <\/a>\n                <\/div>\n            <\/div>\n        <\/div> -->\n    <\/div>\n<\/section>\n\n\n<section class=\"servizi background-white m-padding-y\">\n    <div class=\"container-fluid\">\n        <div class=\"row \">\n                        <div class=\"col-lg-10 offset-lg-1\">\n                                \n                <div class=\"row set-height px-0 align-items-center row-reverse\">\n                    <div class=\"col-lg-4\"  data-scroll='left'>\n                        <span data-scroll-text><\/span>\n                        <h2 data-scroll-text class=\"m-margin-y\">Actividades de servicio<\/h2>\n                        <p data-scroll-paragraph>Gracias a d\u00e9cadas de experiencia y a la formaci\u00f3n continua de sus t\u00e9cnicos, Synecom se esfuerza por prestar servicio a equipos de manipulaci\u00f3n de gas SF<sub>6<\/sub> de Synecom y de otras marcas.\r\nEn concreto, las actividades realizadas son las siguientes:\r\n<ul>\r\n<li> Revisi\u00f3n de equipos <\/li>\r\n<li> Retrofit: adaptaci\u00f3n de equipos obsoletos a las nuevas normativas <\/li>\r\n<li> Reparaciones <\/li>\r\n<li> Recalibraciones y ajustes <\/li>\r\n<\/ul><\/p>\n                    <\/div>\n                    <div class=\"col-lg-6 offset-lg-2 col-figure\" data-scroll='right'>\n                        <img decoding=\"async\" src=\"https:\/\/www.synecom.it\/wp-content\/uploads\/2021\/06\/chiavi-inglesi-1.jpg\" class=\"img-fluid\" alt=\"\">\n                                                <a href=\"https:\/\/www.synecom.it\/es\/contacto\/\" class=\"btn-yellow btn hover-opacity text-uppercase\">\n                            Pedir informaci\u00f3n                            <img decoding=\"async\" src=\"https:\/\/www.synecom.it\/wp-content\/uploads\/2020\/10\/arrow.png\" alt=\"\">\n                        <\/a>\n                                            <\/div>\n                <\/div>\n                            <\/div>\n                    <\/div>\n    <\/div>\n<\/section>\n\n\n<section class=\"m-padding-b formazione\">\n    <div class=\"container-fluid pr-lg-0\">\n        <div class=\"row align-items-center\">\n            <div class=\"col-lg-6 px-0 position-relative d-lg-flex overflow-hidden\" data-scroll=\"left\">\n                                <img decoding=\"async\" src=\"https:\/\/www.synecom.it\/wp-content\/uploads\/2020\/10\/vuoto.jpg\" class=\"img-custom\" alt=\"\">\n                <div class=\"button-rotated\">\n                                        <a href=\"https:\/\/www.synecom.it\/es\/contacto\/\" class=\"d-flex justify-content-around align-items-center text-uppercase  btn btn-yellow large-btn w-50 hover-opacity\">Pedir informaci\u00f3n \n                        <svg class=\"arrow-btn\" version=\"1.1\" id=\"Livello_1\" xmlns=\"http:\/\/www.w3.org\/2000\/svg\" xmlns:xlink=\"http:\/\/www.w3.org\/1999\/xlink\" x=\"0px\" y=\"0px\"\n                            viewBox=\"0 0 42 26\" style=\"enable-background:new 0 0 42 26;\" xml:space=\"preserve\">\n                            <path d=\"M29.2,0.1l-1.4,1.4l10.1,9.7H0v2h38.1L27.6,24.5l1.6,1.4L42,12.3L29.2,0.1z\"\/>\n                        <\/svg>\n                    <\/a>\n                <\/div>\n            <\/div>\n            <div class=\"col-lg-6 m-padding-x formazione-content d-flex flex-wrap align-items-center\">\n                <div class=\"w-100\" data-scroll=\"right\">\n                    <span data-scroll-text><\/span>\n                    <h2 class=\"my-5\" data-scroll-text>Tratamientos de vac\u00edo<\/h2>\n                    <p data-scroll-paragraph>Una vez finalizadas las operaciones de mantenimiento del equipo, antes de llenarlo con gas SF<sub>6<\/sub> en grado t\u00e9cnico, hay que limpiarlo de aire y humedad. Las t\u00e9cnicas utilizadas por Synecom son las siguientes: <ul>\r\n<li> Vac\u00edo para expulsar aire <\/li>\r\n<li> Lavado del compartimento en nitr\u00f3geno (no siempre necesario) <\/li>\r\n<\/ul>\r\nPara llevar a cabo estas operaciones, Synecom utiliza equipos especialmente dise\u00f1ados para realizar estas actividades.\r\n<\/p>\n                <\/div>\n            <\/div>\n        <\/div>\n        <!-- <div class=\"row my-5\">\n            <div class=\"col d-flex justify-content-end m-padding-x \">\n                <div class=\"button rounded\">\n                    <a href=\"tel:\" class=\"btn btn-yellow\">\n                        <img decoding=\"async\" src=\"https:\/\/www.synecom.it\/wp-content\/uploads\/2020\/10\/phone.png\" alt=\"\">\n                                            <\/a>\n                <\/div>\n            <\/div>\n        <\/div> -->\n    <\/div>\n<\/section>\n\n\n<section class=\"servizi background-white m-padding-y\">\n    <div class=\"container-fluid\">\n        <div class=\"row \">\n                        <div class=\"col-lg-10 offset-lg-1\">\n                                \n                <div class=\"row set-height px-0 align-items-center row-reverse\">\n                    <div class=\"col-lg-4\"  data-scroll='left'>\n                        <span data-scroll-text><\/span>\n                        <h2 data-scroll-text class=\"m-margin-y\">Certificaci\u00f3n de los niveles de fuga de plantas<\/h2>\n                        <p data-scroll-paragraph>Synecom est\u00e1 equipada y cualificada para elaborar certificados que acrediten el nivel de fugas de gas SF<sub>6<\/sub> en sistemas y equipos que contengan este gas. Las pruebas se realizan con instrumentos espec\u00edficos de alta sensibilidad.<\/p>\n                    <\/div>\n                    <div class=\"col-lg-6 offset-lg-2 col-figure\" data-scroll='right'>\n                        <img decoding=\"async\" src=\"https:\/\/www.synecom.it\/wp-content\/uploads\/2021\/06\/perdita-1.jpg\" class=\"img-fluid\" alt=\"\">\n                                                <a href=\"https:\/\/www.synecom.it\/es\/contacto\/\" class=\"btn-yellow btn hover-opacity text-uppercase\">\n                            Pedir informaci\u00f3n                            <img decoding=\"async\" src=\"https:\/\/www.synecom.it\/wp-content\/uploads\/2020\/10\/arrow.png\" alt=\"\">\n                        <\/a>\n                                            <\/div>\n                <\/div>\n                            <\/div>\n                    <\/div>\n    <\/div>\n<\/section>\n\n\n<section class=\"m-padding-b formazione\">\n    <div class=\"container-fluid pr-lg-0\">\n        <div class=\"row align-items-center\">\n            <div class=\"col-lg-6 px-0 position-relative d-lg-flex overflow-hidden\" data-scroll=\"left\">\n                                <img decoding=\"async\" src=\"https:\/\/www.synecom.it\/wp-content\/uploads\/2021\/06\/maschera-min-1.jpg\" class=\"img-custom\" alt=\"\">\n                <div class=\"button-rotated\">\n                                        <a href=\"https:\/\/www.synecom.it\/es\/contacto\/\" class=\"d-flex justify-content-around align-items-center text-uppercase  btn btn-yellow large-btn w-50 hover-opacity\">Pedir informaci\u00f3n \n                        <svg class=\"arrow-btn\" version=\"1.1\" id=\"Livello_1\" xmlns=\"http:\/\/www.w3.org\/2000\/svg\" xmlns:xlink=\"http:\/\/www.w3.org\/1999\/xlink\" x=\"0px\" y=\"0px\"\n                            viewBox=\"0 0 42 26\" style=\"enable-background:new 0 0 42 26;\" xml:space=\"preserve\">\n                            <path d=\"M29.2,0.1l-1.4,1.4l10.1,9.7H0v2h38.1L27.6,24.5l1.6,1.4L42,12.3L29.2,0.1z\"\/>\n                        <\/svg>\n                    <\/a>\n                <\/div>\n            <\/div>\n            <div class=\"col-lg-6 m-padding-x formazione-content d-flex flex-wrap align-items-center\">\n                <div class=\"w-100\" data-scroll=\"right\">\n                    <span data-scroll-text><\/span>\n                    <h2 class=\"my-5\" data-scroll-text>Saneamiento de entornos o subproductos contaminados con SF<sub>6<\/sub><\/h2>\n                    <p data-scroll-paragraph>Cuando el gas hexafluoruro de azufre se somete a la acci\u00f3n de un arco el\u00e9ctrico, la mol\u00e9cula se descompone, dando lugar a productos de descomposici\u00f3n s\u00f3lidos y gaseosos.<br><br>\r\nPara poder recuperar los compartimentos y entornos contaminados de productos s\u00f3lidos de descomposici\u00f3n, Synecom interviene mediante el uso de EPI espec\u00edficos y aspiradores industriales especiales, garantizando la recuperaci\u00f3n de los compartimentos y entornos en pleno respeto del medioambiente y del personal implicado.<br><br>\r\nEsta intervenci\u00f3n es realizada por personal cualificado y autorizado y debe ser declarada en la base de datos Fgas de acuerdo con el nuevo Decreto presidencial 146\/2018. La regeneraci\u00f3n solo puede considerarse completa una vez que se hayan inertizado los residuos \u00e1cidos y los reactivos. \r\n<\/p>\n                <\/div>\n            <\/div>\n        <\/div>\n        <!-- <div class=\"row my-5\">\n            <div class=\"col d-flex justify-content-end m-padding-x \">\n                <div class=\"button rounded\">\n                    <a href=\"tel:\" class=\"btn btn-yellow\">\n                        <img decoding=\"async\" src=\"https:\/\/www.synecom.it\/wp-content\/uploads\/2020\/10\/phone.png\" alt=\"\">\n                                            <\/a>\n                <\/div>\n            <\/div>\n        <\/div> -->\n    <\/div>\n<\/section>\n\n\n<section class=\"servizi background-white m-padding-y\">\n    <div class=\"container-fluid\">\n        <div class=\"row \">\n                        <div class=\"col-lg-10 offset-lg-1\">\n                                \n                <div class=\"row set-height px-0 align-items-center row-reverse\">\n                    <div class=\"col-lg-4\"  data-scroll='left'>\n                        <span data-scroll-text><\/span>\n                        <h2 data-scroll-text class=\"m-margin-y\">Gesti\u00f3n del gas SF<sub>6<\/sub> contenido en los equipos al final de su vida \u00fatil<\/h2>\n                        <p data-scroll-paragraph>La gesti\u00f3n del gas SF<sub>6<\/sub> contenido en los equipos al final de su vida \u00fatil la lleva a cabo Synecom generalmente en tres operaciones principales:\r\n<ul>\r\n<li> An\u00e1lisis del gas hexafluoruro de azufre que contiene<\/li>\r\n<li> Recuperaci\u00f3n del gas SF<sub>6<\/sub><\/li>\r\n<li> Env\u00edo del equipo al lugar de demolici\u00f3n y su posterior eliminaci\u00f3n.<\/li>\r\n<\/ul>\r\nEn lo que respecta a los sistemas sellados, es decir, todos los equipos para los que no est\u00e1 previsto ning\u00fan tratamiento del gas SF<sub>6<\/sub> contenido en ellos a lo largo de su ciclo de vida, Synecom utiliza un sistema de perforaci\u00f3n espec\u00edfico y personal cualificado y autorizado.<br><br>\r\n\r\nEstas operaciones son realizadas por personal cualificado y autorizado y declaradas en la base de datos Fgas de conformidad con el nuevo Decreto presidencial 146\/2018.\r\n<\/p>\n                    <\/div>\n                    <div class=\"col-lg-6 offset-lg-2 col-figure\" data-scroll='right'>\n                        <img decoding=\"async\" src=\"https:\/\/www.synecom.it\/wp-content\/uploads\/2021\/06\/poli-da-rottamare-6-1.png\" class=\"img-fluid\" alt=\"\">\n                                                <a href=\"https:\/\/www.synecom.it\/es\/contacto\/\" class=\"btn-yellow btn hover-opacity text-uppercase\">\n                            Pedir informaci\u00f3n                            <img decoding=\"async\" src=\"https:\/\/www.synecom.it\/wp-content\/uploads\/2020\/10\/arrow.png\" alt=\"\">\n                        <\/a>\n                                            <\/div>\n                <\/div>\n                            <\/div>\n                    <\/div>\n    <\/div>\n<\/section>\n\n\n<p><\/p>\n","protected":false},"excerpt":{"rendered":"","protected":false},"author":3,"featured_media":0,"parent":0,"menu_order":0,"comment_status":"closed","ping_status":"closed","template":"template-synecom.php","meta":{"_acf_changed":false,"footnotes":""},"class_list":["post-18208","page","type-page","status-publish","hentry"],"acf":[],"_links":{"self":[{"href":"https:\/\/www.synecom.it\/es\/wp-json\/wp\/v2\/pages\/18208","targetHints":{"allow":["GET"]}}],"collection":[{"href":"https:\/\/www.synecom.it\/es\/wp-json\/wp\/v2\/pages"}],"about":[{"href":"https:\/\/www.synecom.it\/es\/wp-json\/wp\/v2\/types\/page"}],"author":[{"embeddable":true,"href":"https:\/\/www.synecom.it\/es\/wp-json\/wp\/v2\/users\/3"}],"replies":[{"embeddable":true,"href":"https:\/\/www.synecom.it\/es\/wp-json\/wp\/v2\/comments?post=18208"}],"version-history":[{"count":6,"href":"https:\/\/www.synecom.it\/es\/wp-json\/wp\/v2\/pages\/18208\/revisions"}],"predecessor-version":[{"id":21105,"href":"https:\/\/www.synecom.it\/es\/wp-json\/wp\/v2\/pages\/18208\/revisions\/21105"}],"wp:attachment":[{"href":"https:\/\/www.synecom.it\/es\/wp-json\/wp\/v2\/media?parent=18208"}],"curies":[{"name":"wp","href":"https:\/\/api.w.org\/{rel}","templated":true}]}}