{"id":18210,"date":"2020-10-30T17:49:24","date_gmt":"2020-10-30T16:49:24","guid":{"rendered":"https:\/\/www.synecom.it\/synecom-per-lambiente\/"},"modified":"2025-02-28T17:02:38","modified_gmt":"2025-02-28T16:02:38","slug":"synecom-per-lambiente","status":"publish","type":"page","link":"https:\/\/www.synecom.it\/es\/synecom-per-lambiente\/","title":{"rendered":"Synecom para el Medioambiente"},"content":{"rendered":"\n<div id=\"hero-block_535babaa4551ec0c050d6fb6203d244a\" class=\"hero\">\n        <header class=\"header-yellow-right\">\n        <div class=\"mask-yellow\" data-scroll-mask=\"right\"><\/div>\n        <div class=\"container-fluid px-0 d-flex align-items-center\">\n            <div class=\"row\">\n                <div class=\"col-lg-6 col-image\">\n                    <img decoding=\"async\" src=\"https:\/\/www.synecom.it\/wp-content\/uploads\/2020\/11\/impegno-mondo-2-2.jpg\" class=\"img-fluid\" alt=\"\" data-scroll=\"left\">\n                <\/div>\n                <div class=\"col-lg-5 d-flex align-items-center py-md-5\">\n                    <div class=\"row py-md-5\">\n                        <div class=\"col-11 offset-1\">\n                                                        <h2 data-scroll-text=\"chars\">Medioambiente<\/h2>\n                                                        <h1 data-scroll-text=\"chars\">Hoy tenemos un problema con el gas SF<sub>6<\/sub> y lo seguiremos teniendo durante los pr\u00f3ximos 40 a\u00f1os<\/h1>\n                                                                                <\/div>\n                    <\/div>\n                <\/div>\n                <a href=\"javascript:void(0);\" data-scroll style=\"color:black\"><span class=\"text-uppercase left\">Scroll<\/span><\/a>\n            <\/div>\n        <\/div>\n    <\/header>\n    <\/div>\n\n\n<section class=\"servizi background-white m-padding-y\">\n    <div class=\"container-fluid\">\n        <div class=\"row \">\n                        <div class=\"col-lg-10 offset-lg-1\">\n                                \n                <div class=\"row set-height px-0 align-items-center row-reverse\">\n                    <div class=\"col-lg-4\"  data-scroll='left'>\n                        <span data-scroll-text>Soluciones sostenibles<\/span>\n                        <h2 data-scroll-text class=\"m-margin-y\">Gases alternativos<\/h2>\n                        <p data-scroll-paragraph>El GWP (Global Warming Potential o potencial de calentamiento global) del gas SF<sub>6<\/sub> es 23.900 veces superior al del CO2 (fuente: IPCC). <br>\r\nEsto significa que el hexafluoruro de azufre es un peligro para el medio ambiente! <br><br>\r\nPero, \u00bfcu\u00e1les son las alternativas? <br>\r\n\r\n<b> \u00bfSon los gases alternativos la soluci\u00f3n? <\/b> <br>\r\n\u00bfSon sostenibles? <br>\r\n\u00bfSon aplicables en el mundo actual? <br><br>\r\n\r\n<b> Hoy y en los pr\u00f3ximos 40 a\u00f1os&#8230; \u00bfqu\u00e9 es realmente sostenible? <\/b><br>\r\nEcon\u00f3micamente <br>\r\nMedioambientalmente <br>\r\nSocialmente <br><br>\r\n\r\nEn realidad, <br>\r\n<b> el gas SF<sub>6<\/sub> regenerado es la \u00fanica soluci\u00f3n sostenible<sup>3<\/sup> a largo plazo <\/b><br>\r\n\u00bfQuieres saber por qu\u00e9? Lee a continuaci\u00f3n:<\/p>\n                    <\/div>\n                    <div class=\"col-lg-6 offset-lg-2 col-figure\" data-scroll='right'>\n                        <img decoding=\"async\" src=\"https:\/\/www.synecom.it\/wp-content\/uploads\/2020\/11\/pexels-singkham-1108572-min-1.jpg\" class=\"img-fluid\" alt=\"\">\n                                            <\/div>\n                <\/div>\n                            <\/div>\n                    <\/div>\n    <\/div>\n<\/section>\n\n\n<section class=\"m-padding-b formazione\">\n    <div class=\"container-fluid pr-lg-0\">\n        <div class=\"row align-items-center\">\n            <div class=\"col-lg-6 px-0 position-relative d-lg-flex overflow-hidden\" data-scroll=\"left\">\n                                <img decoding=\"async\" src=\"https:\/\/www.synecom.it\/wp-content\/uploads\/2020\/11\/pexels-alena-koval-886521.png\" class=\"img-custom\" alt=\"\">\n                <div class=\"button-rotated\">\n                                        <a href=\"https:\/\/www.synecom.it\/rigenerazione\/\" class=\"d-flex justify-content-around align-items-center text-uppercase  btn btn-yellow large-btn w-50 hover-opacity\">Descubrir m\u00e1s: Regeneraci\u00f3n \n                        <svg class=\"arrow-btn\" version=\"1.1\" id=\"Livello_1\" xmlns=\"http:\/\/www.w3.org\/2000\/svg\" xmlns:xlink=\"http:\/\/www.w3.org\/1999\/xlink\" x=\"0px\" y=\"0px\"\n                            viewBox=\"0 0 42 26\" style=\"enable-background:new 0 0 42 26;\" xml:space=\"preserve\">\n                            <path d=\"M29.2,0.1l-1.4,1.4l10.1,9.7H0v2h38.1L27.6,24.5l1.6,1.4L42,12.3L29.2,0.1z\"\/>\n                        <\/svg>\n                    <\/a>\n                <\/div>\n            <\/div>\n            <div class=\"col-lg-6 m-padding-x formazione-content d-flex flex-wrap align-items-center\">\n                <div class=\"w-100\" data-scroll=\"right\">\n                    <span data-scroll-text>Regeneraci\u00f3n<\/span>\n                    <h2 class=\"my-5\" data-scroll-text>Qu\u00e9 es la Regeneraci\u00f3n by Synecom y cu\u00e1les son sus ventajas<\/h2>\n                    <p data-scroll-paragraph>Alrededor de 450.000 toneladas de gas SF<sub>6<\/sub> est\u00e1n instaladas en equipos de alta y media tensi\u00f3n en todo el mundo. <br>\r\n\u00bfPor qu\u00e9 tenemos que seguir produciendo m\u00e1s? \u00bfPor qu\u00e9 no regenerar el existente? <br><br>\r\nLa regeneraci\u00f3n del gas SF<sub>6<\/sub> es un proceso industrial que puede <b> ampliar el ciclo de vida del gas SF<sub>6<\/sub> (Hexafluoruro de Azufre)<\/b>, contribuyendo a generar un valor econ\u00f3mico y medioambiental adicional. <br><br>\r\n\r\nLas ventajas son:<br>\r\n\u2022 Todo el proceso est\u00e1 sellado molecularmente: <b> cero emisiones <\/b><br>\r\n\u2022 El gas regenerado tiene una <b> calidad superior a la exigida por la norma IEC 60376 <\/b>  &gt;3,7 o 4,0 N <br>\r\n\u2022 Evita la eliminaci\u00f3n del gas SF<sub>6<\/sub> de acuerdo con la <b> filosof\u00eda de econom\u00eda circular y sostenibilidad<sup>3<\/sup><\/b><br>\r\n\u2022 No es posible reciclar el gas SF<sub>6<\/sub> cuando est\u00e1 demasiado contaminado: la regeneraci\u00f3n <b> comienza cuando el reciclado ya no es posible <\/b><br>\r\n\u2022 Synecom cuenta con la certificaci\u00f3n ISO 14001 dedicada a la regeneraci\u00f3n: el <b> proceso de regeneraci\u00f3n est\u00e1 certificado <\/b><\/p>\n                <\/div>\n            <\/div>\n        <\/div>\n        <!-- <div class=\"row my-5\">\n            <div class=\"col d-flex justify-content-end m-padding-x \">\n                <div class=\"button rounded\">\n                    <a href=\"tel:\" class=\"btn btn-yellow\">\n                        <img decoding=\"async\" src=\"https:\/\/www.synecom.it\/wp-content\/uploads\/2020\/10\/phone.png\" alt=\"\">\n                                            <\/a>\n                <\/div>\n            <\/div>\n        <\/div> -->\n    <\/div>\n<\/section>\n\n\n<section class=\"servizi background-white m-padding-y\">\n    <div class=\"container-fluid\">\n        <div class=\"row \">\n                        <div class=\"col-lg-10 offset-lg-1\">\n                                \n                <div class=\"row set-height px-0 align-items-center row-reverse\">\n                    <div class=\"col-lg-4\"  data-scroll='left'>\n                        <span data-scroll-text>Integrated SF<sub>6<\/sub> Regeneration Cycle<\/span>\n                        <h2 data-scroll-text class=\"m-margin-y\">Por qu\u00e9 Synecom se centra en el Integrated SF<sub>6<\/sub> Regeneration Cycle<\/h2>\n                        <p data-scroll-paragraph>Desde 2014, nos ocupamos de la regeneraci\u00f3n del gas SF<sub>6<\/sub>, estableci\u00e9ndonos como <b> la primera empresa en Italia y una de las primeras en Europa <\/b> en llevar a cabo esta actividad crucial desde la perspectiva de los conceptos de econom\u00eda verde y econom\u00eda circular. <br><br>\r\nGracias a este <b> proceso criog\u00e9nico especial de sellado molecular<\/b>, es posible regenerar el hexafluoruro de azufre separ\u00e1ndolo de otros productos qu\u00edmicos, minimizando as\u00ed las emisiones equivalentes de CO2 y obteniendo simult\u00e1neamente hexafluoruro de azufre con niveles de pureza iguales o superiores a los nuevos.\r\n<\/p>\n                    <\/div>\n                    <div class=\"col-lg-6 offset-lg-2 col-figure\" data-scroll='right'>\n                        <img decoding=\"async\" src=\"https:\/\/www.synecom.it\/wp-content\/uploads\/2024\/06\/1-2.png\" class=\"img-fluid\" alt=\"\">\n                                                <a href=\"http:\/\/www.synecom.it\/rigenerazione\/\" class=\"btn-yellow btn hover-opacity text-uppercase\">\n                            Descubrir m\u00e1s: Regeneraci\u00f3n                            <img decoding=\"async\" src=\"https:\/\/www.synecom.it\/wp-content\/uploads\/2020\/10\/arrow.png\" alt=\"\">\n                        <\/a>\n                                            <\/div>\n                <\/div>\n                            <\/div>\n                    <\/div>\n    <\/div>\n<\/section>\n\n\n\n\n<section class=\"m-padding-y counter-section background-yellow\">\n    <div class=\"container-fluid\">\n        <div class=\"row justify-content-center\">\n                            <div class=\"col-sm-12 text-center counter-content\">\n                    <div class=\"row justify-content-center\">\n                        <div class=\"col-md-9\">\n                            <p>Synecom: Pioneros en la reducci\u00f3n de la producci\u00f3n de SF6 virgen, promoviendo la regeneraci\u00f3n para una red el\u00e9ctrica m\u00e1s sostenible.<\/p>\n                        <\/div>\n                    <\/div>\n                <\/div>\n                                <\/div>\n    <\/div>\n<\/section>\n\n\n\n<p><\/p>\n","protected":false},"excerpt":{"rendered":"","protected":false},"author":1,"featured_media":0,"parent":0,"menu_order":0,"comment_status":"closed","ping_status":"closed","template":"template-synecom.php","meta":{"_acf_changed":false,"footnotes":""},"class_list":["post-18210","page","type-page","status-publish","hentry"],"acf":[],"_links":{"self":[{"href":"https:\/\/www.synecom.it\/es\/wp-json\/wp\/v2\/pages\/18210","targetHints":{"allow":["GET"]}}],"collection":[{"href":"https:\/\/www.synecom.it\/es\/wp-json\/wp\/v2\/pages"}],"about":[{"href":"https:\/\/www.synecom.it\/es\/wp-json\/wp\/v2\/types\/page"}],"author":[{"embeddable":true,"href":"https:\/\/www.synecom.it\/es\/wp-json\/wp\/v2\/users\/1"}],"replies":[{"embeddable":true,"href":"https:\/\/www.synecom.it\/es\/wp-json\/wp\/v2\/comments?post=18210"}],"version-history":[{"count":13,"href":"https:\/\/www.synecom.it\/es\/wp-json\/wp\/v2\/pages\/18210\/revisions"}],"predecessor-version":[{"id":22223,"href":"https:\/\/www.synecom.it\/es\/wp-json\/wp\/v2\/pages\/18210\/revisions\/22223"}],"wp:attachment":[{"href":"https:\/\/www.synecom.it\/es\/wp-json\/wp\/v2\/media?parent=18210"}],"curies":[{"name":"wp","href":"https:\/\/api.w.org\/{rel}","templated":true}]}}