{"id":18270,"date":"2020-10-14T21:17:02","date_gmt":"2020-10-14T19:17:02","guid":{"rendered":"https:\/\/www.synecom.it\/azienda\/"},"modified":"2025-10-30T09:53:01","modified_gmt":"2025-10-30T08:53:01","slug":"azienda","status":"publish","type":"page","link":"https:\/\/www.synecom.it\/es\/azienda\/","title":{"rendered":"Empresa"},"content":{"rendered":"\n<div id=\"hero-block_495c2bde70cfef58356632a3265b2d19\" class=\"hero\">\n        <header class=\"header-yellow-right\">\n        <div class=\"mask-yellow\" data-scroll-mask=\"right\"><\/div>\n        <div class=\"container-fluid px-0 d-flex align-items-center\">\n            <div class=\"row\">\n                <div class=\"col-lg-6 col-image\">\n                    <img decoding=\"async\" src=\"https:\/\/www.synecom.it\/wp-content\/uploads\/2021\/06\/azienda-first-1.jpg\" class=\"img-fluid\" alt=\"\" data-scroll=\"left\">\n                <\/div>\n                <div class=\"col-lg-5 d-flex align-items-center py-md-5\">\n                    <div class=\"row py-md-5\">\n                        <div class=\"col-11 offset-1\">\n                                                        <h2 data-scroll-text=\"chars\">Empresa<\/h2>\n                                                        <h1 data-scroll-text=\"chars\">Pioneros en el Integrated SF<sub>6<\/sub> Regeneration Cycle<\/h1>\n                                                                                <\/div>\n                    <\/div>\n                <\/div>\n                <a href=\"javascript:void(0);\" data-scroll style=\"color:black\"><span class=\"text-uppercase left\">Scroll<\/span><\/a>\n            <\/div>\n        <\/div>\n    <\/header>\n    <\/div>\n\n\n<p><\/p>\n\n\n<section class=\"ricerca\">\n    <div class=\"container-fluid\">\n        <div class=\"row m-padding-b row-reverse\">\n            <div class=\"col-lg-4 offset-lg-1 col-text\">\n                <span data-scroll-text>Qui\u00e9nes somos<\/span>\n                <h2 data-scroll-text class=\"m-margin-y\">Nuestras cifras<\/h2>\n                <p data-scroll-paragraph>\u2022 Capacidad regenerativa de la planta de <b>450 toneladas\/a\u00f1o <\/b><br><br>\r\n\u2022 Naci\u00f3 en<b> 2005 <\/b>, el mismo a\u00f1o de la introducci\u00f3n del Protocolo de Kioto y un a\u00f1o antes de la normativa europea sobre el gas SF<sub>6<\/sub><br><br>\r\n\u2022 Reducci\u00f3n de las emisiones nocivas: <b> 218,9 k.ton\/a\u00f1o <\/b> de CO2 equivalentes a 3,315 millones de km recorridos en autom\u00f3vil (ref.: 1kg de SF<sub>6<\/sub> liberado a la atm\u00f3sfera equivale a 120,000 km recorridos en autom\u00f3vil) <br><br>  \r\n\u2022 <b> M\u00e1s de 30 certificaciones de empresa <\/b><br>\r\nISO 14001 dedicada a la regeneraci\u00f3n <br>\r\nLa \u00fanica empresa con certificaci\u00f3n Reach v\u00e1lida en toda Europa para la regeneraci\u00f3n de SF<sub>6<\/sub><br>\r\n11 y m\u00e1s certificaciones de empresa + 17 y m\u00e1s certificaciones de personal <br><br>\r\n\u2022 Desde <b> 2014 <\/b> con nuestra planta de regeneraci\u00f3n <br><br>\r\n\u2022 El primer formador certificado en Italia en SF<sub>6<\/sub> desde <b>2012<\/b><br>\r\n<\/p>\n            <\/div>\n                        <div class=\"col-lg-6 offset-lg-1 pr-0 col-figure\">\n                <img decoding=\"async\" src=\"https:\/\/www.synecom.it\/wp-content\/uploads\/2022\/08\/businesspeople-meeting-plan-analysis-graph-company-finance-strat.jpg\" class=\"img-fluid\" alt=\"\" data-scroll=\"right\">\n            <\/div>\n                    <\/div>\n    <\/div>\n<\/section>\n\n\n<section class=\"m-padding-b formazione\">\n    <div class=\"container-fluid pr-lg-0\">\n        <div class=\"row align-items-center\">\n            <div class=\"col-lg-6 px-0 position-relative d-lg-flex overflow-hidden\" data-scroll=\"left\">\n                                <img decoding=\"async\" src=\"https:\/\/www.synecom.it\/wp-content\/uploads\/2021\/06\/grafico-success-4.jpeg\" class=\"img-custom\" alt=\"\">\n                <div class=\"button-rotated\">\n                                        <a href=\"https:\/\/www.igi.cnr.it\/innovation\/collaborazioni-industriali\/\" target=\"_blank\" class=\"d-flex justify-content-around align-items-center text-uppercase  btn btn-yellow large-btn w-50 hover-opacity\" rel=\"noopener\">Consorcio RFX \n                        <svg class=\"arrow-btn\" version=\"1.1\" id=\"Livello_1\" xmlns=\"http:\/\/www.w3.org\/2000\/svg\" xmlns:xlink=\"http:\/\/www.w3.org\/1999\/xlink\" x=\"0px\" y=\"0px\"\n                            viewBox=\"0 0 42 26\" style=\"enable-background:new 0 0 42 26;\" xml:space=\"preserve\">\n                            <path d=\"M29.2,0.1l-1.4,1.4l10.1,9.7H0v2h38.1L27.6,24.5l1.6,1.4L42,12.3L29.2,0.1z\"\/>\n                        <\/svg>\n                    <\/a>\n                <\/div>\n            <\/div>\n            <div class=\"col-lg-6 m-padding-x formazione-content d-flex flex-wrap align-items-center\">\n                <div class=\"w-100\" data-scroll=\"right\">\n                    <span data-scroll-text>Investigaci\u00f3n &amp; Desarrollo<\/span>\n                    <h2 class=\"my-5\" data-scroll-text>Invertimos para cambiar el mundo<\/h2>\n                    <p data-scroll-paragraph>La inversi\u00f3n continua en investigaci\u00f3n e innovaci\u00f3n son los motores clave de nuestro crecimiento, ya que permiten desarrollar nuevas tecnolog\u00edas y perfeccionar las existentes para la manipulaci\u00f3n y gesti\u00f3n del gas SF<sub>6<\/sub>.<br><br>\r\n\r\nEn el marco del proyecto mundial ITER dedicado a la investigaci\u00f3n civil de la fusi\u00f3n nuclear, se nos adjudican contratos a trav\u00e9s del Consorzio RFX, JAEA-QST y F4E para la instalaci\u00f3n y pruebas en Power Supply en NBTF (Neutral Beam Test Facility), para el desarrollo, instalaci\u00f3n y pruebas del sistema de distribuci\u00f3n de gas SF<sub>6<\/sub> en MITICA, y para la coproducci\u00f3n, instalaci\u00f3n y pruebas del sistema de tuber\u00edas de distribuci\u00f3n de fluidos criog\u00e9nicos, tanto de vac\u00edo como convencionales.<br><br>\r\n\r\nSynecom apoya la investigaci\u00f3n universitaria como punto de partida para el desarrollo de tecnolog\u00edas innovadoras. Por este motivo, patrocina un doctorado en la Universidad de Padua titulado \u00abDevelopment of gas insulated high voltage components for Neutral Beam Injectors (NBI)\u00bb en colaboraci\u00f3n con la Universidad de Gante.<\/p>\n                <\/div>\n            <\/div>\n        <\/div>\n        <!-- <div class=\"row my-5\">\n            <div class=\"col d-flex justify-content-end m-padding-x \">\n                <div class=\"button rounded\">\n                    <a href=\"tel:\" class=\"btn btn-yellow\">\n                        <img decoding=\"async\" src=\"https:\/\/www.synecom.it\/wp-content\/uploads\/2020\/10\/phone.png\" alt=\"\">\n                                            <\/a>\n                <\/div>\n            <\/div>\n        <\/div> -->\n    <\/div>\n<\/section>\n\n<section class=\"ricerca\">\n    <div class=\"container-fluid\">\n        <div class=\"row m-padding-b row-reverse\">\n            <div class=\"col-lg-4 offset-lg-1 col-text\">\n                <span data-scroll-text>Nuestro enfoque<\/span>\n                <h2 data-scroll-text class=\"m-margin-y\">Calidad y satisfacci\u00f3n del cliente<\/h2>\n                <p data-scroll-paragraph>Synecom es un socio estrat\u00e9gico para el sector energ\u00e9tico, donde concentra sus recursos en el desarrollo de productos, sistemas y servicios de alta tecnolog\u00eda. <br><br> \r\nEl objetivo es crear sistemas personalizados que funcionen con gas de hexafluoruro de azufre en plantas AT\/MT AIS y GIS y aceleradores de part\u00edculas dedicados a la investigaci\u00f3n de la fusi\u00f3n nuclear energ\u00e9tica. <br><br>\r\nEntre nuestros clientes figuran grandes empresas de servicios p\u00fablicos como TERNA, compa\u00f1\u00edas internacionales como SIEMENS, ABB, ENEL, SCHNEIDER ELECTRIC, HITACHI, e institutos de renombre mundial como INFN, CERN, CNR\/RFX, JAEA, ITER, F4E y KEMA-CESI. <br><br>\r\nRespaldada por muchos a\u00f1os de experiencia, Synecom crea soluciones a medida situando las necesidades del cliente en el centro del proyecto, prestando especial atenci\u00f3n a los aspectos medioambientales, legislativos, reglamentarios y de viabilidad, utilizando medios y equipos de \u00faltima generaci\u00f3n y un equipo de profesionales especialmente formados. <br><br>\r\nA trav\u00e9s de planes internos de formaci\u00f3n y desarrollo, Synecom invierte recursos para elevar el nivel de calidad de sus servicios y soluciones tecnol\u00f3gicas.\r\n<\/p>\n            <\/div>\n                        <div class=\"col-lg-6 offset-lg-1 pr-0 col-figure\">\n                <img decoding=\"async\" src=\"https:\/\/www.synecom.it\/wp-content\/uploads\/2021\/06\/triangle-3125882_1920-min-min-1.jpeg\" class=\"img-fluid\" alt=\"\" data-scroll=\"right\">\n            <\/div>\n                    <\/div>\n    <\/div>\n<\/section>\n\n<section class=\"ricerca-sviluppo m-padding-b\">\n    <div class=\"container-fluid\">\n        <div class=\"row flex-column-reverse flex-lg-row\">\n            <div class=\"col-lg-6 pl-0 d-lg-flex overflow-hidden\">\n                                <img decoding=\"async\" src=\"https:\/\/www.synecom.it\/wp-content\/uploads\/2020\/11\/safety-1.jpg\" class=\"img-fluid obj-fit\" alt=\"\" data-scroll=\"left\">\n                            <\/div>\n            <div class=\"col-lg-4 offset-lg-1\">\n                <div class=\"custom-pad\">\n                    <span data-scroll-text>Synecom y la seguridad<\/span>\n                    <h2 data-scroll-text class=\"m-margin-y\">Nuestro lema: \u201cSafety First\u201d<\/h2>\n                    <p data-scroll-paragraph>Synecom siempre ha procurado cumplir las normas de seguridad m\u00e1s estrictas. Con la reciente obtenci\u00f3n de la certificaci\u00f3n ISO 45001\/2018 se ha consolidado un camino iniciado desde los or\u00edgenes de la empresa. <br><br>\r\nNuestros est\u00e1ndares de seguridad, siempre garantizados tanto en la f\u00e1brica como en los centros operativos, se reflejan en la formaci\u00f3n continua del personal, el alto nivel de atenci\u00f3n y el seguimiento y estudio de las actividades, el mantenimiento preventivo de los equipos, la vigilancia de los entornos de trabajo y la concienciaci\u00f3n constante del personal y los proveedores sobre los criterios de seguridad y medioambiente.<\/p>\n                <\/div>\n            <\/div>\n        <\/div>\n    <\/div>\n<\/section>\n\n<section class=\"ricerca\">\n    <div class=\"container-fluid\">\n        <div class=\"row m-padding-b row-reverse\">\n            <div class=\"col-lg-4 offset-lg-1 col-text\">\n                <span data-scroll-text>Certificaciones<\/span>\n                <h2 data-scroll-text class=\"m-margin-y\">Actuamos conforme a las normativas<\/h2>\n                <p data-scroll-paragraph>La certificaci\u00f3n y cualificaci\u00f3n de las competencias es conforme a un \u00edndice de la voluntad de crecimiento y desarrollo de la propia empresa. <br>\r\nCon el fin de crecer con formatos organizativos que nos permitan ofrecer siempre lo mejor, a lo largo de los a\u00f1os hemos trabajado para conseguir los siguientes estatus: <br><br><ul>\r\n<li> Calidad: <b>ISO 9001\/2015<\/b><br> (Sistema de gesti\u00f3n de calidad) <\/li>\r\n<li> Medioambiente: <b>ISO 14001\/2015<\/b><br> (Sistema de gesti\u00f3n del medioambiente) <\/li>\r\n<li> Seguridad: <b>ISO 45001\/2018<\/b><br> (Sistema de gesti\u00f3n para la salud y seguridad laboral) <\/li>\r\n<li><b>SOA <\/b> (cat. OG9 OG10, OG6, OS3) <\/li>\r\n<li><b> REACH <\/b><\/li>\r\n<\/ul>\r\n<\/p>\n            <\/div>\n                        <div class=\"col-lg-6 offset-lg-1 pr-0 col-figure\">\n                <img decoding=\"async\" src=\"https:\/\/www.synecom.it\/wp-content\/uploads\/2021\/06\/normative2.png\" class=\"img-fluid\" alt=\"\" data-scroll=\"right\">\n            <\/div>\n                    <\/div>\n    <\/div>\n<\/section>\n\n\n<div class=\"wp-block-file aligncenter\"><a id=\"wp-block-file--media-81b7973a-69c4-4ae7-86ca-efc9979d036a\" href=\"https:\/\/www.synecom.it\/wp-content\/uploads\/2023\/08\/DOC-1-PQAS-Politica-Qualita-Ambiente-Sicurezza-rev.4-del-28-08-2023-1.pdf\">DOC 1-PQAS Politica Qualit\u00e0 Ambiente Sicurezza rev.4 del 28-08-2023<\/a><a href=\"https:\/\/www.synecom.it\/wp-content\/uploads\/2023\/08\/DOC-1-PQAS-Politica-Qualita-Ambiente-Sicurezza-rev.4-del-28-08-2023-1.pdf\" class=\"wp-block-file__button wp-element-button\" aria-describedby=\"wp-block-file--media-81b7973a-69c4-4ae7-86ca-efc9979d036a\" download>Download<\/a><\/div>\n\n\n<section class=\"m-padding-b certificazioni\" data-count-slides=\"5\">\n    <div class=\"row justify-content-center\">\n        <div class=\"col-lg-10\">\n            <div class=\"row\">\n                                <div class=\"col-12 mb-5\">\n                    <h2 class=\"text-center text-capitalize\" data-scroll-text>Certificaciones<\/h2>\n                <\/div>\n                                                <div class=\"certificazioni-slider w-100\">\n                                        <div class=\"col-lg-3\">\n                        <img decoding=\"async\" src=\"https:\/\/www.synecom.it\/wp-content\/uploads\/2021\/02\/9001.png\" alt=\"\" class=\"img-fluid\" data-scroll=\"bottom\">\n                    <\/div>\n                                        <div class=\"col-lg-3\">\n                        <img decoding=\"async\" src=\"https:\/\/www.synecom.it\/wp-content\/uploads\/2021\/02\/14001.png\" alt=\"\" class=\"img-fluid\" data-scroll=\"bottom\">\n                    <\/div>\n                                        <div class=\"col-lg-3\">\n                        <img decoding=\"async\" src=\"https:\/\/www.synecom.it\/wp-content\/uploads\/2021\/02\/45001.png\" alt=\"\" class=\"img-fluid\" data-scroll=\"bottom\">\n                    <\/div>\n                                        <div class=\"col-lg-3\">\n                        <img decoding=\"async\" src=\"https:\/\/www.synecom.it\/wp-content\/uploads\/2021\/02\/soa-group.png\" alt=\"\" class=\"img-fluid\" data-scroll=\"bottom\">\n                    <\/div>\n                                        <div class=\"col-lg-3\">\n                        <img decoding=\"async\" src=\"https:\/\/www.synecom.it\/wp-content\/uploads\/2021\/02\/reach-it.png\" alt=\"\" class=\"img-fluid\" data-scroll=\"bottom\">\n                    <\/div>\n                                    <\/div>\n                            <\/div>\n            <div class=\"certificazioni-nav row justify-content-center mt-5\">\n                <div class=\"arrow-prev prev-certificazioni pr-3 slick-arrow\">\n                    <svg width=\"24\" height=\"24\" class=\"arrow-btn\" version=\"1.1\" id=\"Livello_1\" xmlns=\"http:\/\/www.w3.org\/2000\/svg\" xmlns:xlink=\"http:\/\/www.w3.org\/1999\/xlink\" x=\"0px\" y=\"0px\"\n                        viewBox=\"0 0 42 26\" style=\"enable-background:new 0 0 42 26;\" xml:space=\"preserve\">\n                        <path d=\"M12.8,25.9l1.4-1.4L4.1,14.8H42v-2H3.9L14.4,1.5l-1.6-1.4L0,13.7L12.8,25.9z\"\/>\n                    <\/svg>\n                <\/div>\n                <div class=\"arrow-next next-certificazioni slick-arrow\">\n                    <svg width=\"24\" height=\"24\" class=\"arrow-btn\" version=\"1.1\" id=\"Livello_1\" xmlns=\"http:\/\/www.w3.org\/2000\/svg\" xmlns:xlink=\"http:\/\/www.w3.org\/1999\/xlink\" x=\"0px\" y=\"0px\"\n                        viewBox=\"0 0 42 26\" style=\"enable-background:new 0 0 42 26;\" xml:space=\"preserve\">\n                        <path d=\"M29.2,0.1l-1.4,1.4l10.1,9.7H0v2h38.1L27.6,24.5l1.6,1.4L42,12.3L29.2,0.1z\"\/>\n                    <\/svg>\n                <\/div>\n            <\/div>\n        <\/div>\n    <\/div>\n<\/section>","protected":false},"excerpt":{"rendered":"","protected":false},"author":1,"featured_media":0,"parent":0,"menu_order":0,"comment_status":"closed","ping_status":"closed","template":"template-synecom.php","meta":{"_acf_changed":false,"footnotes":""},"class_list":["post-18270","page","type-page","status-publish","hentry"],"acf":[],"_links":{"self":[{"href":"https:\/\/www.synecom.it\/es\/wp-json\/wp\/v2\/pages\/18270","targetHints":{"allow":["GET"]}}],"collection":[{"href":"https:\/\/www.synecom.it\/es\/wp-json\/wp\/v2\/pages"}],"about":[{"href":"https:\/\/www.synecom.it\/es\/wp-json\/wp\/v2\/types\/page"}],"author":[{"embeddable":true,"href":"https:\/\/www.synecom.it\/es\/wp-json\/wp\/v2\/users\/1"}],"replies":[{"embeddable":true,"href":"https:\/\/www.synecom.it\/es\/wp-json\/wp\/v2\/comments?post=18270"}],"version-history":[{"count":11,"href":"https:\/\/www.synecom.it\/es\/wp-json\/wp\/v2\/pages\/18270\/revisions"}],"predecessor-version":[{"id":24364,"href":"https:\/\/www.synecom.it\/es\/wp-json\/wp\/v2\/pages\/18270\/revisions\/24364"}],"wp:attachment":[{"href":"https:\/\/www.synecom.it\/es\/wp-json\/wp\/v2\/media?parent=18270"}],"curies":[{"name":"wp","href":"https:\/\/api.w.org\/{rel}","templated":true}]}}