{"id":4904,"date":"2020-10-30T17:49:24","date_gmt":"2020-10-30T16:49:24","guid":{"rendered":"https:\/\/www.synecom.it\/synecom-per-lambiente\/"},"modified":"2024-03-19T16:38:23","modified_gmt":"2024-03-19T15:38:23","slug":"synecom-pour-l-environnement","status":"publish","type":"page","link":"https:\/\/www.synecom.it\/fr\/synecom-pour-l-environnement\/","title":{"rendered":"Environnement"},"content":{"rendered":"\n<div id=\"hero-block_162772888cacbbc1da34d5a230be61f0\" class=\"hero\">\n        <header class=\"header-yellow-right\">\n        <div class=\"mask-yellow\" data-scroll-mask=\"right\"><\/div>\n        <div class=\"container-fluid px-0 d-flex align-items-center\">\n            <div class=\"row\">\n                <div class=\"col-lg-6 col-image\">\n                    <img decoding=\"async\" src=\"https:\/\/www.synecom.it\/wp-content\/uploads\/2020\/11\/impegno-mondo-2-2.jpg\" class=\"img-fluid\" alt=\"\" data-scroll=\"left\">\n                <\/div>\n                <div class=\"col-lg-5 d-flex align-items-center py-md-5\">\n                    <div class=\"row py-md-5\">\n                        <div class=\"col-11 offset-1\">\n                                                        <h2 data-scroll-text=\"chars\">Environnement<\/h2>\n                                                        <h1 data-scroll-text=\"chars\">Aujourd\u2019hui, nous avons un probl\u00e8me avec le gaz SF<sub>6<\/sub> et nous allons l\u2019avoir pour les 40 prochaines ann\u00e9es<\/h1>\n                                                                                <\/div>\n                    <\/div>\n                <\/div>\n                <a href=\"javascript:void(0);\" data-scroll style=\"color:black\"><span class=\"text-uppercase left\">Scroll<\/span><\/a>\n            <\/div>\n        <\/div>\n    <\/header>\n    <\/div>\n\n\n<section class=\"servizi background-white m-padding-y\">\n    <div class=\"container-fluid\">\n        <div class=\"row \">\n                        <div class=\"col-lg-10 offset-lg-1\">\n                                \n                <div class=\"row set-height px-0 align-items-center row-reverse\">\n                    <div class=\"col-lg-4\"  data-scroll='left'>\n                        <span data-scroll-text>Solutions durables<\/span>\n                        <h2 data-scroll-text class=\"m-margin-y\">Gaz alternatifs<\/h2>\n                        <p data-scroll-paragraph>Le GWP (Global Warming Potential) du gaz SF<sub>6<\/sub> est 23.900 fois celui du CO<sub>2<\/sub> (source IPCC).<br>\r\n\u00c7a signifie que l\u2019hexafluorure de soufre est un danger pour l\u2019environnement!<br><br>\r\n\r\nMais quelles sont nos options ?<br>\r\n\r\n<b>Les gaz alternatifs sont-ils la solution?<\/b><br>\r\nSont-ils durable?<br>\r\nSont-ils applicabes dans le monde d\u2019aujourd\u2019hui?<br><br>\r\n\r\n<b>Aujourd\u2019hui et pour les 40 prochaines ann\u00e9es\u2026 Qu\u2019est-ce qui est vraiment durable?<\/b><br>\r\n\u00c9conomiquement<br>\r\n\u00c9cologiquement<br>\r\nSocialment<br><br>\r\n\r\nEn realit\u00e9,<br>\r\n<b>le gaz SF<sub>6<\/sub> R\u00e9g\u00e9n\u00e9r\u00e9 est la seule solution durable \u00e0 long terme<\/b>\r\n<\/p>\n                    <\/div>\n                    <div class=\"col-lg-6 offset-lg-2 col-figure\" data-scroll='right'>\n                        <img decoding=\"async\" src=\"https:\/\/www.synecom.it\/wp-content\/uploads\/2020\/11\/pexels-singkham-1108572-min-1.jpg\" class=\"img-fluid\" alt=\"\">\n                                            <\/div>\n                <\/div>\n                            <\/div>\n                    <\/div>\n    <\/div>\n<\/section>\n\n\n<section class=\"m-padding-b formazione\">\n    <div class=\"container-fluid pr-lg-0\">\n        <div class=\"row align-items-center\">\n            <div class=\"col-lg-6 px-0 position-relative d-lg-flex overflow-hidden\" data-scroll=\"left\">\n                                <img decoding=\"async\" src=\"https:\/\/www.synecom.it\/wp-content\/uploads\/2020\/11\/pexels-alena-koval-886521.png\" class=\"img-custom\" alt=\"\">\n                <div class=\"button-rotated\">\n                                        <a href=\"https:\/\/www.synecom.it\/fr\/regeneration\/\" class=\"d-flex justify-content-around align-items-center text-uppercase  btn btn-yellow large-btn w-50 hover-opacity\">Pur en savoir plus: R\u00e9g\u00e9n\u00e9ration \n                        <svg class=\"arrow-btn\" version=\"1.1\" id=\"Livello_1\" xmlns=\"http:\/\/www.w3.org\/2000\/svg\" xmlns:xlink=\"http:\/\/www.w3.org\/1999\/xlink\" x=\"0px\" y=\"0px\"\n                            viewBox=\"0 0 42 26\" style=\"enable-background:new 0 0 42 26;\" xml:space=\"preserve\">\n                            <path d=\"M29.2,0.1l-1.4,1.4l10.1,9.7H0v2h38.1L27.6,24.5l1.6,1.4L42,12.3L29.2,0.1z\"\/>\n                        <\/svg>\n                    <\/a>\n                <\/div>\n            <\/div>\n            <div class=\"col-lg-6 m-padding-x formazione-content d-flex flex-wrap align-items-center\">\n                <div class=\"w-100\" data-scroll=\"right\">\n                    <span data-scroll-text>R\u00e9g\u00e9n\u00e9ration<\/span>\n                    <h2 class=\"my-5\" data-scroll-text>Qu\u2019est-ce que est la R\u00e9g\u00e9n\u00e9ration by Synecom et quels sont ses avantages? <\/h2>\n                    <p data-scroll-paragraph>Dans le monde entier, environ 450000 tonnes de gaz SF<sub>6<\/sub> sont install\u00e9es dans les \u00e9quipements haute et moyenne tension.<br>\r\nPourquoi devons-nous continuer \u00e0 en produire de nouveau? Pourquoi ne pas r\u00e9g\u00e9n\u00e9rer celui qui existe d\u00e9j\u00e0?<br><br>\r\n\r\nLa r\u00e9g\u00e9n\u00e9ration du gaz SF<sub>6<\/sub> est un processus industriel qui est en misure de <b>prolonger le cycle de vie du gaz SF<sub>6<\/sub> (hexafluorure de soufre)<\/b>, contribuant \u00e0 g\u00e9n\u00e9rer une plus grande valeur \u00e9conomique et environemmentale. <br><br>\r\n\r\nSes avantages sont: <br>\r\n&#8211; Tout le processus est \u00e0 tenue mol\u00e9culaire: <b>z\u00e9ro \u00e9mission<\/b><br>\r\n&#8211; Le gaz r\u00e9g\u00e9n\u00e9r\u00e9 a une <b>meilleure qualit\u00e9 que celle requise par ICE 60376 <\/b> &gt; 3.7 ou 4.0 N <br>\r\n&#8211; \u00c9viter l\u2019\u00e9limination du gaz SF<sub>6<\/sub> conform\u00e9ment \u00e0 la <b>philosophie de l\u2019\u00e9conomie circulaire et de la durabilit\u00e9<sup>3<\/sup><\/b><br>\r\n&#8211; Recycler le gaz SF<sub>6<\/sub> quand il est trop contamin\u00e9 n\u2019est pas possible : la R\u00e9g\u00e9n\u00e9ration <b>commence o\u00f9 le recyclage n\u2019est plus possible<\/b><br>\r\n&#8211; Synecom est certifi\u00e9e ISO 14001 dedi\u00e9 \u00e0 la R\u00e9g\u00e9n\u00e9ration: le <b>processus de R\u00e9g\u00e9n\u00e9ration est certifi\u00e9<\/b>\r\n<\/p>\n                <\/div>\n            <\/div>\n        <\/div>\n        <!-- <div class=\"row my-5\">\n            <div class=\"col d-flex justify-content-end m-padding-x \">\n                <div class=\"button rounded\">\n                    <a href=\"tel:\" class=\"btn btn-yellow\">\n                        <img decoding=\"async\" src=\"https:\/\/www.synecom.it\/wp-content\/uploads\/2020\/10\/phone.png\" alt=\"\">\n                                            <\/a>\n                <\/div>\n            <\/div>\n        <\/div> -->\n    <\/div>\n<\/section>\n\n\n<section class=\"servizi background-white m-padding-y\">\n    <div class=\"container-fluid\">\n        <div class=\"row \">\n                        <div class=\"col-lg-10 offset-lg-1\">\n                                \n                <div class=\"row set-height px-0 align-items-center row-reverse\">\n                    <div class=\"col-lg-4\"  data-scroll='left'>\n                        <span data-scroll-text>R\u00e9g\u00e9n\u00e9ration<\/span>\n                        <h2 data-scroll-text class=\"m-margin-y\">Cycle int\u00e9gr\u00e9 du <br>gaz SF<sub>6<\/sub> r\u00e9g\u00e9n\u00e9r\u00e9<\/h2>\n                        <p data-scroll-paragraph>Depuis 2014, nous nous occupons de la r\u00e9g\u00e9n\u00e9ration du gaz SF<sub>6<\/sub>, en nous affirmant comme <b>la premi\u00e8re r\u00e9alit\u00e9 en Italie et l\u2019une des premi\u00e8res en Europe<\/b> \u00e0 exercer cette activit\u00e9 cruciale en vue des concepts d\u2019\u00e9conomie verte et d\u2019\u00e9conomie circulaire.<br><br>\r\n\r\nGr\u00e2ce \u00e0 ce <b>processus cryog\u00e9nique particulier \u00e0 tenue mol\u00e9culaire<\/b>, il est possible de recycler l\u2019hexafluorure de soufre en le s\u00e9parant des autres substances chimiques, en minimisant ainsi les \u00e9missions de CO<sub>2<\/sub> \u00e9quivalent et en obtenant simultan\u00e9ment de l\u2019hexafluorure de soufre avec des niveaux de puret\u00e9 \u00e9gaux ou sup\u00e9rieurs \u00e0 la nouvelle.\r\n\r\n<\/p>\n                    <\/div>\n                    <div class=\"col-lg-6 offset-lg-2 col-figure\" data-scroll='right'>\n                        <img decoding=\"async\" src=\"https:\/\/www.synecom.it\/wp-content\/uploads\/2023\/01\/Schema-ciclo-integrato-FRANCESE-1.png\" class=\"img-fluid\" alt=\"\">\n                                                <a href=\"https:\/\/www.synecom.it\/fr\/regeneration\/\" class=\"btn-yellow btn hover-opacity text-uppercase\">\n                            En savoir plus: R\u00c9G\u00c9N\u00c9RATION                            <img decoding=\"async\" src=\"https:\/\/www.synecom.it\/wp-content\/uploads\/2020\/10\/arrow.png\" alt=\"\">\n                        <\/a>\n                                            <\/div>\n                <\/div>\n                            <\/div>\n                    <\/div>\n    <\/div>\n<\/section>\n\n\n\n\n\n\n<p><\/p>\n","protected":false},"excerpt":{"rendered":"","protected":false},"author":1,"featured_media":0,"parent":0,"menu_order":0,"comment_status":"closed","ping_status":"closed","template":"template-synecom.php","meta":{"_acf_changed":false,"footnotes":""},"class_list":["post-4904","page","type-page","status-publish","hentry"],"acf":[],"_links":{"self":[{"href":"https:\/\/www.synecom.it\/fr\/wp-json\/wp\/v2\/pages\/4904","targetHints":{"allow":["GET"]}}],"collection":[{"href":"https:\/\/www.synecom.it\/fr\/wp-json\/wp\/v2\/pages"}],"about":[{"href":"https:\/\/www.synecom.it\/fr\/wp-json\/wp\/v2\/types\/page"}],"author":[{"embeddable":true,"href":"https:\/\/www.synecom.it\/fr\/wp-json\/wp\/v2\/users\/1"}],"replies":[{"embeddable":true,"href":"https:\/\/www.synecom.it\/fr\/wp-json\/wp\/v2\/comments?post=4904"}],"version-history":[{"count":42,"href":"https:\/\/www.synecom.it\/fr\/wp-json\/wp\/v2\/pages\/4904\/revisions"}],"predecessor-version":[{"id":17113,"href":"https:\/\/www.synecom.it\/fr\/wp-json\/wp\/v2\/pages\/4904\/revisions\/17113"}],"wp:attachment":[{"href":"https:\/\/www.synecom.it\/fr\/wp-json\/wp\/v2\/media?parent=4904"}],"curies":[{"name":"wp","href":"https:\/\/api.w.org\/{rel}","templated":true}]}}