{"id":5024,"date":"2020-12-04T11:56:49","date_gmt":"2020-12-04T10:56:49","guid":{"rendered":"https:\/\/www.synecom.it\/rigenerazione\/"},"modified":"2024-03-19T17:30:02","modified_gmt":"2024-03-19T16:30:02","slug":"regeneration","status":"publish","type":"page","link":"https:\/\/www.synecom.it\/fr\/regeneration\/","title":{"rendered":"R\u00e9g\u00e9n\u00e9ration"},"content":{"rendered":"\n<div id=\"hero-block_d65d3a5dfd773920f19d655a02b8ec8d\" class=\"hero\">\n        <header class=\"header-yellow-right\">\n        <div class=\"mask-yellow\" data-scroll-mask=\"right\"><\/div>\n        <div class=\"container-fluid px-0 d-flex align-items-center\">\n            <div class=\"row\">\n                <div class=\"col-lg-6 col-image\">\n                    <img decoding=\"async\" src=\"https:\/\/www.synecom.it\/wp-content\/uploads\/2021\/06\/3.3.1-bombole-synecom_2-1.jpg\" class=\"img-fluid\" alt=\"\" data-scroll=\"left\">\n                <\/div>\n                <div class=\"col-lg-5 d-flex align-items-center py-md-5\">\n                    <div class=\"row py-md-5\">\n                        <div class=\"col-11 offset-1\">\n                                                        <h2 data-scroll-text=\"chars\">R\u00e9g\u00e9n\u00e9ration<\/h2>\n                                                        <h1 data-scroll-text=\"chars\">R\u00e9g\u00e9n\u00e9ration du Gaz SF<sub>6<\/sub><\/h1>\n                                                                                <\/div>\n                    <\/div>\n                <\/div>\n                <a href=\"javascript:void(0);\" data-scroll style=\"color:black\"><span class=\"text-uppercase left\">Scroll<\/span><\/a>\n            <\/div>\n        <\/div>\n    <\/header>\n    <\/div>\n\n\n\n<section class=\"m-padding-y\">\n    <div class=\"container-fluid\">\n        <div class=\"row justify-content-center\">\n            <div class=\"col-lg-10\">\n            <h3 style=\"text-align: center\">LE GAZ SF6 EST UN GAZ DE SYNTH\u00c8SE AYANT UN FORT IMPACT :<br \/>\nPlus nous en r\u00e9g\u00e9n\u00e9rons, moins nous en produisons.<\/h3>\n            <\/div>\n        <\/div>\n    <\/div>\n<\/section>\n\n<section class=\"ricerca-sviluppo m-padding-b\">\n    <div class=\"container-fluid\">\n        <div class=\"row flex-column-reverse flex-lg-row\">\n            <div class=\"col-lg-6 pl-0 d-lg-flex overflow-hidden\">\n                                <img decoding=\"async\" src=\"https:\/\/www.synecom.it\/wp-content\/uploads\/2023\/01\/Rigenerazione-FRA-1.png\" class=\"img-fluid obj-fit\" alt=\"\" data-scroll=\"left\">\n                            <\/div>\n            <div class=\"col-lg-4 offset-lg-1\">\n                <div class=\"custom-pad\">\n                    <span data-scroll-text>R\u00e9utilisation du gaz SF<sub>6<\/sub> <\/span>\n                    <h2 data-scroll-text class=\"m-margin-y\">\u00c9conomie circulaire<\/h2>\n                    <p data-scroll-paragraph>La r\u00e9g\u00e9n\u00e9ration du gaz SF<sub>6<\/sub> est un processus industriel qui peut prolonger la dur\u00e9e de vie du gaz hexafluorure de soufre, contribuant \u00e0 g\u00e9n\u00e9rer une valeur \u00e9conomique et environnementale suppl\u00e9mentaire.<br><br>L\u2019usine de r\u00e9g\u00e9n\u00e9ration Synecom est capable de r\u00e9g\u00e9n\u00e9rer des gaz SF<sub>6<\/sub> d\u00e9compos\u00e9s, fortement d\u00e9compos\u00e9s et fortement contamin\u00e9s par l\u2019air ou l\u2019humidit\u00e9. En effet, \u00e0 travers des syst\u00e8mes filtrants particuliers et des cycles de traitement cryog\u00e9nique, l\u2019installation de r\u00e9g\u00e9n\u00e9ration Synecom permet de purifier le gaz SF<sub>6<\/sub> en le portant \u00e0 des niveaux de puret\u00e9 \u00e9gaux ou sup\u00e9rieurs au nouveau.<\/p>\n                <\/div>\n            <\/div>\n        <\/div>\n    <\/div>\n<\/section>\n\n\n<section class=\"servizi background-white m-padding-y\">\n    <div class=\"container-fluid\">\n        <div class=\"row \">\n                        <div class=\"col-lg-10 offset-lg-1\">\n                                \n                <div class=\"row set-height px-0 align-items-center row-reverse\">\n                    <div class=\"col-lg-4\"  data-scroll='left'>\n                        <span data-scroll-text>Avantages<\/span>\n                        <h2 data-scroll-text class=\"m-margin-y\">La r\u00e9g\u00e9n\u00e9ration et ses advantages<\/h2>\n                        <p data-scroll-paragraph>Les avantages de la r\u00e9g\u00e9n\u00e9ration reposent sur trois aspects fondamentaux: <ol>\r\n  <li><strong>Environnemental:<\/strong> chaque kg du gaz SF<sub>6<\/sub> r\u00e9g\u00e9n\u00e9r\u00e9 \u00e9vite les \u00e9missions de 2,05 tonnes d\u2019\u00e9quivalent CO<sub>2<\/sub> dans l\u2019atmosph\u00e8re.<\/li>\r\n  <li><strong>Social:<\/strong> \u00e9viter la production de gaz neuf et l\u2019\u00e9limination de gaz usag\u00e9, autre source d\u2019\u00e9mission dans l\u2019atmosph\u00e8re au d\u00e9triment des g\u00e9n\u00e9rations futures.<\/li>\r\n  <li><strong>\u00c9conomique:<\/strong> repr\u00e9sente une \u00e9conomie d\u2019environ 50% par rapport au co\u00fbt de production et d\u2019\u00e9limination de la m\u00eame quantit\u00e9 du gaz SF<sub>6<\/sub> <\/li>\r\n<\/ol>\r\n<\/p>\n                    <\/div>\n                    <div class=\"col-lg-6 offset-lg-2 col-figure\" data-scroll='right'>\n                        <img decoding=\"async\" src=\"https:\/\/www.synecom.it\/wp-content\/uploads\/2023\/02\/Schema-rigenerazione-ENG.png\" class=\"img-fluid\" alt=\"\">\n                                            <\/div>\n                <\/div>\n                            <\/div>\n                    <\/div>\n    <\/div>\n<\/section>\n\n<section class=\"ricerca-sviluppo m-padding-b\">\n    <div class=\"container-fluid\">\n        <div class=\"row flex-column-reverse flex-lg-row\">\n            <div class=\"col-lg-6 pl-0 d-lg-flex overflow-hidden\">\n                                <img decoding=\"async\" src=\"https:\/\/www.synecom.it\/wp-content\/uploads\/2021\/06\/businessman5-1.png\" class=\"img-fluid obj-fit\" alt=\"\" data-scroll=\"left\">\n                            <\/div>\n            <div class=\"col-lg-4 offset-lg-1\">\n                <div class=\"custom-pad\">\n                    <span data-scroll-text>R\u00e9sultats<\/span>\n                    <h2 data-scroll-text class=\"m-margin-y\">Notre r\u00e9sultats<\/h2>\n                    <p data-scroll-paragraph>En surveillant les quantit\u00e9s d\u2019hexafluorure de soufre r\u00e9g\u00e9n\u00e9r\u00e9 depuis 2014, nous avons observ\u00e9 que la tendance de la demande de r\u00e9g\u00e9n\u00e9ration du gaz SF<sub>6<\/sub> est \u00e0 la hausse\u00a0: en particulier, de 2014 \u00e0 2020, une croissance de 300% a \u00e9t\u00e9 observ\u00e9e.<br><br>L\u2019un des principaux avantages de la r\u00e9g\u00e9n\u00e9ration de gaz SF<sub>6<\/sub> est d\u2019\u00e9viter \u00e0 la fois la production de nouveau du gaz SF<sub>6<\/sub> et l\u2019\u00e9limination du gaz SF<sub>6<\/sub> usag\u00e9.<br>En raison de ce processus, il a \u00e9t\u00e9 possible d\u2019\u00e9viter de 2014 \u00e0 2020 <b>600000 tonnes \u00e9quivalent CO<sub>2<\/sub><\/b>.<\/p>\n                <\/div>\n            <\/div>\n        <\/div>\n    <\/div>\n<\/section>\n\n\n\n\n\n\n<section class=\"servizi background-white m-padding-y\">\n    <div class=\"container-fluid\">\n        <div class=\"row \">\n                        <div class=\"col-lg-10 offset-lg-1\">\n                                \n                <div class=\"row set-height px-0 align-items-center row-reverse\">\n                    <div class=\"col-lg-4\"  data-scroll='left'>\n                        <span data-scroll-text>Synecom et Terna Rete Italia<br>contre le changement climatique<\/span>\n                        <h2 data-scroll-text class=\"m-margin-y\">Closed Cycle Management of SF<sub>6<\/sub> <\/h2>\n                        <p data-scroll-paragraph>L\u2019hexafluorure de soufre est un gaz isolant utilis\u00e9 dans les \u00e9quipements de service du r\u00e9seau de transmission national.<br><br>Les pertes du gaz SF<sub>6<\/sub> sont la principale source d\u2019\u00e9missions directes de Terna Rete Italia\u00a0: le projet Closed Cycle Management of SF<sub>6<\/sub>, en collaboration avec Synecom, s\u2019inscrit dans le cadre de cet engagement g\u00e9n\u00e9ral de Terna Rete Italia de r\u00e9duire les \u00e9missions du gaz SF<sub>6<\/sub>  dans l\u2019atmosph\u00e8re, en pr\u00e9voyant la r\u00e9utilisation compl\u00e8te du gaz SF<sub>6<\/sub>apr\u00e8s sa r\u00e9g\u00e9n\u00e9ration.<br><br>Cela permet, en m\u00eame temps, de limiter au maximum l\u2019\u00e9limination, la production et la dispersion dans l\u2019environnement du gaz SF<sub>6<\/sub>.<br><br>Plus pr\u00e9cis\u00e9ment, Synecom s\u2019occupe de la r\u00e9ception du gaz SF<sub>6<\/sub> extrait de l\u2019\u00e9quipement et non plus apte \u00e0 la r\u00e9utilisation (pour la pr\u00e9sence d\u2019impuret\u00e9s au-del\u00e0 des limites pr\u00e9vues par la norme CEI EN 60480) pour la r\u00e9g\u00e9n\u00e9ration et la r\u00e9utilisation du m\u00eame gaz dans le m\u00eame \u00e9quipement.<\/p>\n                    <\/div>\n                    <div class=\"col-lg-6 offset-lg-2 col-figure\" data-scroll='right'>\n                        <img decoding=\"async\" src=\"https:\/\/www.synecom.it\/wp-content\/uploads\/2021\/06\/soluzioni-gas-sf6-no-bordo-1.png\" class=\"img-fluid\" alt=\"\">\n                                                <a href=\"https:\/\/www.terna.it\/it\/sostenibilita\/ambiente\/cambiamento-climatico\" target=\"_blank\" class=\"btn-yellow btn hover-opacity text-uppercase\" rel=\"noopener\">\n                            Terna: le projet                            <img decoding=\"async\" src=\"https:\/\/www.synecom.it\/wp-content\/uploads\/2020\/10\/arrow.png\" alt=\"\">\n                        <\/a>\n                                            <\/div>\n                <\/div>\n                            <\/div>\n                    <\/div>\n    <\/div>\n<\/section>","protected":false},"excerpt":{"rendered":"","protected":false},"author":3,"featured_media":0,"parent":0,"menu_order":0,"comment_status":"closed","ping_status":"closed","template":"template-synecom.php","meta":{"_acf_changed":false,"footnotes":""},"class_list":["post-5024","page","type-page","status-publish","hentry"],"acf":[],"_links":{"self":[{"href":"https:\/\/www.synecom.it\/fr\/wp-json\/wp\/v2\/pages\/5024","targetHints":{"allow":["GET"]}}],"collection":[{"href":"https:\/\/www.synecom.it\/fr\/wp-json\/wp\/v2\/pages"}],"about":[{"href":"https:\/\/www.synecom.it\/fr\/wp-json\/wp\/v2\/types\/page"}],"author":[{"embeddable":true,"href":"https:\/\/www.synecom.it\/fr\/wp-json\/wp\/v2\/users\/3"}],"replies":[{"embeddable":true,"href":"https:\/\/www.synecom.it\/fr\/wp-json\/wp\/v2\/comments?post=5024"}],"version-history":[{"count":34,"href":"https:\/\/www.synecom.it\/fr\/wp-json\/wp\/v2\/pages\/5024\/revisions"}],"predecessor-version":[{"id":17118,"href":"https:\/\/www.synecom.it\/fr\/wp-json\/wp\/v2\/pages\/5024\/revisions\/17118"}],"wp:attachment":[{"href":"https:\/\/www.synecom.it\/fr\/wp-json\/wp\/v2\/media?parent=5024"}],"curies":[{"name":"wp","href":"https:\/\/api.w.org\/{rel}","templated":true}]}}