{"id":5096,"date":"2020-11-27T15:56:11","date_gmt":"2020-11-27T14:56:11","guid":{"rendered":"https:\/\/www.synecom.it\/f-green\/"},"modified":"2024-06-18T11:43:29","modified_gmt":"2024-06-18T09:43:29","slug":"f-green","status":"publish","type":"page","link":"https:\/\/www.synecom.it\/fr\/f-green\/","title":{"rendered":"F-Green"},"content":{"rendered":"\n<div id=\"hero-block_a66372e050f100224d003054cc5a134b\" class=\"hero\">\n        <header class=\"header-yellow-right\">\n        <div class=\"mask-yellow\" data-scroll-mask=\"right\"><\/div>\n        <div class=\"container-fluid px-0 d-flex align-items-center\">\n            <div class=\"row\">\n                <div class=\"col-lg-6 col-image\">\n                    <img decoding=\"async\" src=\"https:\/\/www.synecom.it\/wp-content\/uploads\/2020\/11\/f-green-overview.jpg\" class=\"img-fluid\" alt=\"\" data-scroll=\"left\">\n                <\/div>\n                <div class=\"col-lg-5 d-flex align-items-center py-md-5\">\n                    <div class=\"row py-md-5\">\n                        <div class=\"col-11 offset-1\">\n                                                        <h1 data-scroll-text=\"chars\">F-Green<br>Syst\u00e8me de surveillance<\/h1>\n                                                                                <\/div>\n                    <\/div>\n                <\/div>\n                <a href=\"javascript:void(0);\" data-scroll style=\"color:black\"><span class=\"text-uppercase left\">Scroll<\/span><\/a>\n            <\/div>\n        <\/div>\n    <\/header>\n    <\/div>\n\n\n<section class=\"servizi background-white m-padding-y\">\n    <div class=\"container-fluid\">\n        <div class=\"row \">\n                        <div class=\"col-lg-10 offset-lg-1\">\n                                \n                <div class=\"row set-height px-0 align-items-center row-reverse\">\n                    <div class=\"col-lg-4\"  data-scroll='left'>\n                        <span data-scroll-text>Ce qu\u2019il est et ce qu\u2019il fait<\/span>\n                        <h2 data-scroll-text class=\"m-margin-y\">Syst\u00e8me de surveillance<\/h2>\n                        <p data-scroll-paragraph>Le syst\u00e8me de surveillance F-Green, brevet\u00e9 par Synecom, est d\u00e9di\u00e9 au gaz SF<sub>6<\/sub> et aux F-Gas. Assure dans une solution technologique unique des aspects li\u00e9s \u00e0 la protection de l\u2019environnement, \u00e0 la surveillance, \u00e0 la datation d\u2019\u00e9v\u00e9nements, au reporting et \u00e0 la pr\u00e9vention des pannes des installations haute tension (GIS, AIS, t\u00eates de c\u00e2bles HVDC en SF<sub>6<\/sub>) et des acc\u00e9l\u00e9rateurs de particules.<\/p>\n                    <\/div>\n                    <div class=\"col-lg-6 offset-lg-2 col-figure\" data-scroll='right'>\n                        <img decoding=\"async\" src=\"https:\/\/www.synecom.it\/wp-content\/uploads\/2023\/01\/Schema-monitoraggio-parametri-FRANCESE.png\" class=\"img-fluid\" alt=\"\">\n                                                <a href=\"https:\/\/www.synecom.it\/fr\/applicazioni\/systemes-electriques-haute-et-moyenne-tension\/\" class=\"btn-yellow btn hover-opacity text-uppercase\">\n                            En savoir plus: Installations HT-MT                            <img decoding=\"async\" src=\"https:\/\/www.synecom.it\/wp-content\/uploads\/2020\/10\/arrow.png\" alt=\"\">\n                        <\/a>\n                                            <\/div>\n                <\/div>\n                            <\/div>\n                    <\/div>\n    <\/div>\n<\/section>\n\n<section class=\"ricerca\">\n    <div class=\"container-fluid\">\n        <div class=\"row align-items-center \">\n            <div class=\"col-lg-6 pl-0\" data-scroll=\"left\">\n                                <img decoding=\"async\" src=\"https:\/\/www.synecom.it\/wp-content\/uploads\/2021\/02\/vaisala2-e1612433290995.png\" class=\"w-100\" alt=\"\">\n                <div class=\"button-rotated\">\n                                        <a href=\"https:\/\/www.vaisala.com\/it\" target=\"_blank\" class=\"d-flex justify-content-around align-items-center text-uppercase  btn btn-yellow large-btn w-50 hover-opacity\" rel=\"noopener\">Capteurs Vaisala <img decoding=\"async\" src=\"https:\/\/www.synecom.it\/wp-content\/uploads\/2020\/10\/arrow.png\" class=\"btn-arrow \" alt=\"\"><\/a>\n                <\/div>\n            <\/div>\n            <div class=\"col-lg-4 offset-lg-1 pt-5 pt-lg-0\">\n                <span data-scroll-text><br><br>Capteurs<\/span>\n                <h2 data-scroll-text class=\"m-margin-y\">Param\u00e8tres d\u2019\u00e9tat<\/h2>\n                <p data-scroll-paragraph>F-Green est \u00e9quip\u00e9 de capteurs de derni\u00e8re g\u00e9n\u00e9ration capables de surveiller ind\u00e9pendamment les valeurs de Dew Point\/humidit\u00e9 du gaz SF<sub>6<\/sub>, la temp\u00e9rature du compartiment et la pression.<br><br> Gr\u00e2ce \u00e0 des analyses ponctuelles, il est en mesure de pr\u00e9venir les pannes inopin\u00e9es des installations et\/ou la d\u00e9t\u00e9rioration de la qualit\u00e9 de celles-ci, \u00e9vitant ainsi les risques de pannes d\u2019\u00e9lectricit\u00e9 ou de r\u00e9parations et d\u2019entretien excessivement co\u00fbteux.<br>\r\n<br>\r\n<br>\r\n<br><\/p>\n            <\/div>\n        <\/div>\n    <\/div>\n<\/section>\n\n\n<section class=\"servizi background-white m-padding-y\">\n    <div class=\"container-fluid\">\n        <div class=\"row \">\n                        <div class=\"col-lg-10 offset-lg-1\">\n                                \n                <div class=\"row set-height px-0 align-items-center row-reverse\">\n                    <div class=\"col-lg-4\"  data-scroll='left'>\n                        <span data-scroll-text><br><br>Pr\u00e9vision de pertes<\/span>\n                        <h2 data-scroll-text class=\"m-margin-y\">D\u00e9tection des pertes<\/h2>\n                        <p data-scroll-paragraph>Un algorithme retravaille les param\u00e8tres d\u2019\u00e9tat d\u00e9tect\u00e9s par les capteurs et pr\u00e9dit la tendance de perte des installations.<br><br>Il en r\u00e9sulte les avantages suivants:<br>&#8211; pr\u00e9venir les pannes inopin\u00e9es des installations;<br> &#8211; pr\u00e9venir la d\u00e9t\u00e9rioration de la qualit\u00e9 des installations; <br>&#8211; planifier au mieux la dur\u00e9e de vie r\u00e9elle et l\u2019esp\u00e9rance de vie des parties \u00e9tanches \u00e0 la pression afin de r\u00e9duire les fuites de gaz SF<sub>6<\/sub> vers l\u2019atmosph\u00e8re.<\/p>\n                    <\/div>\n                    <div class=\"col-lg-6 offset-lg-2 col-figure\" data-scroll='right'>\n                        <img decoding=\"async\" src=\"https:\/\/www.synecom.it\/wp-content\/uploads\/2021\/06\/f-green-parametri_5-e1611839941866-3.png\" class=\"img-fluid\" alt=\"\">\n                                                <a href=\"https:\/\/www.synecom.it\/fr\/contacts\/\" class=\"btn-yellow btn hover-opacity text-uppercase\">\n                            Demande d&rsquo;information                            <img decoding=\"async\" src=\"https:\/\/www.synecom.it\/wp-content\/uploads\/2020\/10\/arrow.png\" alt=\"\">\n                        <\/a>\n                                            <\/div>\n                <\/div>\n                            <\/div>\n                    <\/div>\n    <\/div>\n<\/section>\n\n<section class=\"ricerca-sviluppo m-padding-b\">\n    <div class=\"container-fluid\">\n        <div class=\"row flex-column-reverse flex-lg-row\">\n            <div class=\"col-lg-6 pl-0 d-lg-flex overflow-hidden\">\n                                <img decoding=\"async\" src=\"https:\/\/www.synecom.it\/wp-content\/uploads\/2024\/06\/5-1.png\" class=\"img-fluid obj-fit\" alt=\"\" data-scroll=\"left\">\n                            <\/div>\n            <div class=\"col-lg-4 offset-lg-1\">\n                <div class=\"custom-pad\">\n                    <span data-scroll-text>Software<\/span>\n                    <h2 data-scroll-text class=\"m-margin-y\">Connexion \u00e0 distance<\/h2>\n                    <p data-scroll-paragraph>F-Green est con\u00e7u pour \u00eatre g\u00e9r\u00e9 \u00e0 distance en fonction des besoins du client et peut \u00eatre \u00e9tendu aux plateformes smartphone et tablette.<br><br>Pour les utilisateurs et les installations non interconnect\u00e9s vers l\u2019ext\u00e9rieur, une fiche de donn\u00e9es GSM est mise \u00e0 disposition.<br><br>Pour les utilisateurs qui ont besoin de transmettre des donn\u00e9es \u00e0 partir de plusieurs installations o\u00f9 des syst\u00e8mes F-Green sont install\u00e9s, la surveillance et l\u2019interaction pour chaque installation et la g\u00e9n\u00e9ration de rapports cumulatifs \u00e0 sommation de l\u2019\u00e9tat des installations sont possibles. <\/p>\n                <\/div>\n            <\/div>\n        <\/div>\n    <\/div>\n<\/section>","protected":false},"excerpt":{"rendered":"","protected":false},"author":3,"featured_media":0,"parent":0,"menu_order":0,"comment_status":"closed","ping_status":"closed","template":"template-synecom.php","meta":{"_acf_changed":false,"footnotes":""},"class_list":["post-5096","page","type-page","status-publish","hentry"],"acf":[],"_links":{"self":[{"href":"https:\/\/www.synecom.it\/fr\/wp-json\/wp\/v2\/pages\/5096","targetHints":{"allow":["GET"]}}],"collection":[{"href":"https:\/\/www.synecom.it\/fr\/wp-json\/wp\/v2\/pages"}],"about":[{"href":"https:\/\/www.synecom.it\/fr\/wp-json\/wp\/v2\/types\/page"}],"author":[{"embeddable":true,"href":"https:\/\/www.synecom.it\/fr\/wp-json\/wp\/v2\/users\/3"}],"replies":[{"embeddable":true,"href":"https:\/\/www.synecom.it\/fr\/wp-json\/wp\/v2\/comments?post=5096"}],"version-history":[{"count":28,"href":"https:\/\/www.synecom.it\/fr\/wp-json\/wp\/v2\/pages\/5096\/revisions"}],"predecessor-version":[{"id":20172,"href":"https:\/\/www.synecom.it\/fr\/wp-json\/wp\/v2\/pages\/5096\/revisions\/20172"}],"wp:attachment":[{"href":"https:\/\/www.synecom.it\/fr\/wp-json\/wp\/v2\/media?parent=5096"}],"curies":[{"name":"wp","href":"https:\/\/api.w.org\/{rel}","templated":true}]}}