{"id":5179,"date":"2020-11-23T12:22:28","date_gmt":"2020-11-23T11:22:28","guid":{"rendered":"https:\/\/www.synecom.it\/gas-sf6\/"},"modified":"2024-04-18T09:16:19","modified_gmt":"2024-04-18T07:16:19","slug":"gas-sf6","status":"publish","type":"page","link":"https:\/\/www.synecom.it\/fr\/gas-sf6\/","title":{"rendered":"Gaz SF<sub>6<\/sub>"},"content":{"rendered":"\n<div id=\"hero-block_fc6c5b912af712314e56e3cd2095cffb\" class=\"hero\">\n        <header class=\"header-yellow-right\">\n        <div class=\"mask-yellow\" data-scroll-mask=\"right\"><\/div>\n        <div class=\"container-fluid px-0 d-flex align-items-center\">\n            <div class=\"row\">\n                <div class=\"col-lg-6 col-image\">\n                    <img decoding=\"async\" src=\"https:\/\/www.synecom.it\/wp-content\/uploads\/2021\/06\/molecola-sf6_5-1.png\" class=\"img-fluid\" alt=\"\" data-scroll=\"left\">\n                <\/div>\n                <div class=\"col-lg-5 d-flex align-items-center py-md-5\">\n                    <div class=\"row py-md-5\">\n                        <div class=\"col-11 offset-1\">\n                                                        <h1 data-scroll-text=\"chars\">Gaz SF<sub>6<\/sub><br>Hexafluorure de soufre<\/h1>\n                                                        <p data-scroll-paragraph=\"chars\" class=\"mt-5\">L\u2019hexafluorure de soufre est un gaz de synth\u00e8se form\u00e9 par 6 atomes de fluor recueillis autour d\u2019un atome de soufre en position centrale: cette structure rend le gaz SF<sub>6<\/sub> tr\u00e8s stable du point de vue chimique et thermique. En raison de ses propri\u00e9t\u00e9s chimiques et physiques, l\u2019hexafluorure de soufre est un excellent gaz isolant inerte et non toxique, dont la rigidit\u00e9 di\u00e9lectrique est environ 2,5 fois sup\u00e9rieure \u00e0 celle de l\u2019air. Son utilisation principale est l\u2019isolation et l\u2019arr\u00eat d\u2019arc dans les appareils de manoeuvre haute tension \u00e9lectrique.<br><br>Le gaz SF<sub>6<\/sub> \u00e9tant l\u2019un des principaux gaz \u00e0 effet de serre, c\u2019est-\u00e0-dire un gaz \u00e0 haut potentiel de r\u00e9chauffement plan\u00e9taire, il fait l\u2019objet d\u2019une surveillance\u00a0: le gouvernement italien, par l\u2019interm\u00e9diaire du DPR 146,  a introduit la base de donn\u00e9es gaz fluor\u00e9s, dont le but est de surveiller efficacement les \u00e9missions de gaz \u00e0 effet de serre fluor\u00e9s afin de v\u00e9rifier les progr\u00e8s r\u00e9alis\u00e9s dans la r\u00e9alisation des objectifs de r\u00e9duction des \u00e9missions.<\/p>\n                                                                                <\/div>\n                    <\/div>\n                <\/div>\n                <a href=\"javascript:void(0);\" data-scroll style=\"color:black\"><span class=\"text-uppercase left\">Scroll<\/span><\/a>\n            <\/div>\n        <\/div>\n    <\/header>\n    <\/div>\n\n\n<section class=\"servizi background-white m-padding-y\">\n    <div class=\"container-fluid\">\n        <div class=\"row \">\n                        <div class=\"col-lg-10 offset-lg-1\">\n                                \n                <div class=\"row set-height px-0 align-items-center row-reverse\">\n                    <div class=\"col-lg-4\"  data-scroll='left'>\n                        <span data-scroll-text><\/span>\n                        <h2 data-scroll-text class=\"m-margin-y\">Fourniture de gaz SF<sub>6<\/sub><\/h2>\n                        <p data-scroll-paragraph>Synecom peut fournir du gaz SF<sub>6<\/sub> nouveau\/r\u00e9g\u00e9n\u00e9r\u00e9 en qualit\u00e9 technique selon IEC 60376 avec des degr\u00e9s de puret\u00e9 allant de <b>99,97% (gaz SF6 3.7N) <\/b> jusqu&rsquo;au <b>99,995% (gaz SF6 4.5N)<\/b>.<br>Le gaz SF<sub>6<\/sub> fourni par Synecom r\u00e9pond largement aux exigences minimales de puret\u00e9 requises par la norme CEI 60376 <b>98,5%<\/b><\/p>\n                    <\/div>\n                    <div class=\"col-lg-6 offset-lg-2 col-figure\" data-scroll='right'>\n                        <img decoding=\"async\" src=\"https:\/\/www.synecom.it\/wp-content\/uploads\/2021\/06\/bombole-SF6-1-1.jpeg\" class=\"img-fluid\" alt=\"\">\n                                                <a href=\"https:\/\/www.synecom.it\/fr\/contacts\/\" class=\"btn-yellow btn hover-opacity text-uppercase\">\n                            Demande d&rsquo;informations                            <img decoding=\"async\" src=\"https:\/\/www.synecom.it\/wp-content\/uploads\/2020\/10\/arrow.png\" alt=\"\">\n                        <\/a>\n                                            <\/div>\n                <\/div>\n                            <\/div>\n                    <\/div>\n    <\/div>\n<\/section>\n\n\n<section class=\"m-padding-b formazione\">\n    <div class=\"container-fluid pr-lg-0\">\n        <div class=\"row align-items-center\">\n            <div class=\"col-lg-6 px-0 position-relative d-lg-flex overflow-hidden\" data-scroll=\"left\">\n                                <img decoding=\"async\" src=\"https:\/\/www.synecom.it\/wp-content\/uploads\/2021\/06\/foto-bombole_2-scaled-1.jpg\" class=\"img-custom\" alt=\"\">\n                <div class=\"button-rotated\">\n                                        <a href=\"https:\/\/www.synecom.it\/fr\/categorie_de_produit\/bouteilles-sf6\/\" class=\"d-flex justify-content-around align-items-center text-uppercase  btn btn-yellow large-btn w-50 hover-opacity\">Produits: bouteilles SF6 \n                        <svg class=\"arrow-btn\" version=\"1.1\" id=\"Livello_1\" xmlns=\"http:\/\/www.w3.org\/2000\/svg\" xmlns:xlink=\"http:\/\/www.w3.org\/1999\/xlink\" x=\"0px\" y=\"0px\"\n                            viewBox=\"0 0 42 26\" style=\"enable-background:new 0 0 42 26;\" xml:space=\"preserve\">\n                            <path d=\"M29.2,0.1l-1.4,1.4l10.1,9.7H0v2h38.1L27.6,24.5l1.6,1.4L42,12.3L29.2,0.1z\"\/>\n                        <\/svg>\n                    <\/a>\n                <\/div>\n            <\/div>\n            <div class=\"col-lg-6 m-padding-x formazione-content d-flex flex-wrap align-items-center\">\n                <div class=\"w-100\" data-scroll=\"right\">\n                    <span data-scroll-text><\/span>\n                    <h2 class=\"my-5\" data-scroll-text>Bouteilles<\/h2>\n                    <p data-scroll-paragraph>Synecom offre les services suivants pour les bouteilles de gaz SF<sub>6:<\/sub> <br><br>\r\n<ul>\r\n  <li>Fourniture de bouteilles du gaz SF<sub>6<\/sub> euf\/remis \u00e0 neuf avec certificat de conformit\u00e9<\/li>\r\n  <li>Fourniture de bouteilles pouvant contenir du gaz SF<sub>6<\/sub> utilis\u00e9 avec certificat de conformit\u00e9 correspondant<\/li>\r\n  <li>Assainissement des r\u00e9sidus de gaz SF<sub>6<\/sub> contenus dans les bouteilles. Apr\u00e8s cette op\u00e9ration, trois solutions possibles sont envisag\u00e9es:<\/li>\r\n<ol>\r\n  <li>Retour de la bouteille \u00e0 pression atmosph\u00e9rique de SF<sub>6<\/sub>.<\/li>\r\n  <li> Retour de la bouteille vide \u00e0 p&lt;20 mbar assoluti.<\/li>\r\n  <li>Restitution de la bouteille remplie de gaz hexafluorure de soufre neuf\/r\u00e9g\u00e9n\u00e9r\u00e9.<\/li>\r\n<\/ol>\r\n  <li>Certification des bouteilles: ce service est offert gr\u00e2ce \u00e0 la collaboration avec des partenaires sp\u00e9cialis\u00e9s<\/li>\r\n  <li>Mise au rebut des bouteilles<\/li>\r\n<\/ul>\r\n<\/p>\n                <\/div>\n            <\/div>\n        <\/div>\n        <!-- <div class=\"row my-5\">\n            <div class=\"col d-flex justify-content-end m-padding-x \">\n                <div class=\"button rounded\">\n                    <a href=\"tel:\" class=\"btn btn-yellow\">\n                        <img decoding=\"async\" src=\"https:\/\/www.synecom.it\/wp-content\/uploads\/2020\/10\/phone.png\" alt=\"\">\n                                            <\/a>\n                <\/div>\n            <\/div>\n        <\/div> -->\n    <\/div>\n<\/section>\n\n\n<section class=\"servizi background-white m-padding-y\">\n    <div class=\"container-fluid\">\n        <div class=\"row \">\n                        <div class=\"col-lg-10 offset-lg-1\">\n                                \n                <div class=\"row set-height px-0 align-items-center row-reverse\">\n                    <div class=\"col-lg-4\"  data-scroll='left'>\n                        <span data-scroll-text>Cours<\/span>\n                        <h2 data-scroll-text class=\"m-margin-y\">Formation<\/h2>\n                        <p data-scroll-paragraph>\u00ab\u00a0Aux fins de l\u2019exploitation de l\u2019installation, de l\u2019entretien, de l\u2019entretien ou de la r\u00e9paration des \u00e9quipements contenant des gaz \u00e0 effet de serre fluor\u00e9s ou dont l\u2019exploitation d\u00e9pend de ces gaz pour lesquels un certificat ou une attestation est requis, les gaz \u00e0 effet de serre fluor\u00e9s sont exclusivement vendus \u00e0 et achet\u00e9s par des entreprises titulaires des certificats ou attestations pertinents ou par des entreprises employant des personnes titulaires d\u2019un certificat ou d\u2019une attestation de formation.\u00a0\u00bb<br> <b>[R\u00e8glement EU 2024\/573]<\/b><br><br>\r\n\r\n\u00c0 cet \u00e9gard, Synecom propose des formations sp\u00e9cifiques.\r\n<\/p>\n                    <\/div>\n                    <div class=\"col-lg-6 offset-lg-2 col-figure\" data-scroll='right'>\n                        <img decoding=\"async\" src=\"https:\/\/www.synecom.it\/wp-content\/uploads\/2021\/06\/ricerca-1.jpg\" class=\"img-fluid\" alt=\"\">\n                                                <a href=\"https:\/\/www.synecom.it\/fr\/training-courses\/\" class=\"btn-yellow btn hover-opacity text-uppercase\">\n                            En savoir plus: FORMATIONS                            <img decoding=\"async\" src=\"https:\/\/www.synecom.it\/wp-content\/uploads\/2020\/10\/arrow.png\" alt=\"\">\n                        <\/a>\n                                            <\/div>\n                <\/div>\n                            <\/div>\n                    <\/div>\n    <\/div>\n<\/section>\n\n\n<p><\/p>\n","protected":false},"excerpt":{"rendered":"","protected":false},"author":3,"featured_media":0,"parent":0,"menu_order":0,"comment_status":"closed","ping_status":"closed","template":"template-synecom.php","meta":{"_acf_changed":false,"footnotes":""},"class_list":["post-5179","page","type-page","status-publish","hentry"],"acf":[],"_links":{"self":[{"href":"https:\/\/www.synecom.it\/fr\/wp-json\/wp\/v2\/pages\/5179","targetHints":{"allow":["GET"]}}],"collection":[{"href":"https:\/\/www.synecom.it\/fr\/wp-json\/wp\/v2\/pages"}],"about":[{"href":"https:\/\/www.synecom.it\/fr\/wp-json\/wp\/v2\/types\/page"}],"author":[{"embeddable":true,"href":"https:\/\/www.synecom.it\/fr\/wp-json\/wp\/v2\/users\/3"}],"replies":[{"embeddable":true,"href":"https:\/\/www.synecom.it\/fr\/wp-json\/wp\/v2\/comments?post=5179"}],"version-history":[{"count":34,"href":"https:\/\/www.synecom.it\/fr\/wp-json\/wp\/v2\/pages\/5179\/revisions"}],"predecessor-version":[{"id":17923,"href":"https:\/\/www.synecom.it\/fr\/wp-json\/wp\/v2\/pages\/5179\/revisions\/17923"}],"wp:attachment":[{"href":"https:\/\/www.synecom.it\/fr\/wp-json\/wp\/v2\/media?parent=5179"}],"curies":[{"name":"wp","href":"https:\/\/api.w.org\/{rel}","templated":true}]}}