{"id":5949,"date":"2020-10-14T21:17:02","date_gmt":"2020-10-14T19:17:02","guid":{"rendered":"https:\/\/www.synecom.it\/azienda\/"},"modified":"2025-10-30T09:51:25","modified_gmt":"2025-10-30T08:51:25","slug":"entreprise","status":"publish","type":"page","link":"https:\/\/www.synecom.it\/fr\/entreprise\/","title":{"rendered":"Entreprise"},"content":{"rendered":"\n<div id=\"hero-block_a027db8db318643af7785bd4afc87fdf\" class=\"hero\">\n        <header class=\"header-yellow-right\">\n        <div class=\"mask-yellow\" data-scroll-mask=\"right\"><\/div>\n        <div class=\"container-fluid px-0 d-flex align-items-center\">\n            <div class=\"row\">\n                <div class=\"col-lg-6 col-image\">\n                    <img decoding=\"async\" src=\"https:\/\/www.synecom.it\/wp-content\/uploads\/2021\/06\/azienda-first-1.jpg\" class=\"img-fluid\" alt=\"\" data-scroll=\"left\">\n                <\/div>\n                <div class=\"col-lg-5 d-flex align-items-center py-md-5\">\n                    <div class=\"row py-md-5\">\n                        <div class=\"col-11 offset-1\">\n                                                        <h2 data-scroll-text=\"chars\">Entreprise<\/h2>\n                                                        <h1 data-scroll-text=\"chars\">Premier dans le cycle int\u00e9gr\u00e9 du gaz SF<sub>6<\/sub> r\u00e9g\u00e9n\u00e9r\u00e9<\/h1>\n                                                                                <\/div>\n                    <\/div>\n                <\/div>\n                <a href=\"javascript:void(0);\" data-scroll style=\"color:black\"><span class=\"text-uppercase left\">Scroll<\/span><\/a>\n            <\/div>\n        <\/div>\n    <\/header>\n    <\/div>\n\n<section class=\"ricerca\">\n    <div class=\"container-fluid\">\n        <div class=\"row m-padding-b row-reverse\">\n            <div class=\"col-lg-4 offset-lg-1 col-text\">\n                <span data-scroll-text>Qui nous sommes<\/span>\n                <h2 data-scroll-text class=\"m-margin-y\">Nos chiffres<\/h2>\n                <p data-scroll-paragraph>\u2022\tCapacit\u00e9 r\u00e9g\u00e9n\u00e9rative de l\u2019installation <b>450 tons\/year<\/b><br><br>\r\n\u2022\tN\u00e9\u00e8 en <b>2005<\/b> la m\u00eame ann\u00e9e que l\u2019introduction du Protocole de Kyoto et un an avant les R\u00e8glements Europ\u00e9ens pour la gestion du gaz SF<sub>6<\/sub><br><br>\r\n\u2022\tR\u00e9duction des \u00e9missions nocives: <b>218,9 CO2 k.tons\/year<\/b> \u00e9quivalent \u00e0 3115 Millions de kilom\u00e8tres parcourus en voiture (ref: 1kg SF<sub>6<\/sub>lib\u00e9r\u00e9 dans l\u2019atmosph\u00e8re \u00e9quivaut \u00e0 120000 km parcourus en voiture<br><br>\r\n\u2022\t<b>30+ certifications d\u2019entreprise<\/b><br>\r\nISO 14001 d\u00e9di\u00e9 \u00e0 la R\u00e9g\u00e9n\u00e9ration<br>\r\nLa seule entreprise dot\u00e9e du Reach Certification valable dans toute l\u2019Europe pour la R\u00e9g\u00e9n\u00e9ration du SF<sub>6<\/sub><br>\r\n11 et plus certifications d\u2019entreprise + 17 et plusieurs certifications de personnel <br><br>\r\n\r\n\u2022\tDepuis <b>2014<\/b> avec notre installation du R\u00e9g\u00e9n\u00e9ration <br><br>\r\n\u2022\tLe premier formateur certifi\u00e9 en Italie sur le gaz SF<sub>6<\/sub> depuis <b>2012<\/b> <br>\r\n<\/p>\n            <\/div>\n                        <div class=\"col-lg-6 offset-lg-1 pr-0 col-figure\">\n                <img decoding=\"async\" src=\"https:\/\/www.synecom.it\/wp-content\/uploads\/2022\/08\/businesspeople-meeting-plan-analysis-graph-company-finance-strat.jpg\" class=\"img-fluid\" alt=\"\" data-scroll=\"right\">\n            <\/div>\n                    <\/div>\n    <\/div>\n<\/section>\n\n\n<section class=\"m-padding-b formazione\">\n    <div class=\"container-fluid pr-lg-0\">\n        <div class=\"row align-items-center\">\n            <div class=\"col-lg-6 px-0 position-relative d-lg-flex overflow-hidden\" data-scroll=\"left\">\n                                <img decoding=\"async\" src=\"https:\/\/www.synecom.it\/wp-content\/uploads\/2021\/06\/grafico-success-4.jpeg\" class=\"img-custom\" alt=\"\">\n                <div class=\"button-rotated\">\n                                        <a href=\"https:\/\/www.igi.cnr.it\/innovation\/collaborazioni-industriali\/\" target=\"_blank\" class=\"d-flex justify-content-around align-items-center text-uppercase  btn btn-yellow large-btn w-50 hover-opacity\" rel=\"noopener\">Consorzio RFX \n                        <svg class=\"arrow-btn\" version=\"1.1\" id=\"Livello_1\" xmlns=\"http:\/\/www.w3.org\/2000\/svg\" xmlns:xlink=\"http:\/\/www.w3.org\/1999\/xlink\" x=\"0px\" y=\"0px\"\n                            viewBox=\"0 0 42 26\" style=\"enable-background:new 0 0 42 26;\" xml:space=\"preserve\">\n                            <path d=\"M29.2,0.1l-1.4,1.4l10.1,9.7H0v2h38.1L27.6,24.5l1.6,1.4L42,12.3L29.2,0.1z\"\/>\n                        <\/svg>\n                    <\/a>\n                <\/div>\n            <\/div>\n            <div class=\"col-lg-6 m-padding-x formazione-content d-flex flex-wrap align-items-center\">\n                <div class=\"w-100\" data-scroll=\"right\">\n                    <span data-scroll-text>Recherche &amp; d\u00e9veloppement<\/span>\n                    <h2 class=\"my-5\" data-scroll-text>Nous investissons pour changer le monde<\/h2>\n                    <p data-scroll-paragraph>Les investissements costants dans la recherche et l\u2019innovation sont les moteurs fondamentaux de notre croissance, permettant le d\u00e9veloppement de nouvelles technologies et le perfectionnement des technologies existantes pour la gestion et la manipulation du gaz SF<sub>6<\/sub>.<br><br>\r\n\r\nDans le cadre du projet mondial ITER d\u00e9di\u00e9 \u00e0 la recherche sur la fusion nucl\u00e9aire \u00e0 usage civil, nous sommes titulaires de contrats \u00e0 travers le Consortium RFX, JAEA-QST et F4E pour l\u2019installation et les tests en Power Supply en NBTF (Neutral Beam Test Facility), pour le d\u00e9veloppement, l\u2019installation et les essais du syst\u00e8me de distribution de gaz SF<sub>6<\/sub> de MITICA, pour la co-production, l\u2019installation et le test de l\u2019installation de tuyauterie de distribution de fluides cryog\u00e9niques, \u00e0 la fois sous vide et traditionnelle. <br><br>\r\n\r\nSynecom soutient la recherche universitaire, en tant que point de d\u00e9part pour le d\u00e9veloppement de technologies innovantes. Pour cette raison, il sponsorise un doctorat \u00e0 l\u2019Universit\u00e9 de Padova intitul\u00e9 \u00ab\u00a0Development of gas insulated high voltage components for Neutral Beam Injectors (NBI)\u00a0\u00bb en collaboration avec Ghent University.\r\n<\/p>\n                <\/div>\n            <\/div>\n        <\/div>\n        <!-- <div class=\"row my-5\">\n            <div class=\"col d-flex justify-content-end m-padding-x \">\n                <div class=\"button rounded\">\n                    <a href=\"tel:\" class=\"btn btn-yellow\">\n                        <img decoding=\"async\" src=\"https:\/\/www.synecom.it\/wp-content\/uploads\/2020\/10\/phone.png\" alt=\"\">\n                                            <\/a>\n                <\/div>\n            <\/div>\n        <\/div> -->\n    <\/div>\n<\/section>\n\n<section class=\"ricerca\">\n    <div class=\"container-fluid\">\n        <div class=\"row m-padding-b row-reverse\">\n            <div class=\"col-lg-4 offset-lg-1 col-text\">\n                <span data-scroll-text>Notre focus<\/span>\n                <h2 data-scroll-text class=\"m-margin-y\">Qualit\u00e9 et satisfaction du client<\/h2>\n                <p data-scroll-paragraph>Synecom est un partner strat\u00e9gique pour le secteur de l\u2019\u00e9nergie dans lequel elle concentre ses ressources dans le d\u00e9veloppement de produits, syst\u00e8mes et services qui sont tr\u00e8s technologiques. <br><br>\r\n\r\nL\u2019objectif est de cr\u00e9er des syst\u00e8mes personnalis\u00e9s travaillant avec le gaz Hexafluorure de soufre sur des installations AT\/MT AIS et GIS et des acc\u00e9l\u00e9rateurs de particules d\u00e9di\u00e9s \u00e0 la recherche sur la fusion nucl\u00e9aire \u00e0 des fins \u00e9nerg\u00e9tiques.<br><br>\r\n\r\nEntre nos clients il y a de grandes utilities comme TERNA, des entreprises internationales comme SIEMENS, ABB, ENEL, SCHNEIDER ELETRIC, HITACHI, et Instituts qui sont tr\u00e8s c\u00e9l\u00e8bres dans le monde entier, comme INFN, CERN, CNR\/RFX, JAEA, ITER, F4E et KEMA-CESI. <br><br>\r\n\r\nForte d\u2019une pluriannuel exp\u00e9rience, Synecom cr\u00e9e des solutions sur mesure en ayant les exigences du client au centre du projet et en faisant une attention particuli\u00e8re aux aspects qui caract\u00e9risent l\u2019impact environnemental, l\u00e9gislatif, r\u00e9glementaire et de faisabilit\u00e9, en utilisant des moyens et des \u00e9quipements \u00e0 l\u2019avant-garde et gr\u00e2ce \u00e0 une \u00e9quipe de professionnels sp\u00e9cialement form\u00e9s.<br><br>\r\n\r\nSynecom, avec des plans de formation et de d\u00e9veloppement internes, investit des ressources pour \u00e9lever le niveau qualitatif de ses services et solutions technologiques.\r\n<\/p>\n            <\/div>\n                        <div class=\"col-lg-6 offset-lg-1 pr-0 col-figure\">\n                <img decoding=\"async\" src=\"https:\/\/www.synecom.it\/wp-content\/uploads\/2021\/06\/triangle-3125882_1920-min-min-1.jpeg\" class=\"img-fluid\" alt=\"\" data-scroll=\"right\">\n            <\/div>\n                    <\/div>\n    <\/div>\n<\/section>\n\n<section class=\"ricerca-sviluppo m-padding-b\">\n    <div class=\"container-fluid\">\n        <div class=\"row flex-column-reverse flex-lg-row\">\n            <div class=\"col-lg-6 pl-0 d-lg-flex overflow-hidden\">\n                                <img decoding=\"async\" src=\"https:\/\/www.synecom.it\/wp-content\/uploads\/2020\/11\/safety-1.jpg\" class=\"img-fluid obj-fit\" alt=\"\" data-scroll=\"left\">\n                            <\/div>\n            <div class=\"col-lg-4 offset-lg-1\">\n                <div class=\"custom-pad\">\n                    <span data-scroll-text>Synecom pour la s\u00e9curit\u00e9<\/span>\n                    <h2 data-scroll-text class=\"m-margin-y\">Notre devise: \u00ab\u00a0Safety First\u00a0\u00bb<\/h2>\n                    <p data-scroll-paragraph>Synecom a toujours veill\u00e9 au respect des normes de s\u00e9curit\u00e9 les plus strictes. L\u2019obtention r\u00e9cente de la certification ISO 45001\/2018 a consolid\u00e9 un parcours entrepris depuis la naissance de l\u2019entreprise.<br><br>\r\n\r\nNos standards de s\u00e9curit\u00e9, toujours garantis en usine et aussi sur les sites op\u00e9rationnels, se d\u00e9clinent dans la mise \u00e0 jour continue du personnel, dans le haut niveau de soin et d\u2019\u00e9tude pr\u00e9dictive des activit\u00e9s, dans la maintenance pr\u00e9ventive des \u00e9quipements, dans la surveillance des lieux de travail et dans le travail constant de sensibilisation sur les crit\u00e8res li\u00e9s \u00e0 la s\u00e9curit\u00e9 et \u00e0 l\u2019environnement destin\u00e9s au personnel et aux fournisseurs.\r\n<\/p>\n                <\/div>\n            <\/div>\n        <\/div>\n    <\/div>\n<\/section>\n\n<section class=\"ricerca\">\n    <div class=\"container-fluid\">\n        <div class=\"row m-padding-b row-reverse\">\n            <div class=\"col-lg-4 offset-lg-1 col-text\">\n                <span data-scroll-text>Certifications<\/span>\n                <h2 data-scroll-text class=\"m-margin-y\">Nous op\u00e9rons conform\u00e9ment \u00e0 la r\u00e9glementation<\/h2>\n                <p data-scroll-paragraph>La Certification et la Qualification de ses comp\u00e9tences est proportionn\u00e9e \u00e0 un indice du d\u00e9sir de croissance et de d\u00e9veloppement de l\u2019entreprise.<br>\r\nAfin de grandir avec des formats organisationnels qui nous permettent d\u2019offrir le meilleur, nous avons travaill\u00e9 au fil des ans pour obtenir les statuts suivants:<br><br>\r\n<ul>\r\n<li>Qualit\u00e9: <b>ISO 9001\/2015<\/b> (Syst\u00e8me de gestion de la qualit\u00e9)<br>\r\n<li>Environnement: <b>ISO 14001\/2015<\/b> (Syst\u00e8me de management environnemental)<br>\r\n<li>S\u00e9curit\u00e9: <b>ISO 45001\/2018<\/b> (Syst\u00e8me de gestion de la sant\u00e9 et de la s\u00e9curit\u00e9 au travail)<\/li>\r\n<li>SOA (cat. OG 10, cl. IV)<\/li>\r\n<li><b>REACH<\/b><\/li><br>\r\n<\/ul>\r\nDOC 1-PQAS Politique Qualit\u00e9 Environnement S\u00e9curit\u00e9 &#8212;- Download\r\n<\/p>\n            <\/div>\n                        <div class=\"col-lg-6 offset-lg-1 pr-0 col-figure\">\n                <img decoding=\"async\" src=\"https:\/\/www.synecom.it\/wp-content\/uploads\/2021\/06\/normative2.png\" class=\"img-fluid\" alt=\"\" data-scroll=\"right\">\n            <\/div>\n                    <\/div>\n    <\/div>\n<\/section>\n\n\n<div class=\"wp-block-file aligncenter\"><a id=\"wp-block-file--media-57140b95-69c9-4f60-bd3f-b4ce18acd803\" href=\"https:\/\/www.synecom.it\/wp-content\/uploads\/2025\/02\/DOC-1-PQAS-Politica-Qualita-Ambiente-Sicurezza-rev.5-del-12-02-2025-2.pdf\">DOC 1-PQAS Politica Qualit\u00e0 Ambiente Sicurezza rev.5 del 12-02-2025<\/a><a href=\"https:\/\/www.synecom.it\/wp-content\/uploads\/2025\/02\/DOC-1-PQAS-Politica-Qualita-Ambiente-Sicurezza-rev.5-del-12-02-2025-2.pdf\" class=\"wp-block-file__button wp-element-button\" aria-describedby=\"wp-block-file--media-57140b95-69c9-4f60-bd3f-b4ce18acd803\" download>Download<\/a><\/div>\n\n\n<section class=\"m-padding-b certificazioni\" data-count-slides=\"5\">\n    <div class=\"row justify-content-center\">\n        <div class=\"col-lg-10\">\n            <div class=\"row\">\n                                <div class=\"col-12 mb-5\">\n                    <h2 class=\"text-center text-capitalize\" data-scroll-text>Certificazioni<\/h2>\n                <\/div>\n                                                <div class=\"certificazioni-slider w-100\">\n                                        <div class=\"col-lg-3\">\n                        <img decoding=\"async\" src=\"https:\/\/www.synecom.it\/wp-content\/uploads\/2021\/02\/9001.png\" alt=\"\" class=\"img-fluid\" data-scroll=\"bottom\">\n                    <\/div>\n                                        <div class=\"col-lg-3\">\n                        <img decoding=\"async\" src=\"https:\/\/www.synecom.it\/wp-content\/uploads\/2021\/02\/14001.png\" alt=\"\" class=\"img-fluid\" data-scroll=\"bottom\">\n                    <\/div>\n                                        <div class=\"col-lg-3\">\n                        <img decoding=\"async\" src=\"https:\/\/www.synecom.it\/wp-content\/uploads\/2021\/02\/45001.png\" alt=\"\" class=\"img-fluid\" data-scroll=\"bottom\">\n                    <\/div>\n                                        <div class=\"col-lg-3\">\n                        <img decoding=\"async\" src=\"https:\/\/www.synecom.it\/wp-content\/uploads\/2021\/02\/soa-group.png\" alt=\"\" class=\"img-fluid\" data-scroll=\"bottom\">\n                    <\/div>\n                                        <div class=\"col-lg-3\">\n                        <img decoding=\"async\" src=\"https:\/\/www.synecom.it\/wp-content\/uploads\/2021\/02\/reach-it.png\" alt=\"\" class=\"img-fluid\" data-scroll=\"bottom\">\n                    <\/div>\n                                    <\/div>\n                            <\/div>\n            <div class=\"certificazioni-nav row justify-content-center mt-5\">\n                <div class=\"arrow-prev prev-certificazioni pr-3 slick-arrow\">\n                    <svg width=\"24\" height=\"24\" class=\"arrow-btn\" version=\"1.1\" id=\"Livello_1\" xmlns=\"http:\/\/www.w3.org\/2000\/svg\" xmlns:xlink=\"http:\/\/www.w3.org\/1999\/xlink\" x=\"0px\" y=\"0px\"\n                        viewBox=\"0 0 42 26\" style=\"enable-background:new 0 0 42 26;\" xml:space=\"preserve\">\n                        <path d=\"M12.8,25.9l1.4-1.4L4.1,14.8H42v-2H3.9L14.4,1.5l-1.6-1.4L0,13.7L12.8,25.9z\"\/>\n                    <\/svg>\n                <\/div>\n                <div class=\"arrow-next next-certificazioni slick-arrow\">\n                    <svg width=\"24\" height=\"24\" class=\"arrow-btn\" version=\"1.1\" id=\"Livello_1\" xmlns=\"http:\/\/www.w3.org\/2000\/svg\" xmlns:xlink=\"http:\/\/www.w3.org\/1999\/xlink\" x=\"0px\" y=\"0px\"\n                        viewBox=\"0 0 42 26\" style=\"enable-background:new 0 0 42 26;\" xml:space=\"preserve\">\n                        <path d=\"M29.2,0.1l-1.4,1.4l10.1,9.7H0v2h38.1L27.6,24.5l1.6,1.4L42,12.3L29.2,0.1z\"\/>\n                    <\/svg>\n                <\/div>\n            <\/div>\n        <\/div>\n    <\/div>\n<\/section>","protected":false},"excerpt":{"rendered":"","protected":false},"author":1,"featured_media":0,"parent":0,"menu_order":0,"comment_status":"closed","ping_status":"closed","template":"template-synecom.php","meta":{"_acf_changed":false,"footnotes":""},"class_list":["post-5949","page","type-page","status-publish","hentry"],"acf":[],"_links":{"self":[{"href":"https:\/\/www.synecom.it\/fr\/wp-json\/wp\/v2\/pages\/5949","targetHints":{"allow":["GET"]}}],"collection":[{"href":"https:\/\/www.synecom.it\/fr\/wp-json\/wp\/v2\/pages"}],"about":[{"href":"https:\/\/www.synecom.it\/fr\/wp-json\/wp\/v2\/types\/page"}],"author":[{"embeddable":true,"href":"https:\/\/www.synecom.it\/fr\/wp-json\/wp\/v2\/users\/1"}],"replies":[{"embeddable":true,"href":"https:\/\/www.synecom.it\/fr\/wp-json\/wp\/v2\/comments?post=5949"}],"version-history":[{"count":10,"href":"https:\/\/www.synecom.it\/fr\/wp-json\/wp\/v2\/pages\/5949\/revisions"}],"predecessor-version":[{"id":24362,"href":"https:\/\/www.synecom.it\/fr\/wp-json\/wp\/v2\/pages\/5949\/revisions\/24362"}],"wp:attachment":[{"href":"https:\/\/www.synecom.it\/fr\/wp-json\/wp\/v2\/media?parent=5949"}],"curies":[{"name":"wp","href":"https:\/\/api.w.org\/{rel}","templated":true}]}}